{"id":1468,"date":"2025-10-22T19:06:16","date_gmt":"2025-10-22T16:06:16","guid":{"rendered":"https:\/\/pipraveski.ee\/?post_type=product&#038;p=1468"},"modified":"2026-04-17T11:32:42","modified_gmt":"2026-04-17T08:32:42","slug":"chipotle-morita-tsillikaunad-40g","status":"publish","type":"product","link":"https:\/\/pipraveski.ee\/en\/product\/chipotle-morita-tsillikaunad-40g\/","title":{"rendered":"Chipotle Morita chilli flakes, 40g"},"content":{"rendered":"<p>Terved kuivatatud Chipotle Morita t\u0161illid on Jalape\u00f1o paprikad, millel lastakse taimel p\u00fcsida, kuni need muutuvad s\u00fcgavpunaseks ja hakkavad kuivama. Neid s\u00fcgavpunaseid jalapenosid suitsutatakse traditsioonilisel viisil pekanipuidu kohal, kuni need on t\u00e4ielikult kuivanud ja neile tekib t\u00fc\u00fcpiline kordumatu maitse. 500-grammise Chipotle morita valmistamiseks kulub umbes 5 kg Jalapenosid.<\/p>\n<p>Tervel kuivatatud Chipotle Morital on jalapenode mahe kuni keskmine kuumus (5000\u201310 000 SHU) ning see on Mehhiko, Hispaania ja L\u00f5una-Ameerika k\u00f6\u00f6gi p\u00f5hikoostisosa. Nende maitset saab k\u00f5ige paremini kirjeldada kui suitsust ja tubakalist, p\u00e4hklite, sidruni ja praetud peekoni nootidega. Maitse sobib ideaalselt grillkastmete, rammusate hautiste ja grill-lihaga.<\/p>\n<p>Enamik t\u0161illis\u00f5pru Euroopas pole Chipotle Morita originaali kunagi maitsnud, sest turul m\u00fc\u00fcakse lugematul hulgal odavaid imitatsioone.<\/p>\n<p>Pakume ainult parimat turul saadaolevat kvaliteeti. Meie chipotle tooted ei sisalda antrahinooni ega PAH-i (pol\u00fcts\u00fckliline aromaatne s\u00fcsivesinik). Labori sertifikaadid on saadaval.<\/p>\n<p><strong>Usage: <\/strong>loputage kuivatatud Chipotle t\u0161illid esmalt sooja veega, leotage 10 minutit kuumas vees. reh\u00fcdreerida v\u00f5i lisada otse retseptile, mis k\u00fcpseb v\u00e4hemalt 10 minutit.<\/p>\n<p>\n<strong>Storage:&nbsp;<\/strong>hoida jahedas, kuivas ja pimedas kohas.<br \/>\n&nbsp;<\/p>","protected":false},"excerpt":{"rendered":"<p>Terved kuivatatud Chipotle Morita t\u0161illid on Jalape\u00f1o paprikad, millel lastakse taimel p\u00fcsida, kuni need muutuvad s\u00fcgavpunaseks ja hakkavad kuivama. Neid s\u00fcgavpunaseid jalapenosid suitsutatakse traditsioonilisel viisil pekanipuidu kohal, kuni need on t\u00e4ielikult kuivanud ja neile tekib t\u00fc\u00fcpiline kordumatu maitse. 500-grammise Chipotle morita valmistamiseks kulub umbes 5 kg Jalapenosid. Tervel kuivatatud Chipotle Morital on jalapenode mahe kuni [&hellip;]<\/p>\n","protected":false},"featured_media":1498,"template":"","meta":[],"product_brand":[],"product_cat":[338],"product_tag":[],"class_list":{"0":"post-1468","1":"product","2":"type-product","3":"status-publish","4":"has-post-thumbnail","6":"product_cat-puhtad-maitsed","8":"first","9":"outofstock","10":"taxable","11":"shipping-taxable","12":"purchasable","13":"product-type-simple"},"_links":{"self":[{"href":"https:\/\/pipraveski.ee\/en\/wp-json\/wp\/v2\/product\/1468","targetHints":{"allow":["GET"]}}],"collection":[{"href":"https:\/\/pipraveski.ee\/en\/wp-json\/wp\/v2\/product"}],"about":[{"href":"https:\/\/pipraveski.ee\/en\/wp-json\/wp\/v2\/types\/product"}],"wp:featuredmedia":[{"embeddable":true,"href":"https:\/\/pipraveski.ee\/en\/wp-json\/wp\/v2\/media\/1498"}],"wp:attachment":[{"href":"https:\/\/pipraveski.ee\/en\/wp-json\/wp\/v2\/media?parent=1468"}],"wp:term":[{"taxonomy":"product_brand","embeddable":true,"href":"https:\/\/pipraveski.ee\/en\/wp-json\/wp\/v2\/product_brand?post=1468"},{"taxonomy":"product_cat","embeddable":true,"href":"https:\/\/pipraveski.ee\/en\/wp-json\/wp\/v2\/product_cat?post=1468"},{"taxonomy":"product_tag","embeddable":true,"href":"https:\/\/pipraveski.ee\/en\/wp-json\/wp\/v2\/product_tag?post=1468"}],"curies":[{"name":"wp","href":"https:\/\/api.w.org\/{rel}","templated":true}]}}