{"id":1467,"date":"2025-10-22T19:06:16","date_gmt":"2025-10-22T16:06:16","guid":{"rendered":"https:\/\/pipraveski.ee\/?post_type=product&#038;p=1467"},"modified":"2026-04-17T11:32:06","modified_gmt":"2026-04-17T08:32:06","slug":"sibulasegu-rub-lihale-60g","status":"publish","type":"product","link":"https:\/\/pipraveski.ee\/en\/product\/sibulasegu-rub-lihale-60g\/","title":{"rendered":"Onion mixture RUB for meat, 60g"},"content":{"rendered":"<p>V\u00fcrtsisegu lihale ja kalale.&nbsp; Koostisosad: v\u00fcrtsid (sibul, k\u00fc\u00fcslauk, t\u00fc\u00fcmian, murulauk, porrulauk, petersell, paprika, t\u0161illi, basiilik), sool (30,1%), suhkur, naturaalsed l\u00f5hna- ja maitseained.<\/p>","protected":false},"excerpt":{"rendered":"<p>V\u00fcrtsisegu lihale ja kalale.&nbsp; Koostisosad: v\u00fcrtsid (sibul, k\u00fc\u00fcslauk, t\u00fc\u00fcmian, murulauk, porrulauk, petersell, paprika, t\u0161illi, basiilik), sool (30,1%), suhkur, naturaalsed l\u00f5hna- ja maitseained.<\/p>","protected":false},"featured_media":1497,"template":"","meta":[],"product_brand":[],"product_cat":[307],"product_tag":[],"class_list":{"0":"post-1467","1":"product","2":"type-product","3":"status-publish","4":"has-post-thumbnail","6":"product_cat-maitseainesegud","8":"first","9":"instock","10":"sale","11":"taxable","12":"shipping-taxable","13":"purchasable","14":"product-type-simple"},"_links":{"self":[{"href":"https:\/\/pipraveski.ee\/en\/wp-json\/wp\/v2\/product\/1467","targetHints":{"allow":["GET"]}}],"collection":[{"href":"https:\/\/pipraveski.ee\/en\/wp-json\/wp\/v2\/product"}],"about":[{"href":"https:\/\/pipraveski.ee\/en\/wp-json\/wp\/v2\/types\/product"}],"wp:featuredmedia":[{"embeddable":true,"href":"https:\/\/pipraveski.ee\/en\/wp-json\/wp\/v2\/media\/1497"}],"wp:attachment":[{"href":"https:\/\/pipraveski.ee\/en\/wp-json\/wp\/v2\/media?parent=1467"}],"wp:term":[{"taxonomy":"product_brand","embeddable":true,"href":"https:\/\/pipraveski.ee\/en\/wp-json\/wp\/v2\/product_brand?post=1467"},{"taxonomy":"product_cat","embeddable":true,"href":"https:\/\/pipraveski.ee\/en\/wp-json\/wp\/v2\/product_cat?post=1467"},{"taxonomy":"product_tag","embeddable":true,"href":"https:\/\/pipraveski.ee\/en\/wp-json\/wp\/v2\/product_tag?post=1467"}],"curies":[{"name":"wp","href":"https:\/\/api.w.org\/{rel}","templated":true}]}}