{"id":1465,"date":"2025-10-22T19:06:16","date_gmt":"2025-10-22T16:06:16","guid":{"rendered":"https:\/\/pipraveski.ee\/?post_type=product&#038;p=1465"},"modified":"2026-04-17T11:32:49","modified_gmt":"2026-04-17T08:32:49","slug":"murulauk-kulmkuivatatud-40g","status":"publish","type":"product","link":"https:\/\/pipraveski.ee\/en\/product\/murulauk-kulmkuivatatud-40g\/","title":{"rendered":"Chives, freeze-dried, HELA, 40g"},"content":{"rendered":"<p>Stronger flavour than regular dried herbs.<br \/>\nFreeze-dried herbs can be added dry to dishes. Do not add during heating!<br \/>\nFor best results, moisten the herbs with water before adding them to food.<\/p>\n<p>4g toodet vastab 60g v\u00e4rskele murulaugule.<br \/>\n40g toodet vastab 600g v\u00e4rskele murulaugule.<\/p>\n<p>Kasutamine: kala, kartuli, suppide, munaroogade, v\u00f5ileivam\u00e4\u00e4rete jpm maitsestamiseks.<\/p>","protected":false},"excerpt":{"rendered":"<p>K\u00fclmkuivatatud hakitud murulauk.<\/p>","protected":false},"featured_media":1495,"template":"","meta":[],"product_brand":[244],"product_cat":[305],"product_tag":[],"class_list":{"0":"post-1465","1":"product","2":"type-product","3":"status-publish","4":"has-post-thumbnail","6":"product_brand-hela","7":"product_cat-urdid-kulmkuivatatud-urdid","9":"first","10":"outofstock","11":"taxable","12":"shipping-taxable","13":"purchasable","14":"product-type-simple"},"_links":{"self":[{"href":"https:\/\/pipraveski.ee\/en\/wp-json\/wp\/v2\/product\/1465","targetHints":{"allow":["GET"]}}],"collection":[{"href":"https:\/\/pipraveski.ee\/en\/wp-json\/wp\/v2\/product"}],"about":[{"href":"https:\/\/pipraveski.ee\/en\/wp-json\/wp\/v2\/types\/product"}],"wp:featuredmedia":[{"embeddable":true,"href":"https:\/\/pipraveski.ee\/en\/wp-json\/wp\/v2\/media\/1495"}],"wp:attachment":[{"href":"https:\/\/pipraveski.ee\/en\/wp-json\/wp\/v2\/media?parent=1465"}],"wp:term":[{"taxonomy":"product_brand","embeddable":true,"href":"https:\/\/pipraveski.ee\/en\/wp-json\/wp\/v2\/product_brand?post=1465"},{"taxonomy":"product_cat","embeddable":true,"href":"https:\/\/pipraveski.ee\/en\/wp-json\/wp\/v2\/product_cat?post=1465"},{"taxonomy":"product_tag","embeddable":true,"href":"https:\/\/pipraveski.ee\/en\/wp-json\/wp\/v2\/product_tag?post=1465"}],"curies":[{"name":"wp","href":"https:\/\/api.w.org\/{rel}","templated":true}]}}