{"id":1460,"date":"2025-10-22T19:06:16","date_gmt":"2025-10-22T16:06:16","guid":{"rendered":"https:\/\/pipraveski.ee\/?post_type=product&#038;p=1460"},"modified":"2026-04-17T11:33:06","modified_gmt":"2026-04-17T08:33:06","slug":"karri-ketsup-395g","status":"publish","type":"product","link":"https:\/\/pipraveski.ee\/en\/product\/karri-ketsup-395g\/","title":{"rendered":"Karri ketchup, 395g"},"content":{"rendered":"<p>Meie karriket\u0161upi erip\u00e4raks on aromaatne-v\u00e4rske l\u00f5hn ja maitse. Puuviljaseid p\u00e4ikesek\u00fcpseid tomateid ja v\u00e4rsket tulist Habanero t\u0161illit t\u00e4iendab peen karri noot.<br \/>\n<strong>Tulemus:<\/strong> v\u00e4rske, maitsev ja mitte liiga magus. Maitseb t\u00e4pselt nagu enda tehtud.<br \/>\nSobib suurep\u00e4raselt kr\u00f5bedate friikartulite ja igasuguste liharoogade k\u00f5rvale, hamburgeri, lihapallide, kana ja isegi riisi- ja pastaroogade jaoks.<\/p>\n<p>\n<strong>Ingredients: <\/strong>Vesi, tomatipasta, habanero t\u0161illi, suhkur, gl\u00fckoos, maisit\u00e4rklis (paksendaja), sool, k\u00fc\u00fcslauk (naatriumisoaskorbaat), \u00e4\u00e4dikhape, sidrunhape (happesuse regulaatorid), karri (SELLER, SINEP, mononaatriumglutamaat), v\u00fcrtsid, sibul, askorbiinhape (antioks\u00fcdant).<br \/>\n<strong>Allergens: <\/strong>sinep, seller.<\/p>\n<p><strong>Nutrition information per 100g:<\/strong><br \/>\nEnergiasisaldus 466,8kJ \/ 111kcal<br \/>\nS\u00fcsivesikud 28,83g<br \/>\nmillest suhkrud 26,94g<br \/>\nRasvad 0,36g<br \/>\nof which saturated fatty acids 0,05g<br \/>\nValgud 1,45g<br \/>\nSool 0,84g<\/p>\n<p>Country of origin: Germany<\/p>\n<p><strong>Storage: <\/strong>p\u00e4rast avamist v\u00f5ib toodet s\u00e4ilitada v\u00e4hemalt 3 kuud, kui seda hoitakse temperatuuril alla 8\u00b0C.<\/p>","protected":false},"excerpt":{"rendered":"<p>Puuviljaselt v\u00e4rskete tomatite ja v\u00e4rske t\u0161illi aromaatne maitse.<\/p>","protected":false},"featured_media":1490,"template":"","meta":[],"product_brand":[238],"product_cat":[317],"product_tag":[],"class_list":{"0":"post-1460","1":"product","2":"type-product","3":"status-publish","4":"has-post-thumbnail","6":"product_brand-chili-food","7":"product_cat-kastmed-sinepid-tsatnid","9":"first","10":"instock","11":"taxable","12":"shipping-taxable","13":"purchasable","14":"product-type-simple"},"_links":{"self":[{"href":"https:\/\/pipraveski.ee\/en\/wp-json\/wp\/v2\/product\/1460","targetHints":{"allow":["GET"]}}],"collection":[{"href":"https:\/\/pipraveski.ee\/en\/wp-json\/wp\/v2\/product"}],"about":[{"href":"https:\/\/pipraveski.ee\/en\/wp-json\/wp\/v2\/types\/product"}],"wp:featuredmedia":[{"embeddable":true,"href":"https:\/\/pipraveski.ee\/en\/wp-json\/wp\/v2\/media\/1490"}],"wp:attachment":[{"href":"https:\/\/pipraveski.ee\/en\/wp-json\/wp\/v2\/media?parent=1460"}],"wp:term":[{"taxonomy":"product_brand","embeddable":true,"href":"https:\/\/pipraveski.ee\/en\/wp-json\/wp\/v2\/product_brand?post=1460"},{"taxonomy":"product_cat","embeddable":true,"href":"https:\/\/pipraveski.ee\/en\/wp-json\/wp\/v2\/product_cat?post=1460"},{"taxonomy":"product_tag","embeddable":true,"href":"https:\/\/pipraveski.ee\/en\/wp-json\/wp\/v2\/product_tag?post=1460"}],"curies":[{"name":"wp","href":"https:\/\/api.w.org\/{rel}","templated":true}]}}