{"id":1453,"date":"2025-10-22T19:06:16","date_gmt":"2025-10-22T16:06:16","guid":{"rendered":"https:\/\/pipraveski.ee\/?post_type=product&#038;p=1453"},"modified":"2026-04-17T11:33:23","modified_gmt":"2026-04-17T08:33:23","slug":"ajowan-seemned-trs-100g","status":"publish","type":"product","link":"https:\/\/pipraveski.ee\/en\/product\/ajowan-seemned-trs-100g\/","title":{"rendered":"Ajowan seeds, TRS, 100g"},"content":{"rendered":"<p>Ajowan ehk karusk\u00f6\u00f6men on Indiast p\u00e4rit v\u00fcrts, kuulub peterselliliste ja v\u00fcrtsk\u00f6\u00f6mnete sugulaskonda.<\/p>\n<p>Ajowan on m\u00f5rkja ja pisut terava, t\u00fc\u00fcmianit meenutava maitsega.<\/p>\n<p>Ajowan seemneid kasutatakse karride, l\u00e4\u00e4tsetoitude, k\u00fcpsetiste, naanleibade, kalatoidude, marinaadide ja suupistete maitsestamiseks.<br \/>\nPeale paki avamist soovitame s\u00e4ilitada \u00f5hukindlas konteineris, et s\u00e4iliksid seemnete v\u00e4rskus ning maitseomadused.<\/p>\n<p>Usage:<br \/>\nEnne tarvitamist kuivr\u00f6stitakse v\u00f5i praetakse ghees, et maitseomadused paremini avalduksid.<\/p>\n<p>Nutrition information per 100g:<br \/>\nEnergiasisaldus 1494kj\/ 357kcal<br \/>\nRasvad 25g<br \/>\nmillest k\u00fcllastunud rasvhapped 4g<br \/>\nS\u00fcsivesikud 43g<br \/>\nof which sugars 0g<br \/>\nValgud 16g<br \/>\nSalt 0g<\/p>\n<p>&nbsp;<\/p>","protected":false},"excerpt":{"rendered":"<p>Ajowan ehk karusk\u00f6\u00f6mned &#8211; t\u00fc\u00fcmianit meenutava maitsega seemned l\u00e4\u00e4tseroogadele, kalatoitudele, suupistetele jms.<\/p>","protected":false},"featured_media":1483,"template":"","meta":[],"product_brand":[257],"product_cat":[338],"product_tag":[],"class_list":{"0":"post-1453","1":"product","2":"type-product","3":"status-publish","4":"has-post-thumbnail","6":"product_brand-trs","7":"product_cat-puhtad-maitsed","9":"first","10":"instock","11":"taxable","12":"shipping-taxable","13":"purchasable","14":"product-type-simple"},"_links":{"self":[{"href":"https:\/\/pipraveski.ee\/en\/wp-json\/wp\/v2\/product\/1453","targetHints":{"allow":["GET"]}}],"collection":[{"href":"https:\/\/pipraveski.ee\/en\/wp-json\/wp\/v2\/product"}],"about":[{"href":"https:\/\/pipraveski.ee\/en\/wp-json\/wp\/v2\/types\/product"}],"wp:featuredmedia":[{"embeddable":true,"href":"https:\/\/pipraveski.ee\/en\/wp-json\/wp\/v2\/media\/1483"}],"wp:attachment":[{"href":"https:\/\/pipraveski.ee\/en\/wp-json\/wp\/v2\/media?parent=1453"}],"wp:term":[{"taxonomy":"product_brand","embeddable":true,"href":"https:\/\/pipraveski.ee\/en\/wp-json\/wp\/v2\/product_brand?post=1453"},{"taxonomy":"product_cat","embeddable":true,"href":"https:\/\/pipraveski.ee\/en\/wp-json\/wp\/v2\/product_cat?post=1453"},{"taxonomy":"product_tag","embeddable":true,"href":"https:\/\/pipraveski.ee\/en\/wp-json\/wp\/v2\/product_tag?post=1453"}],"curies":[{"name":"wp","href":"https:\/\/api.w.org\/{rel}","templated":true}]}}