{"id":1452,"date":"2025-10-22T19:06:16","date_gmt":"2025-10-22T16:06:16","guid":{"rendered":"https:\/\/pipraveski.ee\/?post_type=product&#038;p=1452"},"modified":"2026-04-17T11:32:08","modified_gmt":"2026-04-17T08:32:08","slug":"ingverikommid-mango-maitseline-56g","status":"publish","type":"product","link":"https:\/\/pipraveski.ee\/en\/product\/ingverikommid-mango-maitseline-56g\/","title":{"rendered":"Ginger snaps, mango flavoured, 56g"},"content":{"rendered":"<p>Ingredients: cane sugar, ginger 7%, tapioca starch, mango flavour 1%, mango extract 0.01%.<br \/>\nProduced in a factory that processes peanuts and sesame seeds.<\/p>\n<p>Nutrition information per 100g:<br \/>\nEnergy content 1628kJ \/ 389 kcal<br \/>\nFats 1,4g<br \/>\nof which saturated fatty acids 0,8g<br \/>\nCarbohydrates 94g<br \/>\nof which sugars 78g<br \/>\nProtein 0g<br \/>\nSalt 0g<\/p>","protected":false},"excerpt":{"rendered":"<p>Koostisosad: roosuhkur, ingver 7%, tapioki t\u00e4rklis, mango maitse 1%, mango ekstrakt 0.01%. Toodetud tehases, kus t\u00f6\u00f6deldakse maap\u00e4hkleid ja seesamiseemneid. Toitumisalane teave 100g kohta: Energiasisaldus 1628kJ \/ 389 kcal Rasvad 1,4g millest k\u00fcllastunud rasvhappeid 0,8g S\u00fcsivesikuid 94g millest suhkruid 78g Valgud 0g Sool 0g<\/p>","protected":false},"featured_media":1482,"template":"","meta":[],"product_brand":[],"product_cat":[324],"product_tag":[],"class_list":{"0":"post-1452","1":"product","2":"type-product","3":"status-publish","4":"has-post-thumbnail","6":"product_cat-maiustused-snakid","8":"first","9":"instock","10":"taxable","11":"shipping-taxable","12":"purchasable","13":"product-type-simple"},"_links":{"self":[{"href":"https:\/\/pipraveski.ee\/en\/wp-json\/wp\/v2\/product\/1452","targetHints":{"allow":["GET"]}}],"collection":[{"href":"https:\/\/pipraveski.ee\/en\/wp-json\/wp\/v2\/product"}],"about":[{"href":"https:\/\/pipraveski.ee\/en\/wp-json\/wp\/v2\/types\/product"}],"wp:featuredmedia":[{"embeddable":true,"href":"https:\/\/pipraveski.ee\/en\/wp-json\/wp\/v2\/media\/1482"}],"wp:attachment":[{"href":"https:\/\/pipraveski.ee\/en\/wp-json\/wp\/v2\/media?parent=1452"}],"wp:term":[{"taxonomy":"product_brand","embeddable":true,"href":"https:\/\/pipraveski.ee\/en\/wp-json\/wp\/v2\/product_brand?post=1452"},{"taxonomy":"product_cat","embeddable":true,"href":"https:\/\/pipraveski.ee\/en\/wp-json\/wp\/v2\/product_cat?post=1452"},{"taxonomy":"product_tag","embeddable":true,"href":"https:\/\/pipraveski.ee\/en\/wp-json\/wp\/v2\/product_tag?post=1452"}],"curies":[{"name":"wp","href":"https:\/\/api.w.org\/{rel}","templated":true}]}}