{"id":1451,"date":"2025-10-22T19:06:16","date_gmt":"2025-10-22T16:06:16","guid":{"rendered":"https:\/\/pipraveski.ee\/?post_type=product&#038;p=1451"},"modified":"2026-04-17T11:33:06","modified_gmt":"2026-04-17T08:33:06","slug":"kalakaste-thai-dancer-300ml","status":"publish","type":"product","link":"https:\/\/pipraveski.ee\/en\/product\/kalakaste-thai-dancer-300ml\/","title":{"rendered":"Fish sauce, Thai Dancer, 300ml"},"content":{"rendered":"<p>Ei sisalda s\u00e4ilitusaineid, kunstlikke v\u00e4rvaineid, maitsetugevdajaid ega gluteeni.<br \/>\nKoostisosad: AN\u017dOOVISE ekstrakt (KALA) 70%, sool, suhkur<\/p>\n<p>Nutrition information per 100g:<br \/>\nEnergiasisaldus 186,6 kJ \/ 44,6 kcal<br \/>\nFats 0,0g<br \/>\nof which saturated fatty acids 0g<br \/>\nS\u00fcsivesikud 8,3 g<br \/>\nof which sugars 0 g<br \/>\nValgud 1,0 g<br \/>\nSalt 1,8 g<\/p>\n<p>Country of origin: Thailand<\/p>","protected":false},"excerpt":{"rendered":"<p>Thai Dancer&#8217;si idamaine kalakaste sobib ideaalselt liha marineerimiseks, kala k\u00f5rvale v\u00f5i vokiroogade maitse t\u00e4iustamiseks ning lisab sinu toitudele erilise h\u00f5ngu.<\/p>","protected":false},"featured_media":1481,"template":"","meta":[],"product_brand":[],"product_cat":[317],"product_tag":[],"class_list":{"0":"post-1451","1":"product","2":"type-product","3":"status-publish","4":"has-post-thumbnail","6":"product_cat-kastmed-sinepid-tsatnid","8":"first","9":"outofstock","10":"taxable","11":"shipping-taxable","12":"purchasable","13":"product-type-simple"},"_links":{"self":[{"href":"https:\/\/pipraveski.ee\/en\/wp-json\/wp\/v2\/product\/1451","targetHints":{"allow":["GET"]}}],"collection":[{"href":"https:\/\/pipraveski.ee\/en\/wp-json\/wp\/v2\/product"}],"about":[{"href":"https:\/\/pipraveski.ee\/en\/wp-json\/wp\/v2\/types\/product"}],"wp:featuredmedia":[{"embeddable":true,"href":"https:\/\/pipraveski.ee\/en\/wp-json\/wp\/v2\/media\/1481"}],"wp:attachment":[{"href":"https:\/\/pipraveski.ee\/en\/wp-json\/wp\/v2\/media?parent=1451"}],"wp:term":[{"taxonomy":"product_brand","embeddable":true,"href":"https:\/\/pipraveski.ee\/en\/wp-json\/wp\/v2\/product_brand?post=1451"},{"taxonomy":"product_cat","embeddable":true,"href":"https:\/\/pipraveski.ee\/en\/wp-json\/wp\/v2\/product_cat?post=1451"},{"taxonomy":"product_tag","embeddable":true,"href":"https:\/\/pipraveski.ee\/en\/wp-json\/wp\/v2\/product_tag?post=1451"}],"curies":[{"name":"wp","href":"https:\/\/api.w.org\/{rel}","templated":true}]}}