{"id":1449,"date":"2025-10-22T19:06:16","date_gmt":"2025-10-22T16:06:16","guid":{"rendered":"https:\/\/pipraveski.ee\/?post_type=product&#038;p=1449"},"modified":"2026-04-17T11:31:49","modified_gmt":"2026-04-17T08:31:49","slug":"granaatouna-kaste-ceren-340g","status":"publish","type":"product","link":"https:\/\/pipraveski.ee\/en\/product\/granaatouna-kaste-ceren-340g\/","title":{"rendered":"Pomegranate sauce (molasses), Ceren, 340g"},"content":{"rendered":"<p><span style=\", sans-serif;font-size: 12px\"><span style=\"font-size:14px\">Pomegranate sauce or narsarab (or pomegranate molasses).<\/span><\/span><br \/>\nThe dressing perfectly complements different types of fresh salads. Goes well with beef and lamb dishes. Can be used to prepare various marinades.<\/p>\n<p><strong>Ingredients:<\/strong> pomegranate concentrate 60%, glucose-fructose syrup, acidity regulator E330, preservatives E202, E211, colour E163.<\/p>\n<p>Average nutritional value per 100g:<br \/>\nEnergy value. 255kJ (54kcal),<br \/>\nfats 0g,<br \/>\ncarbohydrates 13g,<br \/>\nof which sugars 13g,<br \/>\nproteins 0g,<br \/>\nsalt 0,02g.<\/p>\n<p>Store in the fridge after opening<\/p>\n<p><span style=\"font-size: 13px\">Country of origin: Turkey<\/span><\/p>\n<p style=\"margin: 0px 0px 20px;, sans-serif;font-size: 14px\">&nbsp;<\/p>\n<p style=\"margin: 0px 0px 20px;, sans-serif;font-size: 14px\">&nbsp;<\/p>","protected":false},"excerpt":{"rendered":"<p>Granaat\u00f5una kaste ehk nar\u0161arab (v\u00f5i ka granaat\u00f5una melass). Kaste t\u00e4iendab suurep\u00e4raselt erinevat t\u00fc\u00fcpi v\u00e4rskeid salateid. Sobib h\u00e4sti veise- ja lambaliharoogadega. V\u00f5ib kasutada erinevate marinaadide valmistamiseks. Koostisosad: granaat\u00f5una kontsentraat 60%, gl\u00fckoosi-fruktoosi siirup, happesuse regulaator E330, s\u00e4ilitusaine E202, E211, v\u00e4rvaine E163. Keskmine toitev\u00e4\u00e4rtus 100g kohta: Energeetiline v\u00e4\u00e4rtus. 255kJ (54kcal), rasvad 0g, s\u00fcsivesikuid 13g, millest suhkruid 13g, valgud [&hellip;]<\/p>\n","protected":false},"featured_media":1479,"template":"","meta":[],"product_brand":[],"product_cat":[317],"product_tag":[],"class_list":{"0":"post-1449","1":"product","2":"type-product","3":"status-publish","4":"has-post-thumbnail","6":"product_cat-kastmed-sinepid-tsatnid","8":"first","9":"outofstock","10":"taxable","11":"shipping-taxable","12":"purchasable","13":"product-type-simple"},"_links":{"self":[{"href":"https:\/\/pipraveski.ee\/en\/wp-json\/wp\/v2\/product\/1449","targetHints":{"allow":["GET"]}}],"collection":[{"href":"https:\/\/pipraveski.ee\/en\/wp-json\/wp\/v2\/product"}],"about":[{"href":"https:\/\/pipraveski.ee\/en\/wp-json\/wp\/v2\/types\/product"}],"wp:featuredmedia":[{"embeddable":true,"href":"https:\/\/pipraveski.ee\/en\/wp-json\/wp\/v2\/media\/1479"}],"wp:attachment":[{"href":"https:\/\/pipraveski.ee\/en\/wp-json\/wp\/v2\/media?parent=1449"}],"wp:term":[{"taxonomy":"product_brand","embeddable":true,"href":"https:\/\/pipraveski.ee\/en\/wp-json\/wp\/v2\/product_brand?post=1449"},{"taxonomy":"product_cat","embeddable":true,"href":"https:\/\/pipraveski.ee\/en\/wp-json\/wp\/v2\/product_cat?post=1449"},{"taxonomy":"product_tag","embeddable":true,"href":"https:\/\/pipraveski.ee\/en\/wp-json\/wp\/v2\/product_tag?post=1449"}],"curies":[{"name":"wp","href":"https:\/\/api.w.org\/{rel}","templated":true}]}}