{"id":142,"date":"2025-10-22T19:01:02","date_gmt":"2025-10-22T16:01:02","guid":{"rendered":"https:\/\/pipraveski.ee\/?post_type=product&#038;p=142"},"modified":"2026-04-17T11:31:49","modified_gmt":"2026-04-17T08:31:49","slug":"vetikas-kombu-150g","status":"publish","type":"product","link":"https:\/\/pipraveski.ee\/en\/product\/vetikas-kombu-150g\/","title":{"rendered":"Vetikas, kombu, 150g"},"content":{"rendered":"<p>Kombu vetikas (e. jaapani merekapsas) on soolakas-magus merevetikas mida&nbsp; kasutatakse suppides, puljongi keetmisel, lisatakse salatitesse.&nbsp;<br \/>\nKombu vetikat kasutatakse ka&nbsp; jaapani kalapuljongi dashi maitsestamisel. Kombu sobib eriti h\u00e4sti k\u00f6\u00f6giviljadega &#8211; n\u00e4iteks kaalikas, porgand.<br \/>\nLisades kombu vetikat n\u00e4iteks ubade, k\u00f5vemate k\u00f6\u00f6giviljade v\u00f5i l\u00e4\u00e4tsedega \u00fchte potti, kiirendab see nende pehmenemist.<\/p>","protected":false},"excerpt":{"rendered":"<p>Kombu vetikat kasutatakse suppides, puljongi keetmisel, lisatakse salatitesse.<\/p>","protected":false},"featured_media":175,"template":"","meta":[],"product_brand":[],"product_cat":[321],"product_tag":[],"class_list":{"0":"post-142","1":"product","2":"type-product","3":"status-publish","4":"has-post-thumbnail","6":"product_cat-seemned-marjad-seened-jmt","8":"first","9":"instock","10":"taxable","11":"shipping-taxable","12":"purchasable","13":"product-type-simple"},"_links":{"self":[{"href":"https:\/\/pipraveski.ee\/en\/wp-json\/wp\/v2\/product\/142","targetHints":{"allow":["GET"]}}],"collection":[{"href":"https:\/\/pipraveski.ee\/en\/wp-json\/wp\/v2\/product"}],"about":[{"href":"https:\/\/pipraveski.ee\/en\/wp-json\/wp\/v2\/types\/product"}],"wp:featuredmedia":[{"embeddable":true,"href":"https:\/\/pipraveski.ee\/en\/wp-json\/wp\/v2\/media\/175"}],"wp:attachment":[{"href":"https:\/\/pipraveski.ee\/en\/wp-json\/wp\/v2\/media?parent=142"}],"wp:term":[{"taxonomy":"product_brand","embeddable":true,"href":"https:\/\/pipraveski.ee\/en\/wp-json\/wp\/v2\/product_brand?post=142"},{"taxonomy":"product_cat","embeddable":true,"href":"https:\/\/pipraveski.ee\/en\/wp-json\/wp\/v2\/product_cat?post=142"},{"taxonomy":"product_tag","embeddable":true,"href":"https:\/\/pipraveski.ee\/en\/wp-json\/wp\/v2\/product_tag?post=142"}],"curies":[{"name":"wp","href":"https:\/\/api.w.org\/{rel}","templated":true}]}}