{"id":1412,"date":"2025-10-22T19:06:01","date_gmt":"2025-10-22T16:06:01","guid":{"rendered":"https:\/\/pipraveski.ee\/?post_type=product&#038;p=1412"},"modified":"2026-04-17T11:32:45","modified_gmt":"2026-04-17T08:32:45","slug":"wok-pann-33cm-1tk","status":"publish","type":"product","link":"https:\/\/pipraveski.ee\/en\/product\/wok-pann-33cm-1tk\/","title":{"rendered":"Wok pan, 33cm, 1pc"},"content":{"rendered":"<p>Terasest wokipann puidust k\u00e4epidemega ja \u00fcmara p\u00f5hjaga.<br \/>\nDiameeter 33cm.<\/p>","protected":false},"excerpt":{"rendered":"<p>Terasest pann, puidust k\u00e4epidemega, \u00fcmara p\u00f5hjaga<\/p>","protected":false},"featured_media":1443,"template":"","meta":[],"product_brand":[],"product_cat":[330],"product_tag":[],"class_list":{"0":"post-1412","1":"product","2":"type-product","3":"status-publish","4":"has-post-thumbnail","6":"product_cat-koogitarvikud","8":"first","9":"instock","10":"sale","11":"taxable","12":"shipping-taxable","13":"purchasable","14":"product-type-simple"},"_links":{"self":[{"href":"https:\/\/pipraveski.ee\/en\/wp-json\/wp\/v2\/product\/1412","targetHints":{"allow":["GET"]}}],"collection":[{"href":"https:\/\/pipraveski.ee\/en\/wp-json\/wp\/v2\/product"}],"about":[{"href":"https:\/\/pipraveski.ee\/en\/wp-json\/wp\/v2\/types\/product"}],"wp:featuredmedia":[{"embeddable":true,"href":"https:\/\/pipraveski.ee\/en\/wp-json\/wp\/v2\/media\/1443"}],"wp:attachment":[{"href":"https:\/\/pipraveski.ee\/en\/wp-json\/wp\/v2\/media?parent=1412"}],"wp:term":[{"taxonomy":"product_brand","embeddable":true,"href":"https:\/\/pipraveski.ee\/en\/wp-json\/wp\/v2\/product_brand?post=1412"},{"taxonomy":"product_cat","embeddable":true,"href":"https:\/\/pipraveski.ee\/en\/wp-json\/wp\/v2\/product_cat?post=1412"},{"taxonomy":"product_tag","embeddable":true,"href":"https:\/\/pipraveski.ee\/en\/wp-json\/wp\/v2\/product_tag?post=1412"}],"curies":[{"name":"wp","href":"https:\/\/api.w.org\/{rel}","templated":true}]}}