{"id":1410,"date":"2025-10-22T19:06:01","date_gmt":"2025-10-22T16:06:01","guid":{"rendered":"https:\/\/pipraveski.ee\/?post_type=product&#038;p=1410"},"modified":"2026-04-17T15:45:31","modified_gmt":"2026-04-17T12:45:31","slug":"nelk-1kg","status":"publish","type":"product","link":"https:\/\/pipraveski.ee\/en\/product\/nelk-1kg\/","title":{"rendered":"Nelk, HELA, 1kg"},"content":{"rendered":"<p>Nelgipuu kuivatatud \u00f5iepungad.<\/p>\n<p>Nelgil on suur eeterlike \u00f5lide sisaldus- kuni 20%, mis annab eriti tugeva maitse ja l\u00f5hna.<\/p>\n<p>Meie toidulaual on enimlevinud piparkoogitaignas, marinaadides ning h\u00f5\u00f5gveinisegus.<\/p>\n<p>Kuna nelgi toimeained eralduvad \u00fcsna kiiresti, on k\u00f5ige kasulikum teda kuumale toidule lisada valmistamise l\u00f5ppj\u00e4rgus.<\/p>","protected":false},"excerpt":{"rendered":"<p>Nelgipuu kuivatatud \u00f5iepungad.<\/p>","protected":false},"featured_media":1441,"template":"","meta":[],"product_brand":[244],"product_cat":[338],"product_tag":[],"class_list":{"0":"post-1410","1":"product","2":"type-product","3":"status-publish","4":"has-post-thumbnail","6":"product_brand-hela","7":"product_cat-puhtad-maitsed","9":"first","10":"instock","11":"taxable","12":"shipping-taxable","13":"purchasable","14":"product-type-simple"},"_links":{"self":[{"href":"https:\/\/pipraveski.ee\/en\/wp-json\/wp\/v2\/product\/1410","targetHints":{"allow":["GET"]}}],"collection":[{"href":"https:\/\/pipraveski.ee\/en\/wp-json\/wp\/v2\/product"}],"about":[{"href":"https:\/\/pipraveski.ee\/en\/wp-json\/wp\/v2\/types\/product"}],"wp:featuredmedia":[{"embeddable":true,"href":"https:\/\/pipraveski.ee\/en\/wp-json\/wp\/v2\/media\/1441"}],"wp:attachment":[{"href":"https:\/\/pipraveski.ee\/en\/wp-json\/wp\/v2\/media?parent=1410"}],"wp:term":[{"taxonomy":"product_brand","embeddable":true,"href":"https:\/\/pipraveski.ee\/en\/wp-json\/wp\/v2\/product_brand?post=1410"},{"taxonomy":"product_cat","embeddable":true,"href":"https:\/\/pipraveski.ee\/en\/wp-json\/wp\/v2\/product_cat?post=1410"},{"taxonomy":"product_tag","embeddable":true,"href":"https:\/\/pipraveski.ee\/en\/wp-json\/wp\/v2\/product_tag?post=1410"}],"curies":[{"name":"wp","href":"https:\/\/api.w.org\/{rel}","templated":true}]}}