{"id":1409,"date":"2025-10-22T19:06:01","date_gmt":"2025-10-22T16:06:01","guid":{"rendered":"https:\/\/pipraveski.ee\/?post_type=product&#038;p=1409"},"modified":"2026-04-17T11:33:15","modified_gmt":"2026-04-17T08:33:15","slug":"jahimehe-vorsti-maitseainesegu-50g","status":"publish","type":"product","link":"https:\/\/pipraveski.ee\/en\/product\/jahimehe-vorsti-maitseainesegu-50g\/","title":{"rendered":"Hunter's sausage seasoning, HELA, 50g"},"content":{"rendered":"<p><span style=\"font-size: 13px\">Ingredients:&nbsp;<\/span>\u00dcrdid (pipar, ingver, piment, muskaatp\u00e4hkel, kardemon, SINEPIjahu, maitsetugevdaja E621, dekstroos, antioks\u00fcdant( E301 naatriumaskorbaat, E300 askorbiinhape)&nbsp;<br style=\"font-size: 13px\" \/><br \/>\n<span style=\"font-size: 13px\">Kulunorm 7g maitseainet 1kg kohta. Soovitatud kogust mitte \u00fcletada.<br \/>\n<strong>Suuremat pakendit soovides ootame teie e-kirja aadressile myyk@pipraveski.ee<\/strong><\/p>\n<p>Nutrition information per 100g:<\/span><br style=\"font-size: 13px\" \/><br \/>\n<span style=\"font-size: 13px\">Energiasisaldus 1442 kJ \/ 341 kcal<\/span><br style=\"font-size: 13px\" \/><br \/>\n<span style=\"font-size: 13px\">Fats 5,5g<\/span><br style=\"font-size: 13px\" \/><br \/>\n<span style=\"font-size: 13px\">millest k\u00fcllastunud rasvhapped 2,6g<\/span><br style=\"font-size: 13px\" \/><br \/>\n<span style=\"font-size: 13px\">S\u00fcsivesikud 53,1 g<\/span><br style=\"font-size: 13px\" \/><br \/>\n<span style=\"font-size: 13px\">millest suhkrud 45,3 g<\/span><br style=\"font-size: 13px\" \/><br \/>\n<span style=\"font-size: 13px\">Valgud 14,4 g<\/span><br style=\"font-size: 13px\" \/><br \/>\n<span style=\"font-size: 13px\">Sool 6,4 g<\/p>\n<p>Country of origin: Germany<\/span><\/p>","protected":false},"excerpt":{"rendered":"<p>Maitseainesegu vorsti maitsestamiseks.<\/p>","protected":false},"featured_media":1440,"template":"","meta":[],"product_brand":[],"product_cat":[307],"product_tag":[],"class_list":{"0":"post-1409","1":"product","2":"type-product","3":"status-publish","4":"has-post-thumbnail","6":"product_cat-maitseainesegud","8":"first","9":"instock","10":"taxable","11":"shipping-taxable","12":"purchasable","13":"product-type-simple"},"_links":{"self":[{"href":"https:\/\/pipraveski.ee\/en\/wp-json\/wp\/v2\/product\/1409","targetHints":{"allow":["GET"]}}],"collection":[{"href":"https:\/\/pipraveski.ee\/en\/wp-json\/wp\/v2\/product"}],"about":[{"href":"https:\/\/pipraveski.ee\/en\/wp-json\/wp\/v2\/types\/product"}],"wp:featuredmedia":[{"embeddable":true,"href":"https:\/\/pipraveski.ee\/en\/wp-json\/wp\/v2\/media\/1440"}],"wp:attachment":[{"href":"https:\/\/pipraveski.ee\/en\/wp-json\/wp\/v2\/media?parent=1409"}],"wp:term":[{"taxonomy":"product_brand","embeddable":true,"href":"https:\/\/pipraveski.ee\/en\/wp-json\/wp\/v2\/product_brand?post=1409"},{"taxonomy":"product_cat","embeddable":true,"href":"https:\/\/pipraveski.ee\/en\/wp-json\/wp\/v2\/product_cat?post=1409"},{"taxonomy":"product_tag","embeddable":true,"href":"https:\/\/pipraveski.ee\/en\/wp-json\/wp\/v2\/product_tag?post=1409"}],"curies":[{"name":"wp","href":"https:\/\/api.w.org\/{rel}","templated":true}]}}