{"id":1407,"date":"2025-10-22T19:06:00","date_gmt":"2025-10-22T16:06:00","guid":{"rendered":"https:\/\/pipraveski.ee\/?post_type=product&#038;p=1407"},"modified":"2026-04-17T11:32:00","modified_gmt":"2026-04-17T08:32:00","slug":"karrilehed-krg-20g","status":"publish","type":"product","link":"https:\/\/pipraveski.ee\/en\/product\/karrilehed-krg-20g\/","title":{"rendered":"Karrilehed, KRG, 20g"},"content":{"rendered":"<p>K\u00f5rgekvaliteedilised deh\u00fcdreeritud karrilehed Sri Lanka k\u00f6\u00f6gi autentse maitse, aroomi ja v\u00e4rvi jaoks.&nbsp;<br \/>\nIdeaalne kasutada iga karriga, et parandada selle autentset Tseiloni k\u00f6\u00f6gi maitset.<br \/>\nKarrilehtpuu kasvab India niisketes ja kuumades osades. India toiduvalmistamise oluline koostisosa on karrilehtedel aromaatne maitse ja neid kasutatakse sageli koos teiste v\u00fcrtsidega karri maitsestamiseks. Neid praetakse sageli ka \u00f5lis k\u00f6\u00f6giviljaroogade ja dhalide osana, et anda edasi nende imeline maitsev aroom.<br \/>\nKarri lehti v\u00f5ib soovi korral s\u00fc\u00fca v\u00f5i toidust eemaldada.<br \/>\n&nbsp;<\/p>","protected":false},"excerpt":{"rendered":"<p>K\u00f5rgekvaliteedilised deh\u00fcdreeritud karrilehed Sri Lanka k\u00f6\u00f6gi autentse maitse, aroomi ja v\u00e4rvi jaoks.&nbsp; Ideaalne kasutada iga karriga, et parandada selle autentset Tseiloni k\u00f6\u00f6gi maitset. Karrilehtpuu kasvab India niisketes ja kuumades osades. India toiduvalmistamise oluline koostisosa on karrilehtedel aromaatne maitse ja neid kasutatakse sageli koos teiste v\u00fcrtsidega karri maitsestamiseks. Neid praetakse sageli ka \u00f5lis k\u00f6\u00f6giviljaroogade ja dhalide [&hellip;]<\/p>\n","protected":false},"featured_media":1437,"template":"","meta":[],"product_brand":[],"product_cat":[305],"product_tag":[],"class_list":{"0":"post-1407","1":"product","2":"type-product","3":"status-publish","4":"has-post-thumbnail","6":"product_cat-urdid-kulmkuivatatud-urdid","8":"first","9":"outofstock","10":"taxable","11":"shipping-taxable","12":"purchasable","13":"product-type-simple"},"_links":{"self":[{"href":"https:\/\/pipraveski.ee\/en\/wp-json\/wp\/v2\/product\/1407","targetHints":{"allow":["GET"]}}],"collection":[{"href":"https:\/\/pipraveski.ee\/en\/wp-json\/wp\/v2\/product"}],"about":[{"href":"https:\/\/pipraveski.ee\/en\/wp-json\/wp\/v2\/types\/product"}],"wp:featuredmedia":[{"embeddable":true,"href":"https:\/\/pipraveski.ee\/en\/wp-json\/wp\/v2\/media\/1437"}],"wp:attachment":[{"href":"https:\/\/pipraveski.ee\/en\/wp-json\/wp\/v2\/media?parent=1407"}],"wp:term":[{"taxonomy":"product_brand","embeddable":true,"href":"https:\/\/pipraveski.ee\/en\/wp-json\/wp\/v2\/product_brand?post=1407"},{"taxonomy":"product_cat","embeddable":true,"href":"https:\/\/pipraveski.ee\/en\/wp-json\/wp\/v2\/product_cat?post=1407"},{"taxonomy":"product_tag","embeddable":true,"href":"https:\/\/pipraveski.ee\/en\/wp-json\/wp\/v2\/product_tag?post=1407"}],"curies":[{"name":"wp","href":"https:\/\/api.w.org\/{rel}","templated":true}]}}