{"id":1406,"date":"2025-10-22T19:06:00","date_gmt":"2025-10-22T16:06:00","guid":{"rendered":"https:\/\/pipraveski.ee\/?post_type=product&#038;p=1406"},"modified":"2026-04-17T11:31:38","modified_gmt":"2026-04-17T08:31:38","slug":"maitseainesegu-hapukapsa-maitsestamiseks-100g","status":"publish","type":"product","link":"https:\/\/pipraveski.ee\/en\/product\/maitseainesegu-hapukapsa-maitsestamiseks-100g\/","title":{"rendered":"Seasoning mix for sauerkraut, HELA, 100g"},"content":{"rendered":"<p><font style=\"font-family: Arial, Helvetica, sans-serif;font-size: 14px;vertical-align: inherit\">Vastab igale maitsele, p\u00f5hjast l\u00f5unasse, idast l\u00e4\u00e4nde.&nbsp;<\/font><font style=\"font-family: Arial, Helvetica, sans-serif;font-size: 14px;vertical-align: inherit\">Tasakaalustatud v\u00fcrtsisegud tagavad \u00fchtlase maitse iga partiiga.&nbsp;<\/font><font style=\"font-family: Arial, Helvetica, sans-serif;font-size: 14px;vertical-align: inherit\">Peeneks jahvatatud maitseained jaotuvad \u00fchtlaselt, mist\u00f5ttu kapsaroas v\u00e4lditakse j\u00e4medaid v\u00fcrtse.<br \/>\nSoovitused maitsestamiseks:<\/font><font style=\"font-family: Arial, Helvetica, sans-serif;font-size: 14px;vertical-align: inherit\">&nbsp;punane kapsas, ulukiliha, hapukapsas, lambaliha, hani ja part.&nbsp;<\/font><font style=\"font-family: Arial, Helvetica, sans-serif;font-size: 14px;vertical-align: inherit\">V\u00f5ib kasutada ka kapsale h\u00f5\u00f5rumiseks.<\/font><\/p>\n<p>Koostisosad: V\u00fcrtsid (sibul, pipar, k\u00f6\u00f6mned, kadakamarjad, piment, v\u00fcrtsid) roosuhkur, maitsetaimed (loorberilehed).<\/p>","protected":false},"excerpt":{"rendered":"<p>Soovitused maitsestamiseks: punane kapsas, ulukiliha, hapukapsas, lambaliha, hani ja part. V\u00f5ib kasutada ka kapsale<\/p>","protected":false},"featured_media":1436,"template":"","meta":[],"product_brand":[244],"product_cat":[307],"product_tag":[],"class_list":{"0":"post-1406","1":"product","2":"type-product","3":"status-publish","4":"has-post-thumbnail","6":"product_brand-hela","7":"product_cat-maitseainesegud","9":"first","10":"instock","11":"taxable","12":"shipping-taxable","13":"purchasable","14":"product-type-simple"},"_links":{"self":[{"href":"https:\/\/pipraveski.ee\/en\/wp-json\/wp\/v2\/product\/1406","targetHints":{"allow":["GET"]}}],"collection":[{"href":"https:\/\/pipraveski.ee\/en\/wp-json\/wp\/v2\/product"}],"about":[{"href":"https:\/\/pipraveski.ee\/en\/wp-json\/wp\/v2\/types\/product"}],"wp:featuredmedia":[{"embeddable":true,"href":"https:\/\/pipraveski.ee\/en\/wp-json\/wp\/v2\/media\/1436"}],"wp:attachment":[{"href":"https:\/\/pipraveski.ee\/en\/wp-json\/wp\/v2\/media?parent=1406"}],"wp:term":[{"taxonomy":"product_brand","embeddable":true,"href":"https:\/\/pipraveski.ee\/en\/wp-json\/wp\/v2\/product_brand?post=1406"},{"taxonomy":"product_cat","embeddable":true,"href":"https:\/\/pipraveski.ee\/en\/wp-json\/wp\/v2\/product_cat?post=1406"},{"taxonomy":"product_tag","embeddable":true,"href":"https:\/\/pipraveski.ee\/en\/wp-json\/wp\/v2\/product_tag?post=1406"}],"curies":[{"name":"wp","href":"https:\/\/api.w.org\/{rel}","templated":true}]}}