{"id":1402,"date":"2025-10-22T19:06:00","date_gmt":"2025-10-22T16:06:00","guid":{"rendered":"https:\/\/pipraveski.ee\/?post_type=product&#038;p=1402"},"modified":"2026-04-17T11:33:24","modified_gmt":"2026-04-17T08:33:24","slug":"reaper-sling-blade-hot-sauce-148ml","status":"publish","type":"product","link":"https:\/\/pipraveski.ee\/en\/product\/reaper-sling-blade-hot-sauce-148ml\/","title":{"rendered":"Reaper Sling Blade Hot Sauce, 148ml"},"content":{"rendered":"<p>Reaper Sling Blade kuum kaste maailma \u00fche kuumima t\u0161illiga on Cajohni uus lipulaev. Carolina Reaper on keskmiselt \u00fcle 1,5 miljoni Scoville&#8217;i ja talle kuulus \u00f5igusega maailmarekord aastatel 2013\u20132023. Koos endise maailmarekordiomaniku Bhut Jolokiaga on Cajohn loonud uue \u00fclitugeva kastme, mis maitseb imeliselt v\u00e4rskelt ja aromaatselt. Kaste on vedel ja seet\u00f5ttu saab seda tilk-tilga haaval doseerida.<\/p>\n<p>Koostisosad:&nbsp;T\u0161illipipar (Carolina Reaper, Bhut Jolokia), \u00f5unasiidri \u00e4\u00e4dikas, destilleeritud \u00e4\u00e4dikas, tomatipasta, sidrunimahl, sibul, k\u00fc\u00fcslauk, sool, v\u00fcrtsid<\/p>\n<p><span style=\"font-size: 13px\">Nutrition information per 100 ml<\/span><br style=\"font-size: 13px\" \/><br \/>\n<span style=\"font-size: 13px\">Energiasisaldus 165,2 kj\/ 39,5kcal<\/span><br style=\"font-size: 13px\" \/><br \/>\n<span style=\"font-size: 13px\">Fats 0,0 g<\/span><br style=\"font-size: 13px\" \/><br \/>\n<span style=\"font-size: 13px\">of which saturated fatty acids 0,0g<\/span><br style=\"font-size: 13px\" \/><br \/>\n<span style=\"font-size: 13px\">S\u00fcsivesikud 6,9g<\/span><br style=\"font-size: 13px\" \/><br \/>\n<span style=\"font-size: 13px\">millest suhkrud 2,0g<\/span><br style=\"font-size: 13px\" \/><br \/>\n<span style=\"font-size: 13px\">Protein 0,0 g<\/span><br style=\"font-size: 13px\" \/><br \/>\n<span style=\"font-size: 13px\">Salt 0,09g<\/span><\/p>\n<p>Country of origin: Germany<\/p>\n<p>Hoiatus v\u00fcrtsikuse eest<br \/>\nSee toode on \u00e4\u00e4rmiselt v\u00fcrtsikas ja seda tuleks hoida lastele ja v\u00fcrtsitalumatusega inimestele k\u00e4ttesaamatus kohas. Kasutamiseks ainult tugevalt lahjendatud kujul! Maksimaalne kogus p\u00e4evas: 14 grammi (ca 1 tl) \u00dcleannustamise v\u00f5i ebamugavustunde korral jooge v\u00e4hemalt 250 ml piima, et neutraliseerida kuumus suus, ninaneelu piirkonnas ja maos.<\/p>","protected":false},"excerpt":{"rendered":"<p>Super\u00e4ge kaste, mis maitseb imeliselt v\u00e4rskelt ja aromaatselt<\/p>","protected":false},"featured_media":1432,"template":"","meta":[],"product_brand":[],"product_cat":[317],"product_tag":[],"class_list":{"0":"post-1402","1":"product","2":"type-product","3":"status-publish","4":"has-post-thumbnail","6":"product_cat-kastmed-sinepid-tsatnid","8":"first","9":"outofstock","10":"taxable","11":"shipping-taxable","12":"purchasable","13":"product-type-simple"},"_links":{"self":[{"href":"https:\/\/pipraveski.ee\/en\/wp-json\/wp\/v2\/product\/1402","targetHints":{"allow":["GET"]}}],"collection":[{"href":"https:\/\/pipraveski.ee\/en\/wp-json\/wp\/v2\/product"}],"about":[{"href":"https:\/\/pipraveski.ee\/en\/wp-json\/wp\/v2\/types\/product"}],"wp:featuredmedia":[{"embeddable":true,"href":"https:\/\/pipraveski.ee\/en\/wp-json\/wp\/v2\/media\/1432"}],"wp:attachment":[{"href":"https:\/\/pipraveski.ee\/en\/wp-json\/wp\/v2\/media?parent=1402"}],"wp:term":[{"taxonomy":"product_brand","embeddable":true,"href":"https:\/\/pipraveski.ee\/en\/wp-json\/wp\/v2\/product_brand?post=1402"},{"taxonomy":"product_cat","embeddable":true,"href":"https:\/\/pipraveski.ee\/en\/wp-json\/wp\/v2\/product_cat?post=1402"},{"taxonomy":"product_tag","embeddable":true,"href":"https:\/\/pipraveski.ee\/en\/wp-json\/wp\/v2\/product_tag?post=1402"}],"curies":[{"name":"wp","href":"https:\/\/api.w.org\/{rel}","templated":true}]}}