{"id":1401,"date":"2025-10-22T19:06:00","date_gmt":"2025-10-22T16:06:00","guid":{"rendered":"https:\/\/pipraveski.ee\/?post_type=product&#038;p=1401"},"modified":"2026-04-19T03:00:08","modified_gmt":"2026-04-19T00:00:08","slug":"ingverikommid-piparmundi-maitseline-56g","status":"publish","type":"product","link":"https:\/\/pipraveski.ee\/en\/product\/ingverikommid-piparmundi-maitseline-56g\/","title":{"rendered":"Ginger snaps, mint flavoured, 56g"},"content":{"rendered":"<p>V\u00fcrtsikad ingverimaitselised kommid.<br \/>\nK\u00f5ik ingveri head omadused pisikeses mugavas pakis.<br \/>\nIngverikommid on head k\u00fclmetuse ja iivelduse leevendajad ning m\u00f5juvad \u00fcldisele heaolule h\u00e4sti.<\/p>\n<p>Koostis: ingver (7%), tapiokit\u00e4rklis, piparm\u00fcndi\u00f5li (0,1%), magusained (malt\u00fcrool, sorbitool).<\/p>\n<p>Toitev\u00e4\u00e4rtused 100g kohta:<br \/>\nENERGIAV\u00c4\u00c4RTUS 1636 kJ\/ 391 kcal,<br \/>\nRasvad 1,6g,<br \/>\nmillest k\u00fcllastunud rasvhapped 0,9g,<br \/>\nS\u00fcsivesikud 94g,<br \/>\nmillest suhkrud&nbsp; 70g<br \/>\n&nbsp;<\/p>","protected":false},"excerpt":{"rendered":"<p>V\u00fcrtsikad ingverimaitselised kommid. K\u00f5ik ingveri head omadused pisikeses mugavas pakis. Ingverikommid on head k\u00fclmetuse ja iivelduse leevendajad ning m\u00f5juvad \u00fcldisele heaolule h\u00e4sti. Koostis: ingver (7%), tapiokit\u00e4rklis, piparm\u00fcndi\u00f5li (0,1%), magusained (malt\u00fcrool, sorbitool). Toitev\u00e4\u00e4rtused 100g kohta: ENERGIAV\u00c4\u00c4RTUS 1636 kJ\/ 391 kcal, Rasvad 1,6g, millest k\u00fcllastunud rasvhapped 0,9g, S\u00fcsivesikud 94g, millest suhkrud&nbsp; 70g &nbsp;<\/p>","protected":false},"featured_media":1431,"template":"","meta":[],"product_brand":[],"product_cat":[324],"product_tag":[],"class_list":{"0":"post-1401","1":"product","2":"type-product","3":"status-publish","4":"has-post-thumbnail","6":"product_cat-maiustused-snakid","8":"first","9":"instock","10":"taxable","11":"shipping-taxable","12":"purchasable","13":"product-type-simple"},"_links":{"self":[{"href":"https:\/\/pipraveski.ee\/en\/wp-json\/wp\/v2\/product\/1401","targetHints":{"allow":["GET"]}}],"collection":[{"href":"https:\/\/pipraveski.ee\/en\/wp-json\/wp\/v2\/product"}],"about":[{"href":"https:\/\/pipraveski.ee\/en\/wp-json\/wp\/v2\/types\/product"}],"wp:featuredmedia":[{"embeddable":true,"href":"https:\/\/pipraveski.ee\/en\/wp-json\/wp\/v2\/media\/1431"}],"wp:attachment":[{"href":"https:\/\/pipraveski.ee\/en\/wp-json\/wp\/v2\/media?parent=1401"}],"wp:term":[{"taxonomy":"product_brand","embeddable":true,"href":"https:\/\/pipraveski.ee\/en\/wp-json\/wp\/v2\/product_brand?post=1401"},{"taxonomy":"product_cat","embeddable":true,"href":"https:\/\/pipraveski.ee\/en\/wp-json\/wp\/v2\/product_cat?post=1401"},{"taxonomy":"product_tag","embeddable":true,"href":"https:\/\/pipraveski.ee\/en\/wp-json\/wp\/v2\/product_tag?post=1401"}],"curies":[{"name":"wp","href":"https:\/\/api.w.org\/{rel}","templated":true}]}}