{"id":1398,"date":"2025-10-22T19:06:00","date_gmt":"2025-10-22T16:06:00","guid":{"rendered":"https:\/\/pipraveski.ee\/?post_type=product&#038;p=1398"},"modified":"2026-04-17T11:33:18","modified_gmt":"2026-04-17T08:33:18","slug":"kinoa-valge-4kg","status":"publish","type":"product","link":"https:\/\/pipraveski.ee\/en\/product\/kinoa-valge-4kg\/","title":{"rendered":"Kinoa, white, 4kg"},"content":{"rendered":"<p>Quinoa is a small, nutritious and crunchy seed that has found its way into European diets and has quickly become quite a popular food.&nbsp;<br \/>\nKinoa e. T\u0161iili hanemalts sobib erinevate salatite valmistamiseks, seda v\u00f5ib keeta ja s\u00fc\u00fca nagu n\u00e4iteks riisi, ka sobib see suppidesse jpm.<\/p>\n<p>White quinoa is:<\/p>\n<ul>\n<li>High protein content<\/li>\n<li>high in fibre<\/li>\n<li>High in minerals and antioxidants<\/li>\n<li>Delicious and easy to prepare<\/li>\n<li>Organic<\/li>\n<\/ul>\n<p><strong>Preparation:<\/strong>&nbsp;cook for 10-15 minutes.<\/p>\n<p><strong>Nutrition information per 100g:<\/strong><br \/>\nEnergy content 1466 kJ \/ 347 kcal<br \/>\nFats 3,2 g<br \/>\nof which saturated fatty acids 0,7 g<br \/>\nCarbohydrates 62,6 g<br \/>\nof which sugars 1,0 g<br \/>\nfibre 7,4 g<br \/>\nProtein 13,2 g<br \/>\nSalt 0,04 g<\/p>\n<p><strong>Country of origin:&nbsp;<\/strong>Bolivia.<br \/>\n<strong>Storage:&nbsp;<\/strong>keep dry and cool.<br \/>\n&nbsp;<\/p>","protected":false},"excerpt":{"rendered":"<p>A small, nutritious and crunchy seed - suitable for salads, soups and more.<\/p>","protected":false},"featured_media":1428,"template":"","meta":[],"product_brand":[],"product_cat":[319],"product_tag":[],"class_list":{"0":"post-1398","1":"product","2":"type-product","3":"status-publish","4":"has-post-thumbnail","6":"product_cat-laatsed-oad-terad","8":"first","9":"outofstock","10":"taxable","11":"shipping-taxable","12":"purchasable","13":"product-type-simple"},"_links":{"self":[{"href":"https:\/\/pipraveski.ee\/en\/wp-json\/wp\/v2\/product\/1398","targetHints":{"allow":["GET"]}}],"collection":[{"href":"https:\/\/pipraveski.ee\/en\/wp-json\/wp\/v2\/product"}],"about":[{"href":"https:\/\/pipraveski.ee\/en\/wp-json\/wp\/v2\/types\/product"}],"wp:featuredmedia":[{"embeddable":true,"href":"https:\/\/pipraveski.ee\/en\/wp-json\/wp\/v2\/media\/1428"}],"wp:attachment":[{"href":"https:\/\/pipraveski.ee\/en\/wp-json\/wp\/v2\/media?parent=1398"}],"wp:term":[{"taxonomy":"product_brand","embeddable":true,"href":"https:\/\/pipraveski.ee\/en\/wp-json\/wp\/v2\/product_brand?post=1398"},{"taxonomy":"product_cat","embeddable":true,"href":"https:\/\/pipraveski.ee\/en\/wp-json\/wp\/v2\/product_cat?post=1398"},{"taxonomy":"product_tag","embeddable":true,"href":"https:\/\/pipraveski.ee\/en\/wp-json\/wp\/v2\/product_tag?post=1398"}],"curies":[{"name":"wp","href":"https:\/\/api.w.org\/{rel}","templated":true}]}}