{"id":1396,"date":"2025-10-22T19:06:00","date_gmt":"2025-10-22T16:06:00","guid":{"rendered":"https:\/\/pipraveski.ee\/?post_type=product&#038;p=1396"},"modified":"2026-04-17T11:32:34","modified_gmt":"2026-04-17T08:32:34","slug":"vindaloo-pasta-283g-pataks","status":"publish","type":"product","link":"https:\/\/pipraveski.ee\/en\/product\/vindaloo-pasta-283g-pataks\/","title":{"rendered":"Vindaloo pasta, 283g (Patak&#8217;s)"},"content":{"rendered":"<p>Unikaalne koostisainete segu autentse maitsega vindaloo karripasta saamiseks. See on k\u00f5ige kuumem ja v\u00fcrtsikam.<br \/>\nVindaloo karripasta segab t\u0161illit kurkumi, k\u00f6\u00f6mne, koriandri ja autentsete v\u00fcrtsidega \u2013 see on meeletu segu, mis on \u00fclimalt maitsev, kuid sobib vaid teravate toitude nautijaile.<br \/>\nMasala karripastat kasutatakse teie roa maitse t\u00e4iustamiseks ja ainulaadse toiduelamuse saamiseks. See on valmistatud k\u00f5ige \u00f5rnematest looduslikest v\u00fcrtsidest.<\/p>\n<p>Koostis: vesi, jahvatatud v\u00fcrtsid (22%) (koriander, papria, t\u0161illi, kurkum, v\u00fcrtsid, kaneel, v\u00fcrtsk\u00f6\u00f6men), rapsi\u00f5li, sool, maisijahu, happeregulaator (\u00e4\u00e4dikhape, sidrunhape, piimhape), SINEPIpulber, tamarind, ingveripulber, k\u00fc\u00fcslaugupulber.<\/p>\n<p>Nutrition information per 100g:<br \/>\nEnergiasisaldus 1215kj\/294kcal<br \/>\nRasvad 24,4g<br \/>\nmillest k\u00fcllastunud rasvhapped 1,8g<br \/>\nS\u00fcsivesikud 7,5g<br \/>\nof which sugars 2g<br \/>\nValgud 4,2g<br \/>\nSalt 3,3g<\/p>\n<p>Country of origin: United Kingdom<\/p>","protected":false},"excerpt":{"rendered":"<p>Vindaloo v\u00fcrtsipasta \u00fchendab paprika kurkumi, k\u00f6\u00f6mne, koriandri ja autentsete v\u00fcrtsidega \u2013 see on uimastatav segu, mis on t\u00f5eliselt maitsev, kuid ainult neile, kellele meeldib v\u00fcrtsikas.<\/p>","protected":false},"featured_media":1426,"template":"","meta":[],"product_brand":[245],"product_cat":[308],"product_tag":[],"class_list":{"0":"post-1396","1":"product","2":"type-product","3":"status-publish","4":"has-post-thumbnail","6":"product_brand-pataks","7":"product_cat-maitseaine-pastad-kastmed","9":"first","10":"instock","11":"taxable","12":"shipping-taxable","13":"purchasable","14":"product-type-simple"},"_links":{"self":[{"href":"https:\/\/pipraveski.ee\/en\/wp-json\/wp\/v2\/product\/1396","targetHints":{"allow":["GET"]}}],"collection":[{"href":"https:\/\/pipraveski.ee\/en\/wp-json\/wp\/v2\/product"}],"about":[{"href":"https:\/\/pipraveski.ee\/en\/wp-json\/wp\/v2\/types\/product"}],"wp:featuredmedia":[{"embeddable":true,"href":"https:\/\/pipraveski.ee\/en\/wp-json\/wp\/v2\/media\/1426"}],"wp:attachment":[{"href":"https:\/\/pipraveski.ee\/en\/wp-json\/wp\/v2\/media?parent=1396"}],"wp:term":[{"taxonomy":"product_brand","embeddable":true,"href":"https:\/\/pipraveski.ee\/en\/wp-json\/wp\/v2\/product_brand?post=1396"},{"taxonomy":"product_cat","embeddable":true,"href":"https:\/\/pipraveski.ee\/en\/wp-json\/wp\/v2\/product_cat?post=1396"},{"taxonomy":"product_tag","embeddable":true,"href":"https:\/\/pipraveski.ee\/en\/wp-json\/wp\/v2\/product_tag?post=1396"}],"curies":[{"name":"wp","href":"https:\/\/api.w.org\/{rel}","templated":true}]}}