{"id":1394,"date":"2025-10-22T19:06:00","date_gmt":"2025-10-22T16:06:00","guid":{"rendered":"https:\/\/pipraveski.ee\/?post_type=product&#038;p=1394"},"modified":"2026-04-17T11:32:15","modified_gmt":"2026-04-17T08:32:15","slug":"tsilliseemned-habanero-gambia-10tk","status":"publish","type":"product","link":"https:\/\/pipraveski.ee\/en\/product\/tsilliseemned-habanero-gambia-10tk\/","title":{"rendered":"Chilli seeds, Habanero Gambia, 10pcs"},"content":{"rendered":"<p>Selle t\u0161illi viljadel on v\u00e4ga paksud v\u00e4lisseinad ja paprikale sarnane kuju. Need on kortsus ja sileda pinnaga ning kasvavad tavalistest habanerodest tunduvalt suuremaks. Nad valmivad helerohelisest kuni erepunaseni ja neil on aromaatne puuviljane maitse. Habanero gambia t\u0161illil on p\u00f5\u00f5sas kasvuvorm ja hea hoolduse korral v\u00f5ib see anda palju suuri vilju. Need sobivad sama h\u00e4sti kuivatamiseks kui ka kastmete, salsade ja chutneyde valmistamiseks<br \/>\nKuni 500,000 SHU<\/p>\n<p>Idanemistemperatuur on vahemikus 22\u00b0C kuni 28\u00b0C (idanemisperiood: 12-21 p\u00e4eva); seet\u00f5ttu on soovitatav kasutada kasvuhoonet ja k\u00fcttematti. Taimed vajavad v\u00e4rsket, h\u00e4sti v\u00e4etatud, vett l\u00e4bilaskvat mulda ega talu vettimist. Need tuleks istutada p\u00e4ikesepaistelisse, kaitstud kohta, kus on v\u00e4hemalt 6 tundi p\u00e4ikesevalgust \u2013 soovitavalt rohkem. Taime \u00fcletalve s\u00e4ilitamiseks l\u00f5igake see p\u00e4rast koristamist 20 cm v\u00f5rra tagasi ja asetage valgusk\u00fcllasesse kohta, kus on v\u00e4hemalt 15 \u00b0C.<\/p>","protected":false},"excerpt":{"rendered":"<p>Habanero gambia sort on L\u00e4\u00e4ne-Aafrikast Gambiast p\u00e4rit t\u0161illi sort, kuigi habanero pipar p\u00e4rineb tegelikult Yucatani poolsaarelt Mehhikost.<\/p>","protected":false},"featured_media":1424,"template":"","meta":[],"product_brand":[],"product_cat":[329],"product_tag":[],"class_list":{"0":"post-1394","1":"product","2":"type-product","3":"status-publish","4":"has-post-thumbnail","6":"product_cat-tsillikasvatus","8":"first","9":"instock","10":"taxable","11":"shipping-taxable","12":"purchasable","13":"product-type-simple"},"_links":{"self":[{"href":"https:\/\/pipraveski.ee\/en\/wp-json\/wp\/v2\/product\/1394","targetHints":{"allow":["GET"]}}],"collection":[{"href":"https:\/\/pipraveski.ee\/en\/wp-json\/wp\/v2\/product"}],"about":[{"href":"https:\/\/pipraveski.ee\/en\/wp-json\/wp\/v2\/types\/product"}],"wp:featuredmedia":[{"embeddable":true,"href":"https:\/\/pipraveski.ee\/en\/wp-json\/wp\/v2\/media\/1424"}],"wp:attachment":[{"href":"https:\/\/pipraveski.ee\/en\/wp-json\/wp\/v2\/media?parent=1394"}],"wp:term":[{"taxonomy":"product_brand","embeddable":true,"href":"https:\/\/pipraveski.ee\/en\/wp-json\/wp\/v2\/product_brand?post=1394"},{"taxonomy":"product_cat","embeddable":true,"href":"https:\/\/pipraveski.ee\/en\/wp-json\/wp\/v2\/product_cat?post=1394"},{"taxonomy":"product_tag","embeddable":true,"href":"https:\/\/pipraveski.ee\/en\/wp-json\/wp\/v2\/product_tag?post=1394"}],"curies":[{"name":"wp","href":"https:\/\/api.w.org\/{rel}","templated":true}]}}