{"id":1390,"date":"2025-10-22T19:06:00","date_gmt":"2025-10-22T16:06:00","guid":{"rendered":"https:\/\/pipraveski.ee\/?post_type=product&#038;p=1390"},"modified":"2026-04-17T11:32:41","modified_gmt":"2026-04-17T08:32:41","slug":"paradiisiterad-40g","status":"publish","type":"product","link":"https:\/\/pipraveski.ee\/en\/product\/paradiisiterad-40g\/","title":{"rendered":"Paradiisiterad, 40g"},"content":{"rendered":"<p>V\u00fcrts mis t\u00f5epoolest&nbsp;oma nime v\u00e4\u00e4riline on (nimetatakse veel ka melegeti aframon, alligaatori pipar).<br \/>\nKunagi kasutati paradiisiterasid v\u00f5rdv\u00e4\u00e4rselt musta pipraga kuid n\u00fc\u00fcd on see&nbsp;v\u00f5rdlemisi haruldane ja hinnaline v\u00fcrts.<br \/>\nSobib lisamiseks&nbsp;nii soolastele kui&nbsp;magusatele toitudele, sobib lihadele, hautistele ning isegi d\u017einni maitsestamiseks.<br \/>\nJahvatada soovitatavalt enne kasutamist, kasutades toidus terveid terasid on maitse mahedam. Terade r\u00f6stimine enne kasutamist toob maitseid veelgi enam esile.<br \/>\nMaitsebukett on segu v\u00fcrtsikast, lillelistest, kardemoni, p\u00e4hkli ja tsitruse nootidest.<br \/>\n<strong>Hulgikoguse soovi korral kirjuta meile<\/strong>.&nbsp;<\/p>","protected":false},"excerpt":{"rendered":"<p>Maitsebuketis segu v\u00fcrtsikast, lillelistest, kardemoni, p\u00e4hkli ja tsitruse nootidest.<\/p>","protected":false},"featured_media":1420,"template":"","meta":[],"product_brand":[],"product_cat":[338],"product_tag":[],"class_list":{"0":"post-1390","1":"product","2":"type-product","3":"status-publish","4":"has-post-thumbnail","6":"product_cat-puhtad-maitsed","8":"first","9":"instock","10":"taxable","11":"shipping-taxable","12":"purchasable","13":"product-type-simple"},"_links":{"self":[{"href":"https:\/\/pipraveski.ee\/en\/wp-json\/wp\/v2\/product\/1390","targetHints":{"allow":["GET"]}}],"collection":[{"href":"https:\/\/pipraveski.ee\/en\/wp-json\/wp\/v2\/product"}],"about":[{"href":"https:\/\/pipraveski.ee\/en\/wp-json\/wp\/v2\/types\/product"}],"wp:featuredmedia":[{"embeddable":true,"href":"https:\/\/pipraveski.ee\/en\/wp-json\/wp\/v2\/media\/1420"}],"wp:attachment":[{"href":"https:\/\/pipraveski.ee\/en\/wp-json\/wp\/v2\/media?parent=1390"}],"wp:term":[{"taxonomy":"product_brand","embeddable":true,"href":"https:\/\/pipraveski.ee\/en\/wp-json\/wp\/v2\/product_brand?post=1390"},{"taxonomy":"product_cat","embeddable":true,"href":"https:\/\/pipraveski.ee\/en\/wp-json\/wp\/v2\/product_cat?post=1390"},{"taxonomy":"product_tag","embeddable":true,"href":"https:\/\/pipraveski.ee\/en\/wp-json\/wp\/v2\/product_tag?post=1390"}],"curies":[{"name":"wp","href":"https:\/\/api.w.org\/{rel}","templated":true}]}}