{"id":139,"date":"2025-10-22T19:01:02","date_gmt":"2025-10-22T16:01:02","guid":{"rendered":"https:\/\/pipraveski.ee\/?post_type=product&#038;p=139"},"modified":"2026-04-17T11:31:49","modified_gmt":"2026-04-17T08:31:49","slug":"petersell-20g","status":"publish","type":"product","link":"https:\/\/pipraveski.ee\/en\/product\/petersell-20g\/","title":{"rendered":"Parsley, HELA, 20g"},"content":{"rendered":"<p><span style=\"font-family: sans-serif;font-size: 14px\">The possibilities for using parsley in cooking are almost limitless. It can be used fresh, dried, frozen or salted. The leaves are used to decorate and season salads, sauces and egg dishes.<br \/>\nFresh herbs are only added to food before serving, as boiling them reduces their vitamin content.&nbsp;<\/p>\n<p>Peteselliehed are rich&nbsp;<\/span><a href=\"https:\/\/et.wikipedia.org\/wiki\/Raud\" style=\"background-image: none;background-position: initial;background-size: initial;background-repeat: initial;background-attachment: initial;font-family: sans-serif;font-size: 14px\" title=\"Iron\" target=\"_blank\" rel=\"noopener\">iron<\/a><span style=\"font-family: sans-serif;font-size: 14px\">&nbsp;and&nbsp;<\/span><a href=\"https:\/\/et.wikipedia.org\/wiki\/C-vitamiin\" style=\"background-image: none;background-position: initial;background-size: initial;background-repeat: initial;background-attachment: initial;font-family: sans-serif;font-size: 14px\" title=\"Vitamin C\" target=\"_blank\" rel=\"noopener\">Vitamin C<\/a><span style=\"font-family: sans-serif;font-size: 14px\">&nbsp;terms and also include&nbsp;<\/span><a href=\"https:\/\/et.wikipedia.org\/wiki\/Karoteenid\" style=\"background-image: none;background-position: initial;background-size: initial;background-repeat: initial;background-attachment: initial;font-family: sans-serif;font-size: 14px\" title=\"Carotenoids\" target=\"_blank\" rel=\"noopener\">carotene<\/a><span style=\"font-family: sans-serif;font-size: 14px\">&nbsp;and&nbsp;<\/span><a href=\"https:\/\/et.wikipedia.org\/wiki\/B-r%C3%BChma_vitamiinid\" style=\"background-image: none;background-position: initial;background-size: initial;background-repeat: initial;background-attachment: initial;font-family: sans-serif;font-size: 14px\" title=\"Group B vitamins\" target=\"_blank\" rel=\"noopener\">group B vitamins<\/a><span style=\"font-family: sans-serif;font-size: 14px\">.<br \/>\nMore can be found&nbsp;<\/span><a class=\"mw-redirect\" href=\"https:\/\/et.wikipedia.org\/wiki\/Valk\" style=\"background-image: none;background-position: initial;background-size: initial;background-repeat: initial;background-attachment: initial;font-family: sans-serif;font-size: 14px\" title=\"Valk\" target=\"_blank\" rel=\"noopener\">protein<\/a><span style=\"font-family: sans-serif;font-size: 14px\">,&nbsp;<\/span><a class=\"new\" href=\"https:\/\/et.wikipedia.org\/w\/index.php?title=Oblikhape&amp;action=edit&amp;redlink=1\" style=\"background-image: none;background-position: initial;background-size: initial;background-repeat: initial;background-attachment: initial;font-family: sans-serif;font-size: 14px\" title=\"Oblic acid (not yet written)\" target=\"_blank\" rel=\"noopener\">oblikhapet<\/a><span style=\"font-family: sans-serif;font-size: 14px\">,&nbsp;<\/span><a class=\"mw-redirect\" href=\"https:\/\/et.wikipedia.org\/wiki\/S%C3%BCsivesikud\" style=\"background-image: none;background-position: initial;background-size: initial;background-repeat: initial;background-attachment: initial;font-family: sans-serif;font-size: 14px\" title=\"Hydrocarbons\" target=\"_blank\" rel=\"noopener\">carbohydrates<\/a><span style=\"font-family: sans-serif;font-size: 14px\">,&nbsp;<\/span><a href=\"https:\/\/et.wikipedia.org\/wiki\/Kaalium\" style=\"background-image: none;background-position: initial;background-size: initial;background-repeat: initial;background-attachment: initial;font-family: sans-serif;font-size: 14px\" title=\"Potassium\" target=\"_blank\" rel=\"noopener\">potassium<\/a><span style=\"font-family: sans-serif;font-size: 14px\">,&nbsp;<\/span><a href=\"https:\/\/et.wikipedia.org\/wiki\/Naatrium\" style=\"background-image: none;background-position: initial;background-size: initial;background-repeat: initial;background-attachment: initial;font-family: sans-serif;font-size: 14px\" title=\"Sodium\" target=\"_blank\" rel=\"noopener\">sodium<\/a><span style=\"font-family: sans-serif;font-size: 14px\">,&nbsp;<\/span><a href=\"https:\/\/et.wikipedia.org\/wiki\/Kaltsium\" style=\"background-image: none;background-position: initial;background-size: initial;background-repeat: initial;background-attachment: initial;font-family: sans-serif;font-size: 14px\" title=\"Calcium\" target=\"_blank\" rel=\"noopener\">calcium<\/a><span style=\"font-family: sans-serif;font-size: 14px\">&nbsp;and&nbsp;<\/span><a href=\"https:\/\/et.wikipedia.org\/wiki\/Fosfor\" style=\"background-image: none;background-position: initial;background-size: initial;background-repeat: initial;background-attachment: initial;font-family: sans-serif;font-size: 14px\" title=\"Fosfor\" target=\"_blank\" rel=\"noopener\">phosphorite<\/a><span style=\"font-family: sans-serif;font-size: 14px\">.&nbsp;<\/span><\/p>","protected":false},"excerpt":{"rendered":"<p>Peterselli kasutamisel kokanduses on peaaegu piiramatult v\u00f5imalusi. Seda v\u00f5ib tarvitada v\u00e4rskelt, kuivatatult, k\u00fclmutatult v\u00f5i soolatult. Lehti kasutatakse salatite, kastmete ja munaroogade kaunistamiseks-maitsestamiseks. V\u00e4rsket \u00fcrti lisatakse toidule alles enne serveerimist, keetmisel v\u00e4heneb selle vitamiinisisaldus.&nbsp; Peteselliehed on rikkad&nbsp;raua&nbsp;ja&nbsp;C-vitamiini&nbsp;poolest ning sisaldavad ka&nbsp;karoteeni&nbsp;ja&nbsp;B-r\u00fchma vitamiine. Veel leidub&nbsp;valku,&nbsp;oblikhapet,&nbsp;s\u00fcsivesikuid,&nbsp;kaaliumi,&nbsp;naatriumi,&nbsp;kaltsiumi&nbsp;ja&nbsp;fosforit.&nbsp;<\/p>","protected":false},"featured_media":4040,"template":"","meta":[],"product_brand":[244],"product_cat":[305],"product_tag":[],"class_list":{"0":"post-139","1":"product","2":"type-product","3":"status-publish","4":"has-post-thumbnail","6":"product_brand-hela","7":"product_cat-urdid-kulmkuivatatud-urdid","9":"first","10":"outofstock","11":"taxable","12":"shipping-taxable","13":"purchasable","14":"product-type-simple"},"_links":{"self":[{"href":"https:\/\/pipraveski.ee\/en\/wp-json\/wp\/v2\/product\/139","targetHints":{"allow":["GET"]}}],"collection":[{"href":"https:\/\/pipraveski.ee\/en\/wp-json\/wp\/v2\/product"}],"about":[{"href":"https:\/\/pipraveski.ee\/en\/wp-json\/wp\/v2\/types\/product"}],"wp:featuredmedia":[{"embeddable":true,"href":"https:\/\/pipraveski.ee\/en\/wp-json\/wp\/v2\/media\/4040"}],"wp:attachment":[{"href":"https:\/\/pipraveski.ee\/en\/wp-json\/wp\/v2\/media?parent=139"}],"wp:term":[{"taxonomy":"product_brand","embeddable":true,"href":"https:\/\/pipraveski.ee\/en\/wp-json\/wp\/v2\/product_brand?post=139"},{"taxonomy":"product_cat","embeddable":true,"href":"https:\/\/pipraveski.ee\/en\/wp-json\/wp\/v2\/product_cat?post=139"},{"taxonomy":"product_tag","embeddable":true,"href":"https:\/\/pipraveski.ee\/en\/wp-json\/wp\/v2\/product_tag?post=139"}],"curies":[{"name":"wp","href":"https:\/\/api.w.org\/{rel}","templated":true}]}}