{"id":1389,"date":"2025-10-22T19:06:00","date_gmt":"2025-10-22T16:06:00","guid":{"rendered":"https:\/\/pipraveski.ee\/?post_type=product&#038;p=1389"},"modified":"2026-04-17T11:33:06","modified_gmt":"2026-04-17T08:33:06","slug":"krevetikreekerid-80g","status":"publish","type":"product","link":"https:\/\/pipraveski.ee\/en\/product\/krevetikreekerid-80g\/","title":{"rendered":"Krevetikreekerid, 80g"},"content":{"rendered":"<p>Krevetimaitselised kr\u00f5psud.<br \/>\nPopulaarne sn\u00e4Kk paljudes Aasia maades.<br \/>\nServeeri dipikastmega (nt t\u0161illikaste) v\u00f5i karride \/ suppide k\u00f5rvale.<\/p>\n<p>Koostisosad: tapioki jahu, NISUjahu (sisaldab GLUTEENI), p\u00e4evalille\u00f5li, KREVETID 4,5%, suhkur, sool, MUNApulber.<br \/>\nT\u00f6\u00f6deldud tehases, mis k\u00e4sitleb ka maap\u00e4hkleid.<\/p>\n<p>Nutrition information per 100g:<br \/>\nEnergiasisaldus 2064kJ\/493kcal<br \/>\nRasvad 23,7g<br \/>\nmillest k\u00fcllastunud rasvhapped 2g<br \/>\nS\u00fcsivesikud 66,7g<br \/>\nmillest suhkrud 5,6g<br \/>\nValgud 2,6g<br \/>\nSalt 2,1g<\/p>","protected":false},"excerpt":{"rendered":"<p>Krevetikr\u00f5psud &#8211; sn\u00e4kina, karride\/suppide k\u00f5rvale<\/p>","protected":false},"featured_media":1419,"template":"","meta":[],"product_brand":[],"product_cat":[324],"product_tag":[],"class_list":{"0":"post-1389","1":"product","2":"type-product","3":"status-publish","4":"has-post-thumbnail","6":"product_cat-maiustused-snakid","8":"first","9":"instock","10":"taxable","11":"shipping-taxable","12":"purchasable","13":"product-type-simple"},"_links":{"self":[{"href":"https:\/\/pipraveski.ee\/en\/wp-json\/wp\/v2\/product\/1389","targetHints":{"allow":["GET"]}}],"collection":[{"href":"https:\/\/pipraveski.ee\/en\/wp-json\/wp\/v2\/product"}],"about":[{"href":"https:\/\/pipraveski.ee\/en\/wp-json\/wp\/v2\/types\/product"}],"wp:featuredmedia":[{"embeddable":true,"href":"https:\/\/pipraveski.ee\/en\/wp-json\/wp\/v2\/media\/1419"}],"wp:attachment":[{"href":"https:\/\/pipraveski.ee\/en\/wp-json\/wp\/v2\/media?parent=1389"}],"wp:term":[{"taxonomy":"product_brand","embeddable":true,"href":"https:\/\/pipraveski.ee\/en\/wp-json\/wp\/v2\/product_brand?post=1389"},{"taxonomy":"product_cat","embeddable":true,"href":"https:\/\/pipraveski.ee\/en\/wp-json\/wp\/v2\/product_cat?post=1389"},{"taxonomy":"product_tag","embeddable":true,"href":"https:\/\/pipraveski.ee\/en\/wp-json\/wp\/v2\/product_tag?post=1389"}],"curies":[{"name":"wp","href":"https:\/\/api.w.org\/{rel}","templated":true}]}}