{"id":1386,"date":"2025-10-22T19:06:00","date_gmt":"2025-10-22T16:06:00","guid":{"rendered":"https:\/\/pipraveski.ee\/?post_type=product&#038;p=1386"},"modified":"2026-04-17T11:31:41","modified_gmt":"2026-04-17T08:31:41","slug":"tsilliseemned-aji-limo-10tk","status":"publish","type":"product","link":"https:\/\/pipraveski.ee\/en\/product\/tsilliseemned-aji-limo-10tk\/","title":{"rendered":"Chilli seeds Aji Limo, 10pcs"},"content":{"rendered":"<p>Aji Limo T\u0161illi on \u00fcks Peruu v\u00fcrtsikamaid t\u0161illisid. P\u00f5\u00f5sastunud taimed ulatuvad u. 90 cm pikkusteks. Erkkollastel, tilgakujulistel ja mahlastel viljadel on puuviljane sidrunil\u00f5hn ja intensiivne v\u00fcrtsikus. Need on Peruu k\u00f6\u00f6gis v\u00e4ga populaarsed ja neid kasutatakse \u201cCeviche\u201d kalamarinaadis, samuti sobivad need suurep\u00e4raselt puuviljasalsade ja kastmete valmistamiseks ning kuivatamiseks ja kollase t\u0161illipulbri valmistamiseks.<\/p>\n<p>Hooldus: Idanemistemperatuur on 22-28\u00b0C (idanemisperiood 8-21 p\u00e4eva), seet\u00f5ttu on soovitatav kasutada kasvuhoonet ja k\u00fcttematti. Taimed vajavad v\u00e4rsket, h\u00e4sti v\u00e4etatud, vett l\u00e4bilaskvat mulda ega talu vettimist. Need tuleks istutada p\u00e4ikesepaistelisse, kaitstud kohta, kus on v\u00e4hemalt 6 tundi p\u00e4ikesevalgust \u2013 soovitavalt rohkem. Pane taimed \u00f5ue u. 2\u20133 n\u00e4dalat p\u00e4rast viimast k\u00fclma.<\/p>","protected":false},"excerpt":{"rendered":"<p>Aji Limo T\u0161illi on \u00fcks Peruu v\u00fcrtsikamaid t\u0161illisid. Erkkollastel, tilgakujulistel ja mahlastel viljadel on puuviljane sidrunil\u00f5hn ja intensiivne v\u00fcrtsikus. Need on Peruu k\u00f6\u00f6gis v\u00e4ga populaarsed ja neid kasutatakse \u201cCeviche\u201d kalamarinaadis, samuti sobivad need suurep\u00e4raselt puuviljasalsade ja kastmete valmistamiseks ning kuivatamiseks ja kollase t\u0161illipulbri valmistamiseks.<\/p>","protected":false},"featured_media":1416,"template":"","meta":[],"product_brand":[238],"product_cat":[329],"product_tag":[],"class_list":{"0":"post-1386","1":"product","2":"type-product","3":"status-publish","4":"has-post-thumbnail","6":"product_brand-chili-food","7":"product_cat-tsillikasvatus","9":"first","10":"instock","11":"taxable","12":"shipping-taxable","13":"purchasable","14":"product-type-simple"},"_links":{"self":[{"href":"https:\/\/pipraveski.ee\/en\/wp-json\/wp\/v2\/product\/1386","targetHints":{"allow":["GET"]}}],"collection":[{"href":"https:\/\/pipraveski.ee\/en\/wp-json\/wp\/v2\/product"}],"about":[{"href":"https:\/\/pipraveski.ee\/en\/wp-json\/wp\/v2\/types\/product"}],"wp:featuredmedia":[{"embeddable":true,"href":"https:\/\/pipraveski.ee\/en\/wp-json\/wp\/v2\/media\/1416"}],"wp:attachment":[{"href":"https:\/\/pipraveski.ee\/en\/wp-json\/wp\/v2\/media?parent=1386"}],"wp:term":[{"taxonomy":"product_brand","embeddable":true,"href":"https:\/\/pipraveski.ee\/en\/wp-json\/wp\/v2\/product_brand?post=1386"},{"taxonomy":"product_cat","embeddable":true,"href":"https:\/\/pipraveski.ee\/en\/wp-json\/wp\/v2\/product_cat?post=1386"},{"taxonomy":"product_tag","embeddable":true,"href":"https:\/\/pipraveski.ee\/en\/wp-json\/wp\/v2\/product_tag?post=1386"}],"curies":[{"name":"wp","href":"https:\/\/api.w.org\/{rel}","templated":true}]}}