{"id":137,"date":"2025-10-22T19:01:02","date_gmt":"2025-10-22T16:01:02","guid":{"rendered":"https:\/\/pipraveski.ee\/?post_type=product&#038;p=137"},"modified":"2026-04-17T11:32:08","modified_gmt":"2026-04-17T08:32:08","slug":"vurtsisool-50g","status":"publish","type":"product","link":"https:\/\/pipraveski.ee\/en\/product\/vurtsisool-50g\/","title":{"rendered":"Spicy salt, HELA, 50g"},"content":{"rendered":"<p>Universal seasoning. Also suitable for short roasts and all kinds of toasts.<br \/>\nFlavour notes: spicy, piquant with paprika, nutmeg and pepper.<br \/>\nApplication: approx. 15-25g\/kg meat or to taste.<br \/>\nUsage: universally applicable.<br \/>\n<strong>Suuremat pakendit soovides ootame teie e-kirja aadressile myyk@pipraveski.ee<\/strong><\/p>\n<p>Ingredients: table salt, dextrose, nutmeg, paprika, flavour enhancer sodium glutamate E621, pepper, nutmeg, cumin, spices (contains SELLERIC, MUSTARD FLOUR), herbs.<\/p>\n<p>Nutrition information per 100 g<br \/>\nNutritional value: 609 kJ \/ 145 kcal<br \/>\nFats: 3,9g<br \/>\nof which saturated fatty acids: 2,1 g<br \/>\nCarbohydrates: 21,1g<br \/>\nof which sugars: 17,5 g<br \/>\nProtein: 4,9 g<br \/>\nSalt: 61,7g<br \/>\nFibre: 2,8 g<\/p>","protected":false},"excerpt":{"rendered":"<p>Universaalne maitseaine. Sobib ka l\u00fchikeseks r\u00f6stimiseks ja k\u00f5ikv\u00f5imalikeks r\u00f6stideks. Maitsenoot: v\u00fcrtsikas, pikantne paprika, muskaatp\u00e4hkli ja pipraga. Kasutamine: u. 15-25g\/kg liha v\u00f5i maitse j\u00e4rgi Kasutamine: universaalselt kasutatav. Suuremat pakendit soovides ootame teie e-kirja aadressile myyk@pipraveski.ee Koostisosad: lauasool, dekstroos, muskaatp\u00e4hkel, paprika, maitsetugevdaja naatriumglutamaat E621, pipar, muskaatpuu, k\u00f6\u00f6mned, v\u00fcrtsid (sisaldab SELLERI-, SINEPIJAhu), \u00fcrdid. Toitumisalane teave 100 g kohta [&hellip;]<\/p>\n","protected":false},"featured_media":170,"template":"","meta":[],"product_brand":[],"product_cat":[307],"product_tag":[],"class_list":{"0":"post-137","1":"product","2":"type-product","3":"status-publish","4":"has-post-thumbnail","6":"product_cat-maitseainesegud","8":"first","9":"instock","10":"taxable","11":"shipping-taxable","12":"purchasable","13":"product-type-simple"},"_links":{"self":[{"href":"https:\/\/pipraveski.ee\/en\/wp-json\/wp\/v2\/product\/137","targetHints":{"allow":["GET"]}}],"collection":[{"href":"https:\/\/pipraveski.ee\/en\/wp-json\/wp\/v2\/product"}],"about":[{"href":"https:\/\/pipraveski.ee\/en\/wp-json\/wp\/v2\/types\/product"}],"wp:featuredmedia":[{"embeddable":true,"href":"https:\/\/pipraveski.ee\/en\/wp-json\/wp\/v2\/media\/170"}],"wp:attachment":[{"href":"https:\/\/pipraveski.ee\/en\/wp-json\/wp\/v2\/media?parent=137"}],"wp:term":[{"taxonomy":"product_brand","embeddable":true,"href":"https:\/\/pipraveski.ee\/en\/wp-json\/wp\/v2\/product_brand?post=137"},{"taxonomy":"product_cat","embeddable":true,"href":"https:\/\/pipraveski.ee\/en\/wp-json\/wp\/v2\/product_cat?post=137"},{"taxonomy":"product_tag","embeddable":true,"href":"https:\/\/pipraveski.ee\/en\/wp-json\/wp\/v2\/product_tag?post=137"}],"curies":[{"name":"wp","href":"https:\/\/api.w.org\/{rel}","templated":true}]}}