{"id":1355,"date":"2025-10-22T19:05:49","date_gmt":"2025-10-22T16:05:49","guid":{"rendered":"https:\/\/pipraveski.ee\/?post_type=product&#038;p=1355"},"modified":"2026-04-17T11:32:32","modified_gmt":"2026-04-17T08:32:32","slug":"kinoa-must-4kg","status":"publish","type":"product","link":"https:\/\/pipraveski.ee\/en\/product\/kinoa-must-4kg\/","title":{"rendered":"Kinoa, black, 4kg"},"content":{"rendered":"<p>Quinoa is a small, nutritious and crunchy seed that has found its way into European diets and has quickly become quite a popular food.&nbsp;<br \/>\nKinoa e. T\u0161iili hanemalts sobib erinevate salatite valmistamiseks, seda v\u00f5ib keeta ja s\u00fc\u00fca nagu n\u00e4iteks riisi, ka sobib see suppidesse jpm.<br \/>\nMust kinoa on pehme, \u00f5hulise tekstuuriga. See on ka kr\u00f5mpsuvam ning maitsek\u00fcllasem kui valge kinoa. P\u00f5hiline erinevus valge kinoaga on see, et must ning punane kinoa hoiavad p\u00e4rast k\u00fcpsemist paremini vormi, sobib h\u00e4sti k\u00fclmadesse salatitesse jmt. toidu k\u00f5rvale (liha, kana, kala vmt).<br \/>\n&nbsp;<\/p>\n<p style=\"margin: 0px 0px 20px;, Verdana, Geneva, sans-serif\"><span style=\"font-family: tahoma, geneva, sans-serif\"><strong>Black quinoa<\/strong>&nbsp;are high in protein, gluten-free, easily digestible and full of iron and fibre, which are particularly important for good digestion and fast metabolism. The kernels are easy to prepare and can also be added to a variety of dishes.&nbsp;<\/span><\/p>\n<p><strong style=\"font-family: tahoma, geneva, sans-serif\">Ingredients:&nbsp;<\/strong><span style=\"font-family: tahoma, geneva, sans-serif\">cinema.<\/span><\/p>\n<p><span style=\"font-family: tahoma, geneva, sans-serif\"><strong>Nutrition information per 100g:<\/strong><br \/>\nEnergy 357 kcal \/ 1492 kJ<br \/>\nFats 6,1g<br \/>\nof which saturated fatty acids 0,7g<br \/>\nCarbohydrates 57,2g<br \/>\nof which sugars 4,9g<br \/>\nProtein 14,1g<br \/>\nSalt 0g<\/span><\/p>\n<p><strong style=\"font-family: tahoma, geneva, sans-serif\">Country of origin:&nbsp;<\/strong><span style=\"font-family: tahoma, geneva, sans-serif\">Bolivia<\/span><\/p>\n<p><span style=\"font-family: tahoma, geneva, sans-serif\"><strong>Storage:<\/strong>&nbsp;keep dry and cool.<\/span><\/p>\n<p>&nbsp;<\/p>\n<p style=\"margin: 0px 0px 20px;, Verdana, Geneva, sans-serif\">&nbsp;<\/p>","protected":false},"excerpt":{"rendered":"<p>A small, nutritious and crunchy seed - suitable for salads, soups and more.<\/p>","protected":false},"featured_media":1385,"template":"","meta":[],"product_brand":[],"product_cat":[319],"product_tag":[],"class_list":{"0":"post-1355","1":"product","2":"type-product","3":"status-publish","4":"has-post-thumbnail","6":"product_cat-laatsed-oad-terad","8":"first","9":"instock","10":"taxable","11":"shipping-taxable","12":"purchasable","13":"product-type-simple"},"_links":{"self":[{"href":"https:\/\/pipraveski.ee\/en\/wp-json\/wp\/v2\/product\/1355","targetHints":{"allow":["GET"]}}],"collection":[{"href":"https:\/\/pipraveski.ee\/en\/wp-json\/wp\/v2\/product"}],"about":[{"href":"https:\/\/pipraveski.ee\/en\/wp-json\/wp\/v2\/types\/product"}],"wp:featuredmedia":[{"embeddable":true,"href":"https:\/\/pipraveski.ee\/en\/wp-json\/wp\/v2\/media\/1385"}],"wp:attachment":[{"href":"https:\/\/pipraveski.ee\/en\/wp-json\/wp\/v2\/media?parent=1355"}],"wp:term":[{"taxonomy":"product_brand","embeddable":true,"href":"https:\/\/pipraveski.ee\/en\/wp-json\/wp\/v2\/product_brand?post=1355"},{"taxonomy":"product_cat","embeddable":true,"href":"https:\/\/pipraveski.ee\/en\/wp-json\/wp\/v2\/product_cat?post=1355"},{"taxonomy":"product_tag","embeddable":true,"href":"https:\/\/pipraveski.ee\/en\/wp-json\/wp\/v2\/product_tag?post=1355"}],"curies":[{"name":"wp","href":"https:\/\/api.w.org\/{rel}","templated":true}]}}