{"id":135,"date":"2025-10-22T19:01:02","date_gmt":"2025-10-22T16:01:02","guid":{"rendered":"https:\/\/pipraveski.ee\/?post_type=product&#038;p=135"},"modified":"2026-04-17T11:31:38","modified_gmt":"2026-04-17T08:31:38","slug":"vurtsikad-riisikreekerid-merevetikaga-135g","status":"publish","type":"product","link":"https:\/\/pipraveski.ee\/en\/product\/vurtsikad-riisikreekerid-merevetikaga-135g\/","title":{"rendered":"Spicy rice crackers with seaweed, 135g"},"content":{"rendered":"<p>Koostisosad: riis 49,4%, modifitseeritud tapioki t\u00e4rklis, taime\u00f5li(palmi\u00f5li, antioks\u00fcdant E306(SOJAoad), suhkur, SOJAkaste (SOJA, NISU, sool), LAKTOOS(PIIM), sool, merevetika ribad 0,85%,v\u00e4rvaine E160c, emulgaator E322( SOJAoad), maitsetugevdajad: E627, E631, antioks\u00fcdant: E306 (SOJA), t\u0161illiekstrakt 0,01%.<br \/>\nV\u00f5ib sisaldada j\u00e4lgi koorikloomadest, munast, sellerist, sinepist, seesamiseemnetest.<\/p>\n<p>Nutrition information per 100g:<br \/>\nEnergiasisaldus 1915 kJ \/ 455 kcal<br \/>\nFats 13g<br \/>\nof which saturated fatty acids 6,1g<br \/>\nS\u00fcsivesikud 79 g<br \/>\nof which sugars 12 g<br \/>\nProtein 4,8 g<br \/>\nSalt 1,8 g<\/p>\n<p>Country of origin: Thailand<\/p>","protected":false},"excerpt":{"rendered":"<p>Ainulaadse maitse ja idamaises stiilis tekstuuriga maitsvad riisikr\u00f5psud.<\/p>","protected":false},"featured_media":168,"template":"","meta":[],"product_brand":[],"product_cat":[324],"product_tag":[],"class_list":{"0":"post-135","1":"product","2":"type-product","3":"status-publish","4":"has-post-thumbnail","6":"product_cat-maiustused-snakid","8":"first","9":"instock","10":"taxable","11":"shipping-taxable","12":"purchasable","13":"product-type-simple"},"_links":{"self":[{"href":"https:\/\/pipraveski.ee\/en\/wp-json\/wp\/v2\/product\/135","targetHints":{"allow":["GET"]}}],"collection":[{"href":"https:\/\/pipraveski.ee\/en\/wp-json\/wp\/v2\/product"}],"about":[{"href":"https:\/\/pipraveski.ee\/en\/wp-json\/wp\/v2\/types\/product"}],"wp:featuredmedia":[{"embeddable":true,"href":"https:\/\/pipraveski.ee\/en\/wp-json\/wp\/v2\/media\/168"}],"wp:attachment":[{"href":"https:\/\/pipraveski.ee\/en\/wp-json\/wp\/v2\/media?parent=135"}],"wp:term":[{"taxonomy":"product_brand","embeddable":true,"href":"https:\/\/pipraveski.ee\/en\/wp-json\/wp\/v2\/product_brand?post=135"},{"taxonomy":"product_cat","embeddable":true,"href":"https:\/\/pipraveski.ee\/en\/wp-json\/wp\/v2\/product_cat?post=135"},{"taxonomy":"product_tag","embeddable":true,"href":"https:\/\/pipraveski.ee\/en\/wp-json\/wp\/v2\/product_tag?post=135"}],"curies":[{"name":"wp","href":"https:\/\/api.w.org\/{rel}","templated":true}]}}