{"id":1349,"date":"2025-10-22T19:05:49","date_gmt":"2025-10-22T16:05:49","guid":{"rendered":"https:\/\/pipraveski.ee\/?post_type=product&#038;p=1349"},"modified":"2026-04-17T11:32:31","modified_gmt":"2026-04-17T08:32:31","slug":"tsillipasta-ancho-250g","status":"publish","type":"product","link":"https:\/\/pipraveski.ee\/en\/product\/tsillipasta-ancho-250g\/","title":{"rendered":"Chilli paste, Ancho, 250g"},"content":{"rendered":"<p>Kui v\u00e4rsket t\u0161illit pole k\u00e4ep\u00e4rast: t\u0161illipasta roogade kiireks maitsestamiseks.<\/p>\n<p>Ancho t\u0161illi on punaseks k\u00fcpsenud ja kuivatatud Poblano t\u0161illi, mis on \u00fcks populaarsemaid t\u0161illisid Mehhikos. See on suhteliselt mahe sort (1000\u20132000 Scoville&#8217;i) ja selle v\u00e4rvus ulatub tumedast telliskivipunasest mahagonini. Anchod on v\u00e4ga aromaatsed ja magusad, puuviljase aroomi ning ploomi, kohvi, tubaka, lagritsa ja rosina nootidega. Anchosid kasutatakse peamiselt kastmetes. Need annavad roogadele ploomi ja rosina noodi, mis on autentse Mehhiko k\u00f6\u00f6gi maitseelamuse jaoks vajalikud. Aroom sobib h\u00e4sti ka sealiha v\u00f5i chili con carnega.<br \/>\nS\u00e4ilitamine: p\u00e4rast avamist hoida k\u00fclmkapis ja tarbida 6 n\u00e4dala jooksul.<\/p>\n<p>Koostis: Ancho t\u0161illi, taime\u00f5li, sibul, sool, k\u00fc\u00fcslauk, suhkur, p\u00e4rmiekstrakt, sidrunhape, kaaliumsorbaat (E202).<\/p>\n<p>Nutrition information per 100 g<br \/>\nEnergiasisaldus&nbsp; 164kj \/687kcal<br \/>\nRasvad 11,1 g<br \/>\nmillest k\u00fcllastunud rasvhapped 1,4g<br \/>\nS\u00fcsivesikud 14,3g<br \/>\nof which sugars 0,0 g<br \/>\nValgud 3,2g<br \/>\nSool 1,0 g<\/p>","protected":false},"excerpt":{"rendered":"<p>Kui v\u00e4rsket t\u0161illit pole k\u00e4ep\u00e4rast: t\u0161illipasta roogade kiireks maitsestamiseks.<\/p>","protected":false},"featured_media":1379,"template":"","meta":[],"product_brand":[243],"product_cat":[308],"product_tag":[],"class_list":{"0":"post-1349","1":"product","2":"type-product","3":"status-publish","4":"has-post-thumbnail","6":"product_brand-xatze","7":"product_cat-maitseaine-pastad-kastmed","9":"first","10":"instock","11":"taxable","12":"shipping-taxable","13":"purchasable","14":"product-type-simple"},"_links":{"self":[{"href":"https:\/\/pipraveski.ee\/en\/wp-json\/wp\/v2\/product\/1349","targetHints":{"allow":["GET"]}}],"collection":[{"href":"https:\/\/pipraveski.ee\/en\/wp-json\/wp\/v2\/product"}],"about":[{"href":"https:\/\/pipraveski.ee\/en\/wp-json\/wp\/v2\/types\/product"}],"wp:featuredmedia":[{"embeddable":true,"href":"https:\/\/pipraveski.ee\/en\/wp-json\/wp\/v2\/media\/1379"}],"wp:attachment":[{"href":"https:\/\/pipraveski.ee\/en\/wp-json\/wp\/v2\/media?parent=1349"}],"wp:term":[{"taxonomy":"product_brand","embeddable":true,"href":"https:\/\/pipraveski.ee\/en\/wp-json\/wp\/v2\/product_brand?post=1349"},{"taxonomy":"product_cat","embeddable":true,"href":"https:\/\/pipraveski.ee\/en\/wp-json\/wp\/v2\/product_cat?post=1349"},{"taxonomy":"product_tag","embeddable":true,"href":"https:\/\/pipraveski.ee\/en\/wp-json\/wp\/v2\/product_tag?post=1349"}],"curies":[{"name":"wp","href":"https:\/\/api.w.org\/{rel}","templated":true}]}}