{"id":1345,"date":"2025-10-22T19:05:49","date_gmt":"2025-10-22T16:05:49","guid":{"rendered":"https:\/\/pipraveski.ee\/?post_type=product&#038;p=1345"},"modified":"2026-04-17T11:31:40","modified_gmt":"2026-04-17T08:31:40","slug":"mac-nuga-th-80-kokanuga-200mm","status":"publish","type":"product","link":"https:\/\/pipraveski.ee\/en\/product\/mac-nuga-th-80-kokanuga-200mm\/","title":{"rendered":"MAC knife TH-80 (coke knife), 200mm"},"content":{"rendered":"<p>MAC CHEF sarja TH-80 200mm kokanuga on sarnane MACi PROFFESIONAL sarjas m\u00fc\u00fcdavale noale MTH-80, kuid ilma lisa toetuseta k\u00e4epideme ja tera \u00fclemineku punktis ning ilma &#8216;sub-zero&#8217; t\u00f6\u00f6tlusega teraseta.<\/p>\n<p>J\u00e4rk-j\u00e4rguline teravnev kontuur alates k\u00e4epidemest kuni tera tipuni on tehtud Gyuto stiilis (koka noa jaapani versioon).<br \/>\nNuga saab kasutada k\u00f5igi puuviljade, k\u00f6\u00f6giviljade ja lihade viilutamiseks.<\/p>\n<p>Mac nugade teravus Rockwelli skaalal j\u00e4\u00e4b vahemikku 57-61.<br \/>\n<span style=\"font-size:14px\"><span style=\"font-family: Roboto, sans-serif\">Tera k\u00f5vadus: 57-61 HRC; Teritusnurk 10-15\u00b0<\/span><\/span><br \/>\nIt is not recommended to wash in a dishwasher!<\/p>\n<p>Noa pikkus: 321mm<br \/>\nNoa kaal: 170g<br \/>\nTera pikkus: 200mm<br \/>\nTera k\u00f5rgus: 48mm<br \/>\nTera paksus: 2mm<\/p>","protected":false},"excerpt":{"rendered":"<p>Kokanuga, lohukestega tera<\/p>","protected":false},"featured_media":1375,"template":"","meta":[],"product_brand":[246],"product_cat":[336],"product_tag":[],"class_list":{"0":"post-1345","1":"product","2":"type-product","3":"status-publish","4":"has-post-thumbnail","6":"product_brand-mac","7":"product_cat-noad","9":"first","10":"instock","11":"taxable","12":"shipping-taxable","13":"purchasable","14":"product-type-simple"},"_links":{"self":[{"href":"https:\/\/pipraveski.ee\/en\/wp-json\/wp\/v2\/product\/1345","targetHints":{"allow":["GET"]}}],"collection":[{"href":"https:\/\/pipraveski.ee\/en\/wp-json\/wp\/v2\/product"}],"about":[{"href":"https:\/\/pipraveski.ee\/en\/wp-json\/wp\/v2\/types\/product"}],"wp:featuredmedia":[{"embeddable":true,"href":"https:\/\/pipraveski.ee\/en\/wp-json\/wp\/v2\/media\/1375"}],"wp:attachment":[{"href":"https:\/\/pipraveski.ee\/en\/wp-json\/wp\/v2\/media?parent=1345"}],"wp:term":[{"taxonomy":"product_brand","embeddable":true,"href":"https:\/\/pipraveski.ee\/en\/wp-json\/wp\/v2\/product_brand?post=1345"},{"taxonomy":"product_cat","embeddable":true,"href":"https:\/\/pipraveski.ee\/en\/wp-json\/wp\/v2\/product_cat?post=1345"},{"taxonomy":"product_tag","embeddable":true,"href":"https:\/\/pipraveski.ee\/en\/wp-json\/wp\/v2\/product_tag?post=1345"}],"curies":[{"name":"wp","href":"https:\/\/api.w.org\/{rel}","templated":true}]}}