{"id":1339,"date":"2025-10-22T19:05:49","date_gmt":"2025-10-22T16:05:49","guid":{"rendered":"https:\/\/pipraveski.ee\/?post_type=product&#038;p=1339"},"modified":"2026-04-17T11:32:00","modified_gmt":"2026-04-17T08:32:00","slug":"kanepiseemned-kooritud-1kg","status":"publish","type":"product","link":"https:\/\/pipraveski.ee\/en\/product\/kanepiseemned-kooritud-1kg\/","title":{"rendered":"Hemp seeds, shelled, 1kg"},"content":{"rendered":"<p>Mahekanepiseemned on kergelt p\u00e4hklise maitsega, \u00f5lirikkad ja toitvad seemned.<br \/>\nKooritud kanepiseemned on hea lisand paljudele toitudele: m\u00fcslile, k\u00fcpsistele, energiabatoonidele, putrudele, salatitele, hummusele, leivataignasse v\u00f5i p\u00fcreesupile. Kanepiseemned on Eesti toidulaual olnud juba ammustest aegadest, neist valmistati toiduks n\u00e4iteks kanepitampi.<\/p>\n<p><span style=\"font-size:12px\"><span style=\"font-family: Nunito, sans-serif\">Kanepiseemneid v\u00f5iks s\u00fc\u00fca umbes supilusikat\u00e4is iga p\u00e4ev.&nbsp;&nbsp;<\/span><br \/>\n<span style=\"font-family: Nunito, sans-serif\">Kanepiseemned sisaldavad \u00f5li kuni 35% ning selles on ideaalne inimese kehale vajalike Omega-3 ja Omega-6 rasvhapete suhe (3 : 1).<br \/>\nNeed&nbsp;seemned sisaldavad ligi 35% k\u00f5rgv\u00e4\u00e4rtuslikku \u00f5li, ligi 25% proteiini, 20-30% s\u00fcsivesikuid, 10-15% ballastaineid terve rida mineraalaineid (eriti fosforit, kaaliumi, magneesiumi, kaltsiumi, aga ka rauda ja tsinki), vitamiine (A, B-grupi (v.a. B12), C, E, karotenoide) ning klorof\u00fclli. Lisaks veel antioks\u00fcdante ja omega-rasvhappeid.<\/span><\/span><\/p>","protected":false},"excerpt":{"rendered":"<p>Kerge p\u00e4hklise maitsega toitvad seemned.<\/p>","protected":false},"featured_media":1369,"template":"","meta":[],"product_brand":[],"product_cat":[321],"product_tag":[],"class_list":{"0":"post-1339","1":"product","2":"type-product","3":"status-publish","4":"has-post-thumbnail","6":"product_cat-seemned-marjad-seened-jmt","8":"first","9":"outofstock","10":"taxable","11":"shipping-taxable","12":"purchasable","13":"product-type-simple"},"_links":{"self":[{"href":"https:\/\/pipraveski.ee\/en\/wp-json\/wp\/v2\/product\/1339","targetHints":{"allow":["GET"]}}],"collection":[{"href":"https:\/\/pipraveski.ee\/en\/wp-json\/wp\/v2\/product"}],"about":[{"href":"https:\/\/pipraveski.ee\/en\/wp-json\/wp\/v2\/types\/product"}],"wp:featuredmedia":[{"embeddable":true,"href":"https:\/\/pipraveski.ee\/en\/wp-json\/wp\/v2\/media\/1369"}],"wp:attachment":[{"href":"https:\/\/pipraveski.ee\/en\/wp-json\/wp\/v2\/media?parent=1339"}],"wp:term":[{"taxonomy":"product_brand","embeddable":true,"href":"https:\/\/pipraveski.ee\/en\/wp-json\/wp\/v2\/product_brand?post=1339"},{"taxonomy":"product_cat","embeddable":true,"href":"https:\/\/pipraveski.ee\/en\/wp-json\/wp\/v2\/product_cat?post=1339"},{"taxonomy":"product_tag","embeddable":true,"href":"https:\/\/pipraveski.ee\/en\/wp-json\/wp\/v2\/product_tag?post=1339"}],"curies":[{"name":"wp","href":"https:\/\/api.w.org\/{rel}","templated":true}]}}