{"id":1335,"date":"2025-10-22T19:05:48","date_gmt":"2025-10-22T16:05:48","guid":{"rendered":"https:\/\/pipraveski.ee\/?post_type=product&#038;p=1335"},"modified":"2026-04-17T11:32:44","modified_gmt":"2026-04-17T08:32:44","slug":"lagritsa-juure-tukid-30g","status":"publish","type":"product","link":"https:\/\/pipraveski.ee\/en\/product\/lagritsa-juure-tukid-30g\/","title":{"rendered":"Lagritsa juure t\u00fckid, 30g"},"content":{"rendered":"<p><span style=\"font-size: 13px\">Lagritsajuurt kasutatakse lik\u00f6\u00f6rides ja napsudes ning ka d\u017einni valmistamisel, et anda d\u017einnile magusat, soojalt v\u00fcrtsikat ja veidi mullast maitset.<\/span><br style=\"font-size: 13px\" \/><br \/>\n<br style=\"font-size: 13px\" \/><br \/>\n<span style=\"font-size: 13px\">Lagritsajuur on kuulus oma tervislike omaduste poolest. Sellele on omistatud j\u00e4rgmisi omadusi- p\u00f5letikuvastane, k\u00f6ha ja kurguvalu leevendaja, seedes\u00fcsteemi tugi, immuuns\u00fcsteemi tugevdaja, hormoonide tasakaalustaja (eriti naistel), antioks\u00fcdant.<\/span><br style=\"font-size: 13px\" \/><br \/>\n<br style=\"font-size: 13px\" \/><br \/>\n<span style=\"font-size: 13px\">Tarbimiseks teena : 2 tl\/200ml\/100C\/5-10 min<\/span><br style=\"font-size: 13px\" \/><br \/>\n<br style=\"font-size: 13px\" \/><br \/>\n<span style=\"font-size: 13px\">NB! K\u00f5rgenenud verer\u00f5huga ja s\u00fcdameprobleemidega inimesed peaksid v\u00e4ltima liigset lagritsa tarbimist<\/span><br style=\"font-size: 13px\" \/><br \/>\n<span style=\"font-size: 13px\">P\u00e4ritolumaa: Bulgaaria<\/span><\/p>","protected":false},"excerpt":{"rendered":"<p>Kuivatatud ja peenestatud lagritsa- magusjuure t\u00fckid.<\/p>","protected":false},"featured_media":1365,"template":"","meta":[],"product_brand":[],"product_cat":[338],"product_tag":[],"class_list":{"0":"post-1335","1":"product","2":"type-product","3":"status-publish","4":"has-post-thumbnail","6":"product_cat-puhtad-maitsed","8":"first","9":"instock","10":"taxable","11":"shipping-taxable","12":"purchasable","13":"product-type-simple"},"_links":{"self":[{"href":"https:\/\/pipraveski.ee\/en\/wp-json\/wp\/v2\/product\/1335","targetHints":{"allow":["GET"]}}],"collection":[{"href":"https:\/\/pipraveski.ee\/en\/wp-json\/wp\/v2\/product"}],"about":[{"href":"https:\/\/pipraveski.ee\/en\/wp-json\/wp\/v2\/types\/product"}],"wp:featuredmedia":[{"embeddable":true,"href":"https:\/\/pipraveski.ee\/en\/wp-json\/wp\/v2\/media\/1365"}],"wp:attachment":[{"href":"https:\/\/pipraveski.ee\/en\/wp-json\/wp\/v2\/media?parent=1335"}],"wp:term":[{"taxonomy":"product_brand","embeddable":true,"href":"https:\/\/pipraveski.ee\/en\/wp-json\/wp\/v2\/product_brand?post=1335"},{"taxonomy":"product_cat","embeddable":true,"href":"https:\/\/pipraveski.ee\/en\/wp-json\/wp\/v2\/product_cat?post=1335"},{"taxonomy":"product_tag","embeddable":true,"href":"https:\/\/pipraveski.ee\/en\/wp-json\/wp\/v2\/product_tag?post=1335"}],"curies":[{"name":"wp","href":"https:\/\/api.w.org\/{rel}","templated":true}]}}