{"id":1334,"date":"2025-10-22T19:05:48","date_gmt":"2025-10-22T16:05:48","guid":{"rendered":"https:\/\/pipraveski.ee\/?post_type=product&#038;p=1334"},"modified":"2026-04-17T11:33:14","modified_gmt":"2026-04-17T08:33:14","slug":"taimne-seene-kaste-healthy-boy-700ml","status":"publish","type":"product","link":"https:\/\/pipraveski.ee\/en\/product\/taimne-seene-kaste-healthy-boy-700ml\/","title":{"rendered":"Vegetable Mushroom Sauce, Healthy Boy, 700ml"},"content":{"rendered":"<p>Taimne seenekaste.<br \/>\nSobib lisamiseks igale roale sarnaselt austri &#8211; ja sojakastmele.<br \/>\nEriti h\u00e4sti sobib kokku aasiap\u00e4raste roogadega.<\/p>\n<p><strong>Ingredients:<\/strong> vesi, SOJA kaste 20% (vesi, SOJAuba, NISUjahu, sool), seeneekstrakt 10%, suhkur, sool, gl\u00fckoosisiirup, maitsetugevdaja: E621, modifitseeritud maisit\u00e4rklis, s\u00e4ilitusaine: E211.<\/p>","protected":false},"excerpt":{"rendered":"<p>Taimne seenekaste. Sobib lisamiseks igale roale sarnaselt austri &#8211; ja sojakastmele. Eriti h\u00e4sti sobib kokku aasiap\u00e4raste roogadega. Koostisosad: vesi, SOJA kaste 20% (vesi, SOJAuba, NISUjahu, sool), seeneekstrakt 10%, suhkur, sool, gl\u00fckoosisiirup, maitsetugevdaja: E621, modifitseeritud maisit\u00e4rklis, s\u00e4ilitusaine: E211.<\/p>","protected":false},"featured_media":1364,"template":"","meta":[],"product_brand":[],"product_cat":[317],"product_tag":[],"class_list":{"0":"post-1334","1":"product","2":"type-product","3":"status-publish","4":"has-post-thumbnail","6":"product_cat-kastmed-sinepid-tsatnid","8":"first","9":"instock","10":"taxable","11":"shipping-taxable","12":"purchasable","13":"product-type-simple"},"_links":{"self":[{"href":"https:\/\/pipraveski.ee\/en\/wp-json\/wp\/v2\/product\/1334","targetHints":{"allow":["GET"]}}],"collection":[{"href":"https:\/\/pipraveski.ee\/en\/wp-json\/wp\/v2\/product"}],"about":[{"href":"https:\/\/pipraveski.ee\/en\/wp-json\/wp\/v2\/types\/product"}],"wp:featuredmedia":[{"embeddable":true,"href":"https:\/\/pipraveski.ee\/en\/wp-json\/wp\/v2\/media\/1364"}],"wp:attachment":[{"href":"https:\/\/pipraveski.ee\/en\/wp-json\/wp\/v2\/media?parent=1334"}],"wp:term":[{"taxonomy":"product_brand","embeddable":true,"href":"https:\/\/pipraveski.ee\/en\/wp-json\/wp\/v2\/product_brand?post=1334"},{"taxonomy":"product_cat","embeddable":true,"href":"https:\/\/pipraveski.ee\/en\/wp-json\/wp\/v2\/product_cat?post=1334"},{"taxonomy":"product_tag","embeddable":true,"href":"https:\/\/pipraveski.ee\/en\/wp-json\/wp\/v2\/product_tag?post=1334"}],"curies":[{"name":"wp","href":"https:\/\/api.w.org\/{rel}","templated":true}]}}