{"id":1330,"date":"2025-10-22T19:05:48","date_gmt":"2025-10-22T16:05:48","guid":{"rendered":"https:\/\/pipraveski.ee\/?post_type=product&#038;p=1330"},"modified":"2026-04-17T11:31:54","modified_gmt":"2026-04-17T08:31:54","slug":"supipasta-tom-yum-lobo-400g","status":"publish","type":"product","link":"https:\/\/pipraveski.ee\/en\/product\/supipasta-tom-yum-lobo-400g\/","title":{"rendered":"Soup pasta Tom Yum, Lobo, 400g"},"content":{"rendered":"<p>Taip\u00e4rase Tom Yum supi valmistamise v\u00fcrtsipasta.<\/p>\n<p>Retsept kreveti Tom Yum (4-le):<br \/>\nLase keema 1l vett, lisa 30g Tom Yum pastat.<br \/>\nLisa krevette ja seeni.<br \/>\nMaitsesta kalakasteme v\u00f5i soola ja sidrunimahlaga.<\/p>\n<p>Koostisosad: sool, suhkur, SOJA\u00f5li, sidrunhein, maitsetugevdaja: E621, happesuse regulaator: sidrunhape, t\u0161illipulber, tamarind, \u0161alottsibul, k\u00fc\u00fcslauk, kalgan, laimimahl.<\/p>\n<p>Nutrition information per 100g:<br \/>\nEnergiasisaldus 1210kJ\/290kcal<br \/>\nFats 18g<br \/>\nmillest k\u00fcllastunud rasvhapped 16g<br \/>\nS\u00fcsivesikud 28g<br \/>\nof which sugars 21g<br \/>\nProtein 3,5g<br \/>\nSool 25,3g<\/p>\n<p>Country of origin: Thailand<\/p>","protected":false},"excerpt":{"rendered":"<p>Taip\u00e4rase Tom Yum supi valmistamise v\u00fcrtsipasta<\/p>","protected":false},"featured_media":1360,"template":"","meta":[],"product_brand":[263],"product_cat":[308],"product_tag":[],"class_list":{"0":"post-1330","1":"product","2":"type-product","3":"status-publish","4":"has-post-thumbnail","6":"product_brand-lobo","7":"product_cat-maitseaine-pastad-kastmed","9":"first","10":"instock","11":"taxable","12":"shipping-taxable","13":"purchasable","14":"product-type-simple"},"_links":{"self":[{"href":"https:\/\/pipraveski.ee\/en\/wp-json\/wp\/v2\/product\/1330","targetHints":{"allow":["GET"]}}],"collection":[{"href":"https:\/\/pipraveski.ee\/en\/wp-json\/wp\/v2\/product"}],"about":[{"href":"https:\/\/pipraveski.ee\/en\/wp-json\/wp\/v2\/types\/product"}],"wp:featuredmedia":[{"embeddable":true,"href":"https:\/\/pipraveski.ee\/en\/wp-json\/wp\/v2\/media\/1360"}],"wp:attachment":[{"href":"https:\/\/pipraveski.ee\/en\/wp-json\/wp\/v2\/media?parent=1330"}],"wp:term":[{"taxonomy":"product_brand","embeddable":true,"href":"https:\/\/pipraveski.ee\/en\/wp-json\/wp\/v2\/product_brand?post=1330"},{"taxonomy":"product_cat","embeddable":true,"href":"https:\/\/pipraveski.ee\/en\/wp-json\/wp\/v2\/product_cat?post=1330"},{"taxonomy":"product_tag","embeddable":true,"href":"https:\/\/pipraveski.ee\/en\/wp-json\/wp\/v2\/product_tag?post=1330"}],"curies":[{"name":"wp","href":"https:\/\/api.w.org\/{rel}","templated":true}]}}