{"id":1329,"date":"2025-10-22T19:05:48","date_gmt":"2025-10-22T16:05:48","guid":{"rendered":"https:\/\/pipraveski.ee\/?post_type=product&#038;p=1329"},"modified":"2026-04-17T11:32:09","modified_gmt":"2026-04-17T08:32:09","slug":"mustad-oad-konserv-560g","status":"publish","type":"product","link":"https:\/\/pipraveski.ee\/en\/product\/mustad-oad-konserv-560g\/","title":{"rendered":"Black beans, canned 560g"},"content":{"rendered":"<p>Mustad oad on taimsete valkude ja kiudainete allikad ning neid on v\u00e4ga lihtne valmistada. Proovi terveid La Coste\u00f1a musti ube ja naudi nende maitsvat maitset ja tekstuuri!<br \/>\nKoostisained:&nbsp;Vesi, mustad oad, taime\u00f5li, sibul, jodeeritud sool, jalapeno t\u0161illi<br \/>\nV\u00f5ib sisaldada&nbsp;SOJAT, SELLERIT ja NAATRIUMGLUTAMAATI<\/p>\n<p><span style=\"font-size: 13px\">Nutrition information per 100g:<\/span><br style=\"font-size: 13px\" \/><br \/>\n<span style=\"font-size: 13px\">Energiasisaldus 227 kJ \/ 54 kcal<\/span><br style=\"font-size: 13px\" \/><br \/>\n<span style=\"font-size: 13px\">Fats 0,6g<\/span><br style=\"font-size: 13px\" \/><br \/>\n<span style=\"font-size: 13px\">of which saturated fatty acids 0,1g<br \/>\nS\u00fcsivesikud 4,9g<\/span><br style=\"font-size: 13px\" \/><br \/>\n<span style=\"font-size: 13px\">of which sugars 0g<\/span><br style=\"font-size: 13px\" \/><br \/>\n<span style=\"font-size: 13px\">Valgud 4,5 g<\/span><br style=\"font-size: 13px\" \/><br \/>\n<span style=\"font-size: 13px\">Sool 0,9g<\/p>\n<p>Country of origin: Mexico<\/span><\/p>","protected":false},"excerpt":{"rendered":"<p>La Coste\u00f1a mustad oad on suurep\u00e4rane v\u00f5imalus maitsvate Mehhiko roogade, n\u00e4iteks suppide, hautiste ja salatite valmistamiseks. <\/p>","protected":false},"featured_media":1359,"template":"","meta":[],"product_brand":[],"product_cat":[323],"product_tag":[],"class_list":{"0":"post-1329","1":"product","2":"type-product","3":"status-publish","4":"has-post-thumbnail","6":"product_cat-konservid","8":"first","9":"instock","10":"taxable","11":"shipping-taxable","12":"purchasable","13":"product-type-simple"},"_links":{"self":[{"href":"https:\/\/pipraveski.ee\/en\/wp-json\/wp\/v2\/product\/1329","targetHints":{"allow":["GET"]}}],"collection":[{"href":"https:\/\/pipraveski.ee\/en\/wp-json\/wp\/v2\/product"}],"about":[{"href":"https:\/\/pipraveski.ee\/en\/wp-json\/wp\/v2\/types\/product"}],"wp:featuredmedia":[{"embeddable":true,"href":"https:\/\/pipraveski.ee\/en\/wp-json\/wp\/v2\/media\/1359"}],"wp:attachment":[{"href":"https:\/\/pipraveski.ee\/en\/wp-json\/wp\/v2\/media?parent=1329"}],"wp:term":[{"taxonomy":"product_brand","embeddable":true,"href":"https:\/\/pipraveski.ee\/en\/wp-json\/wp\/v2\/product_brand?post=1329"},{"taxonomy":"product_cat","embeddable":true,"href":"https:\/\/pipraveski.ee\/en\/wp-json\/wp\/v2\/product_cat?post=1329"},{"taxonomy":"product_tag","embeddable":true,"href":"https:\/\/pipraveski.ee\/en\/wp-json\/wp\/v2\/product_tag?post=1329"}],"curies":[{"name":"wp","href":"https:\/\/api.w.org\/{rel}","templated":true}]}}