{"id":132,"date":"2025-10-22T19:01:02","date_gmt":"2025-10-22T16:01:02","guid":{"rendered":"https:\/\/pipraveski.ee\/?post_type=product&#038;p=132"},"modified":"2026-04-17T11:33:23","modified_gmt":"2026-04-17T08:33:23","slug":"ingver-jahvatatud-50g","status":"publish","type":"product","link":"https:\/\/pipraveski.ee\/en\/product\/ingver-jahvatatud-50g\/","title":{"rendered":"Ginger, ground, HELA, 50g"},"content":{"rendered":"<p>Uses: baked goods, spice mixes, smoothies, jams, tea, meat, fish and chicken dishes, marinades.<br \/>\n<span style=\"font-size: 12px\"><span style=\"font-family: Roboto, sans-serif\">Ginger does not go well with dairy products as it makes them sour.<\/span><\/span><\/p>\n<p><span style=\"font-size: 12px\"><span style=\"font-family: Roboto, sans-serif\">Ginger helps to speed up digestion, has anti-inflammatory properties and, thanks to the aromatic gingerol it contains, helps to fight respiratory viral diseases.<\/span><\/span><\/p>","protected":false},"excerpt":{"rendered":"<p>Kasutamine: k\u00fcpsetised, v\u00fcrtsisegud, smuutid, moosid, tee sisse, liha-, kala- ja kanaroad, marinaadid. Ingver ei sobi piimatoodetega, kuna muudab need hapuks. Ingver aitab seedimist kiirendada, on p\u00f5letikulisi protsesse alandav toime,&nbsp;samuti aitab t\u00e4nu selles sisalduvale aromaatsele gingeroolile v\u00f5idelda hingamisteede viirushaigustega.<\/p>","protected":false},"featured_media":4946,"template":"","meta":[],"product_brand":[244],"product_cat":[338],"product_tag":[],"class_list":{"0":"post-132","1":"product","2":"type-product","3":"status-publish","4":"has-post-thumbnail","6":"product_brand-hela","7":"product_cat-puhtad-maitsed","9":"first","10":"instock","11":"taxable","12":"shipping-taxable","13":"purchasable","14":"product-type-simple"},"_links":{"self":[{"href":"https:\/\/pipraveski.ee\/en\/wp-json\/wp\/v2\/product\/132","targetHints":{"allow":["GET"]}}],"collection":[{"href":"https:\/\/pipraveski.ee\/en\/wp-json\/wp\/v2\/product"}],"about":[{"href":"https:\/\/pipraveski.ee\/en\/wp-json\/wp\/v2\/types\/product"}],"wp:featuredmedia":[{"embeddable":true,"href":"https:\/\/pipraveski.ee\/en\/wp-json\/wp\/v2\/media\/4946"}],"wp:attachment":[{"href":"https:\/\/pipraveski.ee\/en\/wp-json\/wp\/v2\/media?parent=132"}],"wp:term":[{"taxonomy":"product_brand","embeddable":true,"href":"https:\/\/pipraveski.ee\/en\/wp-json\/wp\/v2\/product_brand?post=132"},{"taxonomy":"product_cat","embeddable":true,"href":"https:\/\/pipraveski.ee\/en\/wp-json\/wp\/v2\/product_cat?post=132"},{"taxonomy":"product_tag","embeddable":true,"href":"https:\/\/pipraveski.ee\/en\/wp-json\/wp\/v2\/product_tag?post=132"}],"curies":[{"name":"wp","href":"https:\/\/api.w.org\/{rel}","templated":true}]}}