{"id":131,"date":"2025-10-22T19:01:02","date_gmt":"2025-10-22T16:01:02","guid":{"rendered":"https:\/\/pipraveski.ee\/?post_type=product&#038;p=131"},"modified":"2026-04-17T11:32:43","modified_gmt":"2026-04-17T08:32:43","slug":"pho-supipasta-195g","status":"publish","type":"product","link":"https:\/\/pipraveski.ee\/en\/product\/pho-supipasta-195g\/","title":{"rendered":"Pho soup paste, 195g"},"content":{"rendered":"<p>See on vietnami pho supi p\u00f5hi. See on v\u00e4ga populaarne riisinuudlisupp veiselihapallidega. Lisa veidi Tai basiilikut ja koriandrit.<br \/>\nPho on traditsiooniline Vietnami supp, mis on valmistatud l\u00e4bipaistvast puljongist, nuudlitest ja \u00f5hukesteks viilutatud veiselihast. Sellised koostisosad nagu ingver, koriander, t\u00e4htaniis ja kaneel annavad teie roale aromaatse Vietnami maitse. Pho supipasta abil saate valmistada selle Vietnami toidu jaoks maitsva puljongi. Lisage v\u00e4rskeid koostisosi, nagu liha, vermi\u0161elli ja basiilikuleht, ning serveerige seda kergelt v\u00fcrtsikat suppi kaussidesse. Pho supipasta ei sisalda maitsetugevdajaid, s\u00e4ilitusaineid ega kunstlikke v\u00e4rvaineid.<\/p>\n<p><strong>Ingredients:<\/strong> vesi, sool, SOJAoad, suhkur, NISUjahu, sibul, ingver, k\u00fc\u00fcslauk, h\u00fcdrol\u00fc\u00fcsitud sojavalk, koriander, p\u00e4rmiekstrakt, t\u00e4htaniis, pipar, kaneel.<br \/>\n<strong>Allergens:<\/strong> NISU. Gluteeni sisaldavad TERAVILJAD, SOJAoad.<\/p>\n<p><strong>Toitev\u00e4\u00e4rtus<\/strong>100g kohta<br \/>\nEnergiasisaldus 1014kj \/242 kcal<br \/>\nRasvad, 10 g<br \/>\nmillest: k\u00fcllastunud rasvhapped, 1,6 g<br \/>\nS\u00fcsivesikud, 34 g<br \/>\nmillest suhkrud, 14 g<br \/>\nValgud, 1,6 g<br \/>\nSool, 16,6 g<\/p>","protected":false},"excerpt":{"rendered":"<p>See on vietnami pho supi p\u00f5hi. See on v\u00e4ga populaarne riisinuudlisupp veiselihapallidega. Lisa veidi Tai basiilikut ja koriandrit. Pho on traditsiooniline Vietnami supp, mis on valmistatud l\u00e4bipaistvast puljongist, nuudlitest ja \u00f5hukesteks viilutatud veiselihast. Sellised koostisosad nagu ingver, koriander, t\u00e4htaniis ja kaneel annavad teie roale aromaatse Vietnami maitse. Pho supipasta abil saate valmistada selle Vietnami toidu [&hellip;]<\/p>\n","protected":false},"featured_media":164,"template":"","meta":[],"product_brand":[],"product_cat":[308],"product_tag":[],"class_list":{"0":"post-131","1":"product","2":"type-product","3":"status-publish","4":"has-post-thumbnail","6":"product_cat-maitseaine-pastad-kastmed","8":"first","9":"instock","10":"taxable","11":"shipping-taxable","12":"purchasable","13":"product-type-simple"},"_links":{"self":[{"href":"https:\/\/pipraveski.ee\/en\/wp-json\/wp\/v2\/product\/131","targetHints":{"allow":["GET"]}}],"collection":[{"href":"https:\/\/pipraveski.ee\/en\/wp-json\/wp\/v2\/product"}],"about":[{"href":"https:\/\/pipraveski.ee\/en\/wp-json\/wp\/v2\/types\/product"}],"wp:featuredmedia":[{"embeddable":true,"href":"https:\/\/pipraveski.ee\/en\/wp-json\/wp\/v2\/media\/164"}],"wp:attachment":[{"href":"https:\/\/pipraveski.ee\/en\/wp-json\/wp\/v2\/media?parent=131"}],"wp:term":[{"taxonomy":"product_brand","embeddable":true,"href":"https:\/\/pipraveski.ee\/en\/wp-json\/wp\/v2\/product_brand?post=131"},{"taxonomy":"product_cat","embeddable":true,"href":"https:\/\/pipraveski.ee\/en\/wp-json\/wp\/v2\/product_cat?post=131"},{"taxonomy":"product_tag","embeddable":true,"href":"https:\/\/pipraveski.ee\/en\/wp-json\/wp\/v2\/product_tag?post=131"}],"curies":[{"name":"wp","href":"https:\/\/api.w.org\/{rel}","templated":true}]}}