{"id":1293,"date":"2025-10-22T19:05:36","date_gmt":"2025-10-22T16:05:36","guid":{"rendered":"https:\/\/pipraveski.ee\/?post_type=product&#038;p=1293"},"modified":"2026-04-17T11:32:56","modified_gmt":"2026-04-17T08:32:56","slug":"riisi-maitseaine-100g","status":"publish","type":"product","link":"https:\/\/pipraveski.ee\/en\/product\/riisi-maitseaine-100g\/","title":{"rendered":"Rice seasoning, 100g"},"content":{"rendered":"<p>\nMaitseainesegu riisi ja riisitoitude, ka k\u00f6\u00f6giviljatoitude maitsestamiseks.<\/p>\n<p>Koostisosad: suhkur, sool (22,4%), gl\u00fckoosisiirup, k\u00f6\u00f6giviljad (paprika, tomat, sibul, porgand, SELLER, porrulauk), naatriumglutamaat, valguh\u00fcdrol\u00fcsaat (rapsi), beetakaroteen, p\u00e4rmiekstrakt, karamell, petersell, B1 vitamiin.<\/p>\n<p>Kulunorm: 3 dl vett, 1,5dl riisi, 12g maitsesegu.<br \/>\n<strong>Suuremat pakendit soovides ootame teie e-kirja aadressile myyk@pipraveski.ee<\/strong><\/p>","protected":false},"excerpt":{"rendered":"<p>Maitseainesegu riisi ja riisitoitude maitsestamiseks.<\/p>","protected":false},"featured_media":1323,"template":"","meta":[],"product_brand":[],"product_cat":[307],"product_tag":[],"class_list":{"0":"post-1293","1":"product","2":"type-product","3":"status-publish","4":"has-post-thumbnail","6":"product_cat-maitseainesegud","8":"first","9":"instock","10":"taxable","11":"shipping-taxable","12":"purchasable","13":"product-type-simple"},"_links":{"self":[{"href":"https:\/\/pipraveski.ee\/en\/wp-json\/wp\/v2\/product\/1293","targetHints":{"allow":["GET"]}}],"collection":[{"href":"https:\/\/pipraveski.ee\/en\/wp-json\/wp\/v2\/product"}],"about":[{"href":"https:\/\/pipraveski.ee\/en\/wp-json\/wp\/v2\/types\/product"}],"wp:featuredmedia":[{"embeddable":true,"href":"https:\/\/pipraveski.ee\/en\/wp-json\/wp\/v2\/media\/1323"}],"wp:attachment":[{"href":"https:\/\/pipraveski.ee\/en\/wp-json\/wp\/v2\/media?parent=1293"}],"wp:term":[{"taxonomy":"product_brand","embeddable":true,"href":"https:\/\/pipraveski.ee\/en\/wp-json\/wp\/v2\/product_brand?post=1293"},{"taxonomy":"product_cat","embeddable":true,"href":"https:\/\/pipraveski.ee\/en\/wp-json\/wp\/v2\/product_cat?post=1293"},{"taxonomy":"product_tag","embeddable":true,"href":"https:\/\/pipraveski.ee\/en\/wp-json\/wp\/v2\/product_tag?post=1293"}],"curies":[{"name":"wp","href":"https:\/\/api.w.org\/{rel}","templated":true}]}}