{"id":1291,"date":"2025-10-22T19:05:36","date_gmt":"2025-10-22T16:05:36","guid":{"rendered":"https:\/\/pipraveski.ee\/?post_type=product&#038;p=1291"},"modified":"2026-04-17T11:32:34","modified_gmt":"2026-04-17T08:32:34","slug":"ajinomoto-e-naatriumglutamaat-50g","status":"publish","type":"product","link":"https:\/\/pipraveski.ee\/en\/product\/ajinomoto-e-naatriumglutamaat-50g\/","title":{"rendered":"Ajinomoto e. sodium glutamate, 50g"},"content":{"rendered":"<p><span style=\"font-family: Gilroy-Regular, Arial, Helvetica, sans-serif;font-size: 15px\">AJI-NO-MOTO MONOSODIUM GLUTAMATE (MSG) is the sodium salt of glutamic acid, one of the most abundant amino acids in our diet. Glutamate is naturally found in meat, fish, milk and many vegetables. MSG is the purest way to impart the taste of UMAMI. In food, it adds fullness and impact to the flavour, and adds mildness and complexity to the taste. By replicating these natural flavor components, AJI-NO-MOTO MONONATOMODIUM GLUTAMATE offers the extraordinary ability to enhance the flavor characteristics of your processed foods. We manufacture our sodium glutamate through advanced fermentation processes using natural ingredients. It is a versatile ingredient in many applications.<\/span><br style=\"font-family: Gilroy-Regular, Arial, Helvetica, sans-serif;font-size: 15px\" \/><br \/>\n<br style=\"font-family: Gilroy-Regular, Arial, Helvetica, sans-serif;font-size: 15px\" \/><br \/>\n<span style=\"font-family: Gilroy-Regular, Arial, Helvetica, sans-serif;font-size: 15px\">Ingredients:Sodium glutamate, purity greater than 99%. EEC number: E621, flavour enhancer.<\/span><\/p>","protected":false},"excerpt":{"rendered":"<p>AJI-NO-MOTO&nbsp;MONOSODIUM GLUTAMATE (MSG) on glutamiinhappe naatriumsool, \u00fcks meie toidus k\u00f5ige rikkalikumaid aminohappeid. Glutamaati leidub looduslikult lihas, kalas, piimas ja paljudes k\u00f6\u00f6giviljades. MSG on puhtaim viis UMAMI maitse edasiandmiseks. Toitudes annab see t\u00e4idluse ja m\u00f5ju maitsele ning annab maitsele maheduse ja keerukuse. Neid looduslikke maitsekomponente kopeerides pakub AJI-NO-MOTO MONONAATriumGLUTAMAAT erakordset v\u00f5imet parandada teie t\u00f6\u00f6deldud toitude maitseomadusi. [&hellip;]<\/p>\n","protected":false},"featured_media":1321,"template":"","meta":[],"product_brand":[],"product_cat":[307],"product_tag":[],"class_list":{"0":"post-1291","1":"product","2":"type-product","3":"status-publish","4":"has-post-thumbnail","6":"product_cat-maitseainesegud","8":"first","9":"instock","10":"taxable","11":"shipping-taxable","12":"purchasable","13":"product-type-simple"},"_links":{"self":[{"href":"https:\/\/pipraveski.ee\/en\/wp-json\/wp\/v2\/product\/1291","targetHints":{"allow":["GET"]}}],"collection":[{"href":"https:\/\/pipraveski.ee\/en\/wp-json\/wp\/v2\/product"}],"about":[{"href":"https:\/\/pipraveski.ee\/en\/wp-json\/wp\/v2\/types\/product"}],"wp:featuredmedia":[{"embeddable":true,"href":"https:\/\/pipraveski.ee\/en\/wp-json\/wp\/v2\/media\/1321"}],"wp:attachment":[{"href":"https:\/\/pipraveski.ee\/en\/wp-json\/wp\/v2\/media?parent=1291"}],"wp:term":[{"taxonomy":"product_brand","embeddable":true,"href":"https:\/\/pipraveski.ee\/en\/wp-json\/wp\/v2\/product_brand?post=1291"},{"taxonomy":"product_cat","embeddable":true,"href":"https:\/\/pipraveski.ee\/en\/wp-json\/wp\/v2\/product_cat?post=1291"},{"taxonomy":"product_tag","embeddable":true,"href":"https:\/\/pipraveski.ee\/en\/wp-json\/wp\/v2\/product_tag?post=1291"}],"curies":[{"name":"wp","href":"https:\/\/api.w.org\/{rel}","templated":true}]}}