{"id":129,"date":"2025-10-22T19:01:02","date_gmt":"2025-10-22T16:01:02","guid":{"rendered":"https:\/\/pipraveski.ee\/?post_type=product&#038;p=129"},"modified":"2026-04-17T11:32:35","modified_gmt":"2026-04-17T08:32:35","slug":"teekarud-soo-voi-joo-ingveri-ja-sidrunimaitseline-125g","status":"publish","type":"product","link":"https:\/\/pipraveski.ee\/en\/product\/teekarud-soo-voi-joo-ingveri-ja-sidrunimaitseline-125g\/","title":{"rendered":"Tea cups \u201cEat or Drink\u201d ginger and lemon flavoured, 125g"},"content":{"rendered":"<p>Make them into a delicious tea or quench your sweet tooth.<br \/>\nPlace 2-3 teaspoons in a cup of boiled water.<\/p>\n<p><strong>Ingredients:<\/strong> sugar, glucose syrup, gelatine, grape juice concentrate, acidifier: citric acid, flavour, grape extract, natural fruit sugars, plant extracts (safflower), apple juice concentrate, ginger root extract, (0,1%), apricot juice concentrate, pear juice concentrate, coating: palm wax, ginger (0,003%).<\/p>\n<p>Nutrition information per 100g<br \/>\nEnergy content 1503kJ \/354kcal<br \/>\nFat &lt;0,5g<br \/>\nof which saturated fatty acids 0,4g<br \/>\nCarbohydrates 81g<br \/>\nof which sugars 72g<br \/>\nProtein 4,8g<br \/>\nSalt 0,09g<br \/>\n&nbsp;<\/p>","protected":false},"excerpt":{"rendered":"<p>Valmista neist maitsev tee v\u00f5i kustuta magusaisu. Aseta 2-3 teekaru \u00fchte tassi keedetud vette Koostisosad: suhkur, gl\u00fckoosisiirup, \u017eelatiin, viinamarjamahla kontsentraat, hapestaja: sidrunhape, aroom, viinamarjaekstrakt, naturaalsed puuviljasuhkrud, taimeekstraktid (safloor), \u00f5unamahla kontsentraat, ingverijuure ekstraks, (0,1%), aprikoosimahla kontsentraat, pirnimahla kontsentraat, katteaine: palmivaha, ingver (0,003%). Toitumisalane teave 100g kohta Energiasisaldus 1503kJ \/354kcal Rasv &lt;0,5g millest k\u00fcllastunud rasvhapped 0,4g S\u00fcsivesikud [&hellip;]<\/p>\n","protected":false},"featured_media":161,"template":"","meta":[],"product_brand":[],"product_cat":[327],"product_tag":[],"class_list":{"0":"post-129","1":"product","2":"type-product","3":"status-publish","4":"has-post-thumbnail","6":"product_cat-kohv-tee","8":"first","9":"outofstock","10":"taxable","11":"shipping-taxable","12":"purchasable","13":"product-type-simple"},"_links":{"self":[{"href":"https:\/\/pipraveski.ee\/en\/wp-json\/wp\/v2\/product\/129","targetHints":{"allow":["GET"]}}],"collection":[{"href":"https:\/\/pipraveski.ee\/en\/wp-json\/wp\/v2\/product"}],"about":[{"href":"https:\/\/pipraveski.ee\/en\/wp-json\/wp\/v2\/types\/product"}],"wp:featuredmedia":[{"embeddable":true,"href":"https:\/\/pipraveski.ee\/en\/wp-json\/wp\/v2\/media\/161"}],"wp:attachment":[{"href":"https:\/\/pipraveski.ee\/en\/wp-json\/wp\/v2\/media?parent=129"}],"wp:term":[{"taxonomy":"product_brand","embeddable":true,"href":"https:\/\/pipraveski.ee\/en\/wp-json\/wp\/v2\/product_brand?post=129"},{"taxonomy":"product_cat","embeddable":true,"href":"https:\/\/pipraveski.ee\/en\/wp-json\/wp\/v2\/product_cat?post=129"},{"taxonomy":"product_tag","embeddable":true,"href":"https:\/\/pipraveski.ee\/en\/wp-json\/wp\/v2\/product_tag?post=129"}],"curies":[{"name":"wp","href":"https:\/\/api.w.org\/{rel}","templated":true}]}}