{"id":1289,"date":"2025-10-22T19:05:36","date_gmt":"2025-10-22T16:05:36","guid":{"rendered":"https:\/\/pipraveski.ee\/?post_type=product&#038;p=1289"},"modified":"2026-04-17T11:33:23","modified_gmt":"2026-04-17T08:33:23","slug":"kaste-karri-ja-mango-bio-210ml","status":"publish","type":"product","link":"https:\/\/pipraveski.ee\/en\/product\/kaste-karri-ja-mango-bio-210ml\/","title":{"rendered":"Sauce, Karri and Mango, BIO, 210ml"},"content":{"rendered":"<p style=\"font-size: 0.975rem;line-height: 1.5rem;margin: 0rem 0rem 1.25rem;, sans-serif\"><span style=\"font-size:14px\">Sanchoni grill- ja maitseainekaste Curry Mango maitseb imeliselt puuviljaselt ja eksootiliselt, kergelt v\u00fcrtsika karri noodiga ning \u00fcmardab ideaalse lisandina k\u00f5ik grillitud toidud.<\/span><\/p>\n<p style=\"font-size: 0.975rem;line-height: 1.5rem;margin: 0rem 0rem 1.25rem;, sans-serif\"><span style=\"font-size:14px\">Vegan &#8211; taimetoit&nbsp;&#8211; alkoholivaba &#8211; gluteenivaba.<\/p>\n<p><strong>Ingredients:&nbsp;<\/strong>P\u00e4evalille\u00f5li*, \u00f5unamahl* \u00f5unamahla kontsentraadist*, vesi, 11% mangop\u00fcree*, toor-roosuhkur*, tomatipasta* \u00fchekontsentraat, piiritus\u00e4\u00e4dikas*, 2,3% karrisegu* (sisaldab SINEPIT*), meresool, p\u00e4evalilleseemnejahu*, sidrunimahl* sidrunimahla kontsentraadist*, maisit\u00e4rklis*, Faba oa valk* Paksendaja: guarkummi* (01-09-02-23).<\/span><\/p>\n<p style=\"font-size: 0.975rem;line-height: 1.5rem;margin: 0rem 0rem 1.25rem;, sans-serif\"><font style=\", sans-serif;font-size: 15px\"><span style=\"font-size:14px\"><strong>Allergens:<\/strong> Sinep, apteegitill, koriander, k\u00f6\u00f6mned, lovage, mais, pipar, v\u00f5imalikud j\u00e4ljed: maap\u00e4hkel, p\u00e4hklid, seller, soja, india p\u00e4hkel, sarapuup\u00e4hkel, mandlid, p\u00e4hkel.<\/span><\/p>\n<p><strong>Nutritional value per 100g:<\/strong><\/font><br \/>\nEnergiasisaldus 1228 kJ \/ 293 kcal<br \/>\nRasvad 26,0g<br \/>\n&nbsp;millest k\u00fcllastunud rasvhappeid 2,7g<br \/>\nS\u00fcsivesikuid 14,0g<br \/>\n&nbsp;millest suhkruid 12,0g<br \/>\nProteiin1,6g<br \/>\nSalt 1,1g<\/p>","protected":false},"excerpt":{"rendered":"<p>Sanchoni grill- ja maitseainekaste Curry Mango maitseb imeliselt puuviljaselt ja eksootiliselt, kergelt v\u00fcrtsika karri noodiga ning \u00fcmardab ideaalse lisandina k\u00f5ik grillitud toidud. Vegan &#8211; taimetoit&nbsp;&#8211; alkoholivaba &#8211; gluteenivaba. Koostisosad:&nbsp;P\u00e4evalille\u00f5li*, \u00f5unamahl* \u00f5unamahla kontsentraadist*, vesi, 11% mangop\u00fcree*, toor-roosuhkur*, tomatipasta* \u00fchekontsentraat, piiritus\u00e4\u00e4dikas*, 2,3% karrisegu* (sisaldab SINEPIT*), meresool, p\u00e4evalilleseemnejahu*, sidrunimahl* sidrunimahla kontsentraadist*, maisit\u00e4rklis*, Faba oa valk* Paksendaja: guarkummi* (01-09-02-23). [&hellip;]<\/p>\n","protected":false},"featured_media":1319,"template":"","meta":[],"product_brand":[],"product_cat":[317],"product_tag":[],"class_list":{"0":"post-1289","1":"product","2":"type-product","3":"status-publish","4":"has-post-thumbnail","6":"product_cat-kastmed-sinepid-tsatnid","8":"first","9":"outofstock","10":"taxable","11":"shipping-taxable","12":"purchasable","13":"product-type-simple"},"_links":{"self":[{"href":"https:\/\/pipraveski.ee\/en\/wp-json\/wp\/v2\/product\/1289","targetHints":{"allow":["GET"]}}],"collection":[{"href":"https:\/\/pipraveski.ee\/en\/wp-json\/wp\/v2\/product"}],"about":[{"href":"https:\/\/pipraveski.ee\/en\/wp-json\/wp\/v2\/types\/product"}],"wp:featuredmedia":[{"embeddable":true,"href":"https:\/\/pipraveski.ee\/en\/wp-json\/wp\/v2\/media\/1319"}],"wp:attachment":[{"href":"https:\/\/pipraveski.ee\/en\/wp-json\/wp\/v2\/media?parent=1289"}],"wp:term":[{"taxonomy":"product_brand","embeddable":true,"href":"https:\/\/pipraveski.ee\/en\/wp-json\/wp\/v2\/product_brand?post=1289"},{"taxonomy":"product_cat","embeddable":true,"href":"https:\/\/pipraveski.ee\/en\/wp-json\/wp\/v2\/product_cat?post=1289"},{"taxonomy":"product_tag","embeddable":true,"href":"https:\/\/pipraveski.ee\/en\/wp-json\/wp\/v2\/product_tag?post=1289"}],"curies":[{"name":"wp","href":"https:\/\/api.w.org\/{rel}","templated":true}]}}