{"id":1280,"date":"2025-10-22T19:05:35","date_gmt":"2025-10-22T16:05:35","guid":{"rendered":"https:\/\/pipraveski.ee\/?post_type=product&#038;p=1280"},"modified":"2026-04-17T11:32:22","modified_gmt":"2026-04-17T08:32:22","slug":"marie-sharp-roheline-habanero-kaste-148ml","status":"publish","type":"product","link":"https:\/\/pipraveski.ee\/en\/product\/marie-sharp-roheline-habanero-kaste-148ml\/","title":{"rendered":"Marie Sharp, Green Habanero Sauce, 148ml"},"content":{"rendered":"<p><span style=\", sans-serif;font-size: 15.6px\">Paljude jaoks salajane n\u00e4pun\u00e4ide: See kaste on Kariibi mere piirkonnas v\u00e4ga populaarne. Kaste p\u00f5hineb Nopali viigikaktuse viljalihal ja saab oma v\u00fcrtsikuse ainult p\u00e4ikese k\u00e4es k\u00fcpsenud rohelisest Habanerosest. Kasutamiseks ebatavalises, kuid kulinaarses eksootilises k\u00f6\u00f6gis, mida kujundavad erilised maitsed veidi v\u00fcrtsikama ja puuviljasema noodiga.<\/p>\n<p>Sobib mereandide, linnuliha, salatite, guacamole ja salsa, spetsiaalsete Margarita variantide ja palju muu jaoks.<\/p>\n<p><strong>Ingredients:<\/strong>&nbsp;<\/span><span style=\", sans-serif;font-size: 15px\">Nopal viigikaktus, rohelised Habanero t\u0161illid, sibul, laimimahl, \u00e4\u00e4dikas, k\u00fc\u00fcslauk, sool.<\/span><\/p>\n<p><strong>Toitumisalane teave 100g kohta,<\/strong><br \/>\nEnergiasisaldus&nbsp; kJ \/ kcal 125\/30<br \/>\nFat 0,5g<br \/>\nK\u00fcllastunud rasvhapped 0,25%<br \/>\nS\u00fcsivesikud 4,1g<br \/>\nmillest suhkrud 2,7g<br \/>\nProtein 1,2g<br \/>\nSool 2,8g<\/p>\n<p><strong style=\"font-size: 13px\">Storage:<\/strong><span style=\"font-size: 13px\">&nbsp;p\u00e4rast avamist s\u00e4ilib toode temperatuuril alla 7 kraadi v\u00e4hemalt 6 kuud.<\/span><br \/>\n&nbsp;<\/p>","protected":false},"excerpt":{"rendered":"<p>Paljude jaoks salajane n\u00e4pun\u00e4ide: See kaste on Kariibi mere piirkonnas v\u00e4ga populaarne. Kaste p\u00f5hineb Nopali viigikaktuse viljalihal ja saab oma v\u00fcrtsikuse ainult p\u00e4ikese k\u00e4es k\u00fcpsenud rohelisest Habanerosest. Kasutamiseks ebatavalises, kuid kulinaarses eksootilises k\u00f6\u00f6gis, mida kujundavad erilised maitsed veidi v\u00fcrtsikama ja puuviljasema noodiga. Sobib mereandide, linnuliha, salatite, guacamole ja salsa, spetsiaalsete Margarita variantide ja palju muu [&hellip;]<\/p>\n","protected":false},"featured_media":1310,"template":"","meta":[],"product_brand":[],"product_cat":[317],"product_tag":[],"class_list":{"0":"post-1280","1":"product","2":"type-product","3":"status-publish","4":"has-post-thumbnail","6":"product_cat-kastmed-sinepid-tsatnid","8":"first","9":"instock","10":"taxable","11":"shipping-taxable","12":"purchasable","13":"product-type-simple"},"_links":{"self":[{"href":"https:\/\/pipraveski.ee\/en\/wp-json\/wp\/v2\/product\/1280","targetHints":{"allow":["GET"]}}],"collection":[{"href":"https:\/\/pipraveski.ee\/en\/wp-json\/wp\/v2\/product"}],"about":[{"href":"https:\/\/pipraveski.ee\/en\/wp-json\/wp\/v2\/types\/product"}],"wp:featuredmedia":[{"embeddable":true,"href":"https:\/\/pipraveski.ee\/en\/wp-json\/wp\/v2\/media\/1310"}],"wp:attachment":[{"href":"https:\/\/pipraveski.ee\/en\/wp-json\/wp\/v2\/media?parent=1280"}],"wp:term":[{"taxonomy":"product_brand","embeddable":true,"href":"https:\/\/pipraveski.ee\/en\/wp-json\/wp\/v2\/product_brand?post=1280"},{"taxonomy":"product_cat","embeddable":true,"href":"https:\/\/pipraveski.ee\/en\/wp-json\/wp\/v2\/product_cat?post=1280"},{"taxonomy":"product_tag","embeddable":true,"href":"https:\/\/pipraveski.ee\/en\/wp-json\/wp\/v2\/product_tag?post=1280"}],"curies":[{"name":"wp","href":"https:\/\/api.w.org\/{rel}","templated":true}]}}