{"id":1279,"date":"2025-10-22T19:05:35","date_gmt":"2025-10-22T16:05:35","guid":{"rendered":"https:\/\/pipraveski.ee\/?post_type=product&#038;p=1279"},"modified":"2026-04-17T11:33:08","modified_gmt":"2026-04-17T08:33:08","slug":"valge-tee-pai-mu-tan-60g","status":"publish","type":"product","link":"https:\/\/pipraveski.ee\/en\/product\/valge-tee-pai-mu-tan-60g\/","title":{"rendered":"White tea, Pai Mu Tan, 60g"},"content":{"rendered":"<p>Tea leaves harvested in spring are left to dry in the sun and gently roasted.<br \/>\nWhite tea is called the purest tea.<br \/>\nThe cream comes out light brown, with a soft taste.<\/p>\n<p>Add 2 teaspoons of tea to 300 ml of water, hold in 70\u00b0C water for 2 to 3 minutes.&nbsp;<\/p>","protected":false},"excerpt":{"rendered":"<p>Kevadel korjatud tee lehed on j\u00e4etud p\u00e4ikese k\u00e4tte kuivama ja \u00f5rnalt r\u00f6stitud. Valget teed kutsutakse k\u00f5ige puhtamaks teeks. T\u00f5mmis tuleb helepruun, pehme maitsega. 300 ml veele lisada 2 tee lusikat teed, 70\u00b0C vees hoida 2 kuni 3 minutit.&nbsp;<\/p>","protected":false},"featured_media":1309,"template":"","meta":[],"product_brand":[],"product_cat":[327],"product_tag":[],"class_list":{"0":"post-1279","1":"product","2":"type-product","3":"status-publish","4":"has-post-thumbnail","6":"product_cat-kohv-tee","8":"first","9":"instock","10":"taxable","11":"shipping-taxable","12":"purchasable","13":"product-type-simple"},"_links":{"self":[{"href":"https:\/\/pipraveski.ee\/en\/wp-json\/wp\/v2\/product\/1279","targetHints":{"allow":["GET"]}}],"collection":[{"href":"https:\/\/pipraveski.ee\/en\/wp-json\/wp\/v2\/product"}],"about":[{"href":"https:\/\/pipraveski.ee\/en\/wp-json\/wp\/v2\/types\/product"}],"wp:featuredmedia":[{"embeddable":true,"href":"https:\/\/pipraveski.ee\/en\/wp-json\/wp\/v2\/media\/1309"}],"wp:attachment":[{"href":"https:\/\/pipraveski.ee\/en\/wp-json\/wp\/v2\/media?parent=1279"}],"wp:term":[{"taxonomy":"product_brand","embeddable":true,"href":"https:\/\/pipraveski.ee\/en\/wp-json\/wp\/v2\/product_brand?post=1279"},{"taxonomy":"product_cat","embeddable":true,"href":"https:\/\/pipraveski.ee\/en\/wp-json\/wp\/v2\/product_cat?post=1279"},{"taxonomy":"product_tag","embeddable":true,"href":"https:\/\/pipraveski.ee\/en\/wp-json\/wp\/v2\/product_tag?post=1279"}],"curies":[{"name":"wp","href":"https:\/\/api.w.org\/{rel}","templated":true}]}}