{"id":1277,"date":"2025-10-22T19:05:35","date_gmt":"2025-10-22T16:05:35","guid":{"rendered":"https:\/\/pipraveski.ee\/?post_type=product&#038;p=1277"},"modified":"2026-04-17T11:32:33","modified_gmt":"2026-04-17T08:32:33","slug":"magus-ananassi-ja-tsilli-kaste-thaidancer-150ml","status":"publish","type":"product","link":"https:\/\/pipraveski.ee\/en\/product\/magus-ananassi-ja-tsilli-kaste-thaidancer-150ml\/","title":{"rendered":"Sweet pineapple and chilli sauce, ThaiDancer, 150ml"},"content":{"rendered":"<p>Proovi magusa ananassi-t\u0161illi kastet kindlasti riisiroal, n\u00e4iteks koos praetud krevettide v\u00f5i kanaga&#8230; Ettevaatust! Viib keele alla!<br \/>\nKaste sobib ka ideaalselt salatitele ja dipikastmeks.<\/p>\n<p>\nKoostisosad: ananass 35%, vesi, suhkur, t\u0161illi 3%, k\u00fc\u00fcslauk, modifitseeritud tapioki t\u00e4rklis, petersell, sool, antioks\u00fcdant: askorbiinhape, happesuse regulaator: \u00e4\u00e4dikhape, stabilisaator: ksantaankummi, p\u00e4rmiekstrakt.<br \/>\nP\u00e4rast avamist hoida k\u00fclmikus.<\/p>\n<p>S\u00e4ilitusaine-, v\u00e4rvaine-, maitsetugevdaja- ja gluteenivaba.<\/p>\n<p>Nutrition information per 100ml:<br \/>\nEnergia 654kJ\/154kcal<br \/>\nFats 0g<br \/>\nof which saturated fatty acids 0g<br \/>\nS\u00fcsivesikud 38g<br \/>\nmillest suhkrud 34g<br \/>\nKiudained 0,5 g<br \/>\nProtein 0g<br \/>\nSalt 1,6g<\/p>","protected":false},"excerpt":{"rendered":"<p>Salatitele ja dipikastmeks. S\u00e4ilitusaine-, v\u00e4rvaine-, maitsetugevdaja- ja gluteenivaba.<br \/>\nParim enne 25\/11\/2022.<\/p>","protected":false},"featured_media":1307,"template":"","meta":[],"product_brand":[264],"product_cat":[317],"product_tag":[],"class_list":{"0":"post-1277","1":"product","2":"type-product","3":"status-publish","4":"has-post-thumbnail","6":"product_brand-thai-dancer","7":"product_cat-kastmed-sinepid-tsatnid","9":"first","10":"instock","11":"taxable","12":"shipping-taxable","13":"purchasable","14":"product-type-simple"},"_links":{"self":[{"href":"https:\/\/pipraveski.ee\/en\/wp-json\/wp\/v2\/product\/1277","targetHints":{"allow":["GET"]}}],"collection":[{"href":"https:\/\/pipraveski.ee\/en\/wp-json\/wp\/v2\/product"}],"about":[{"href":"https:\/\/pipraveski.ee\/en\/wp-json\/wp\/v2\/types\/product"}],"wp:featuredmedia":[{"embeddable":true,"href":"https:\/\/pipraveski.ee\/en\/wp-json\/wp\/v2\/media\/1307"}],"wp:attachment":[{"href":"https:\/\/pipraveski.ee\/en\/wp-json\/wp\/v2\/media?parent=1277"}],"wp:term":[{"taxonomy":"product_brand","embeddable":true,"href":"https:\/\/pipraveski.ee\/en\/wp-json\/wp\/v2\/product_brand?post=1277"},{"taxonomy":"product_cat","embeddable":true,"href":"https:\/\/pipraveski.ee\/en\/wp-json\/wp\/v2\/product_cat?post=1277"},{"taxonomy":"product_tag","embeddable":true,"href":"https:\/\/pipraveski.ee\/en\/wp-json\/wp\/v2\/product_tag?post=1277"}],"curies":[{"name":"wp","href":"https:\/\/api.w.org\/{rel}","templated":true}]}}