{"id":1275,"date":"2025-10-22T19:05:35","date_gmt":"2025-10-22T16:05:35","guid":{"rendered":"https:\/\/pipraveski.ee\/?post_type=product&#038;p=1275"},"modified":"2026-04-17T11:33:08","modified_gmt":"2026-04-17T08:33:08","slug":"unagi-kaste-200ml","status":"publish","type":"product","link":"https:\/\/pipraveski.ee\/en\/product\/unagi-kaste-200ml\/","title":{"rendered":"Unagi sauce, 200ml"},"content":{"rendered":"<p>Unagi sauce, also known as Unagi no Tare or Angerja sauce, is traditionally served with grilled eel, but is also delicious with all kinds of sushi. Unagi sauce is perfect for adding a rich, sweet and savoury flavour to food. Use it as a glaze or seasoning for sushi, Japanese style BBQ such as grilled meats, fish, tofu and mushrooms. You can also use this sauce as a marinade for meat or as a sauce for freshly cooked noodles.<\/p>\n<p>Ingredients: fermented SOY sauce (water, salt, SOY beans, NISU), sugar, water, cassava starch, salt, stabilizer (E415), colour (E150d).<br \/>\nAllergy information: soy, wheat<\/p>\n<p>Storage information: keep in a cool, dry place.<\/p>\n<p>Nutrition information per 100 ml:<br \/>\nEnergy content 808kJ \/ 193kcal<br \/>\nFats 0g<br \/>\nof which saturated fatty acids 0g<br \/>\nCarbohydrates 44g<br \/>\nof which sugars 37g<br \/>\nProtein 3,9g<br \/>\nSalt 7,9g<\/p>","protected":false},"excerpt":{"rendered":"<p>Unagi kastet, tuntud ka kui Unagi no Tare v\u00f5i Angerja kastet, serveeritakse traditsiooniliselt grillangerjaga, kuid see on maitsev ka igasuguste sushidega. Unagi kaste sobib suurep\u00e4raselt toidule rikkaliku, magusa ja soolase maitse andmiseks. Kasutage seda glasuuri v\u00f5i maitseainena sushi, Jaapani stiilis BBQ jaoks nagu grillitud liha, kala, tofu ja seened. Seda kastet v\u00f5id kasutada ka liha [&hellip;]<\/p>\n","protected":false},"featured_media":1305,"template":"","meta":[],"product_brand":[286],"product_cat":[317],"product_tag":[],"class_list":{"0":"post-1275","1":"product","2":"type-product","3":"status-publish","4":"has-post-thumbnail","6":"product_brand-yummyto","7":"product_cat-kastmed-sinepid-tsatnid","9":"first","10":"outofstock","11":"taxable","12":"shipping-taxable","13":"purchasable","14":"product-type-simple"},"_links":{"self":[{"href":"https:\/\/pipraveski.ee\/en\/wp-json\/wp\/v2\/product\/1275","targetHints":{"allow":["GET"]}}],"collection":[{"href":"https:\/\/pipraveski.ee\/en\/wp-json\/wp\/v2\/product"}],"about":[{"href":"https:\/\/pipraveski.ee\/en\/wp-json\/wp\/v2\/types\/product"}],"wp:featuredmedia":[{"embeddable":true,"href":"https:\/\/pipraveski.ee\/en\/wp-json\/wp\/v2\/media\/1305"}],"wp:attachment":[{"href":"https:\/\/pipraveski.ee\/en\/wp-json\/wp\/v2\/media?parent=1275"}],"wp:term":[{"taxonomy":"product_brand","embeddable":true,"href":"https:\/\/pipraveski.ee\/en\/wp-json\/wp\/v2\/product_brand?post=1275"},{"taxonomy":"product_cat","embeddable":true,"href":"https:\/\/pipraveski.ee\/en\/wp-json\/wp\/v2\/product_cat?post=1275"},{"taxonomy":"product_tag","embeddable":true,"href":"https:\/\/pipraveski.ee\/en\/wp-json\/wp\/v2\/product_tag?post=1275"}],"curies":[{"name":"wp","href":"https:\/\/api.w.org\/{rel}","templated":true}]}}