{"id":127,"date":"2025-10-22T19:01:02","date_gmt":"2025-10-22T16:01:02","guid":{"rendered":"https:\/\/pipraveski.ee\/?post_type=product&#038;p=127"},"modified":"2026-04-17T11:32:45","modified_gmt":"2026-04-17T08:32:45","slug":"tsilliniidid-10g","status":"publish","type":"product","link":"https:\/\/pipraveski.ee\/en\/product\/tsilliniidid-10g\/","title":{"rendered":"Chillinides, HELA, 10g"},"content":{"rendered":"<p>Korea punase pipra t\u0161illi niidid on 2.5-3.5 cm pikad ja punakaspruunid kuivatamisel. Nad on sarnased teravuse tasemelt Aleppo purustatud punase piprale. Nendel niitidel on suitsune, v\u00e4rske maitse<\/p>\n<p>R\u00f6stige ainult minuti jooksul ja segage neid, et v\u00e4ltida nende k\u00f5rvetamist. Leotage niite 10-15 minutit vees.<\/p>\n<p>Traditsiooniliselt kasutatakse t\u0161illiniite kimchi kastmes ja garneeringuna. Neid v\u00f5ib lisada ka suppidele, \u00e4\u00e4dikatele ja lihatoitudele.<\/p>","protected":false},"excerpt":{"rendered":"<p>Korea punase pipra t\u0161illi niidid on 2.5-3.5 cm pikad ja punakaspruunid kuivatamisel<\/p>","protected":false},"featured_media":158,"template":"","meta":[],"product_brand":[244],"product_cat":[338],"product_tag":[],"class_list":{"0":"post-127","1":"product","2":"type-product","3":"status-publish","4":"has-post-thumbnail","6":"product_brand-hela","7":"product_cat-puhtad-maitsed","9":"first","10":"instock","11":"taxable","12":"shipping-taxable","13":"purchasable","14":"product-type-simple"},"_links":{"self":[{"href":"https:\/\/pipraveski.ee\/en\/wp-json\/wp\/v2\/product\/127","targetHints":{"allow":["GET"]}}],"collection":[{"href":"https:\/\/pipraveski.ee\/en\/wp-json\/wp\/v2\/product"}],"about":[{"href":"https:\/\/pipraveski.ee\/en\/wp-json\/wp\/v2\/types\/product"}],"wp:featuredmedia":[{"embeddable":true,"href":"https:\/\/pipraveski.ee\/en\/wp-json\/wp\/v2\/media\/158"}],"wp:attachment":[{"href":"https:\/\/pipraveski.ee\/en\/wp-json\/wp\/v2\/media?parent=127"}],"wp:term":[{"taxonomy":"product_brand","embeddable":true,"href":"https:\/\/pipraveski.ee\/en\/wp-json\/wp\/v2\/product_brand?post=127"},{"taxonomy":"product_cat","embeddable":true,"href":"https:\/\/pipraveski.ee\/en\/wp-json\/wp\/v2\/product_cat?post=127"},{"taxonomy":"product_tag","embeddable":true,"href":"https:\/\/pipraveski.ee\/en\/wp-json\/wp\/v2\/product_tag?post=127"}],"curies":[{"name":"wp","href":"https:\/\/api.w.org\/{rel}","templated":true}]}}