{"id":124,"date":"2025-10-22T19:01:02","date_gmt":"2025-10-22T16:01:02","guid":{"rendered":"https:\/\/pipraveski.ee\/?post_type=product&#038;p=124"},"modified":"2026-04-17T11:32:51","modified_gmt":"2026-04-17T08:32:51","slug":"laim-marineeritud-terav-pasco-260g","status":"publish","type":"product","link":"https:\/\/pipraveski.ee\/en\/product\/laim-marineeritud-terav-pasco-260g\/","title":{"rendered":"Lime, pickled, spicy, Pasco, 260g"},"content":{"rendered":"<p>Koostisosad: laim (laim, sool), rapsi\u00f5li, SINEP, lambal\u00e4\u00e4tseseemned, t\u0161illi, kurkum, \u00e4\u00e4dikhape. Toode v\u00f5ib sisaldada ja p\u00e4hklite j\u00e4\u00e4ke. Kasutada purgist nagu v\u00e4rsket k\u00fc\u00fcslauku ja ingverit. Enne tarvitamist kuumutada. Peale avamist s\u00e4ilitada jahedas ja kuivas, tarbida 1 kuu jooksul.<\/p>\n<p>See toode on valmistatud tehases, kus k\u00e4ideldakse maap\u00e4hkleid, p\u00e4hkleid, piima, sojat, mune, sulfiteid, sellerit ja sinepit.<\/p>\n<p>Nutrition information per 100g<br \/>\nEnergiasisaldus 997kJ \/ 205 kcal<br \/>\nRasvad 23,8<br \/>\nof which saturated fatty acids 1,2g<br \/>\nS\u00fcsivesikud 4,3g<br \/>\nof which sugars 2,3g<br \/>\nValgud 2,8 g<br \/>\nSalt 3,0 g<\/p>","protected":false},"excerpt":{"rendered":"<p>Marineeritud terav laim<\/p>","protected":false},"featured_media":154,"template":"","meta":[],"product_brand":[],"product_cat":[317],"product_tag":[],"class_list":{"0":"post-124","1":"product","2":"type-product","3":"status-publish","4":"has-post-thumbnail","6":"product_cat-kastmed-sinepid-tsatnid","8":"first","9":"outofstock","10":"taxable","11":"shipping-taxable","12":"purchasable","13":"product-type-simple"},"_links":{"self":[{"href":"https:\/\/pipraveski.ee\/en\/wp-json\/wp\/v2\/product\/124","targetHints":{"allow":["GET"]}}],"collection":[{"href":"https:\/\/pipraveski.ee\/en\/wp-json\/wp\/v2\/product"}],"about":[{"href":"https:\/\/pipraveski.ee\/en\/wp-json\/wp\/v2\/types\/product"}],"wp:featuredmedia":[{"embeddable":true,"href":"https:\/\/pipraveski.ee\/en\/wp-json\/wp\/v2\/media\/154"}],"wp:attachment":[{"href":"https:\/\/pipraveski.ee\/en\/wp-json\/wp\/v2\/media?parent=124"}],"wp:term":[{"taxonomy":"product_brand","embeddable":true,"href":"https:\/\/pipraveski.ee\/en\/wp-json\/wp\/v2\/product_brand?post=124"},{"taxonomy":"product_cat","embeddable":true,"href":"https:\/\/pipraveski.ee\/en\/wp-json\/wp\/v2\/product_cat?post=124"},{"taxonomy":"product_tag","embeddable":true,"href":"https:\/\/pipraveski.ee\/en\/wp-json\/wp\/v2\/product_tag?post=124"}],"curies":[{"name":"wp","href":"https:\/\/api.w.org\/{rel}","templated":true}]}}