{"id":1235,"date":"2025-10-22T19:05:23","date_gmt":"2025-10-22T16:05:23","guid":{"rendered":"https:\/\/pipraveski.ee\/?post_type=product&#038;p=1235"},"modified":"2026-04-17T11:32:51","modified_gmt":"2026-04-17T08:32:51","slug":"salsa-mexicana-verde-kaste-250-ml","status":"publish","type":"product","link":"https:\/\/pipraveski.ee\/en\/product\/salsa-mexicana-verde-kaste-250-ml\/","title":{"rendered":"Salsa Mexicana Verde kaste 250 ml"},"content":{"rendered":"<p>V\u00e4rsked tomatid, l\u00f5hnav koriander ja t\u0161illi annavad sellele traditsioonilisele Mehhiko kastmele meeldivalt pikantse maitse. Ideaalne k\u00f5ikidele Mehhiko roogadele nagu tortillakr\u00f5psud, tortillad, tacod ja quesadillad.<\/p>\n<p><strong>Storage:<\/strong><br \/>\nTootele tr\u00fckitud k\u00f5lblikkusaeg viitab k\u00fclmutamata ladustatud avamata tootele. P\u00e4rast avamist s\u00e4ilib toodet temperatuuril alla 7\u00b0C v\u00e4hemalt 1 n\u00e4dal.<\/p>\n<p><strong>Kuidas kasutada:<\/strong><br \/>\nAsetada lauale k\u00fclmalt v\u00f5i soojalt, sobib suurep\u00e4raselt n\u00e4putoidu v\u00f5i tortillakr\u00f5psude dipikastmeks. Seda saab kasutada ka pastakastmete t\u00e4iustamiseks v\u00f5i muude roogade maitsestamiseks.<\/p>\n<p><strong>Ingredients:<\/strong> Tomatillo, t\u0161illid, v\u00fcrtsid, jodeeritud sool, koriander, veini\u00e4\u00e4dikas.<br \/>\nv\u00f5ib sisaldada <strong>SOJA, PIIMA, SELLERIT ja SEESAMIT<\/strong><\/p>\n<p>Nutritional value per 100g:<br \/>\nEnergia 116KJ\/28kcal<br \/>\nRasv 0,8g<br \/>\nof which saturated fatty acids 0,1g<br \/>\nS\u00fcsivesikud 3,4g<br \/>\nmillest suhkur 3,3g<br \/>\nValk 0,8g<br \/>\nSalt 1,6g<\/p>","protected":false},"excerpt":{"rendered":"<p>Salsa Mexicana Verde on keskmiselt kuum, rammus roheline kaste. <\/p>","protected":false},"featured_media":1265,"template":"","meta":[],"product_brand":[],"product_cat":[317],"product_tag":[],"class_list":{"0":"post-1235","1":"product","2":"type-product","3":"status-publish","4":"has-post-thumbnail","6":"product_cat-kastmed-sinepid-tsatnid","8":"first","9":"instock","10":"taxable","11":"shipping-taxable","12":"purchasable","13":"product-type-simple"},"_links":{"self":[{"href":"https:\/\/pipraveski.ee\/en\/wp-json\/wp\/v2\/product\/1235","targetHints":{"allow":["GET"]}}],"collection":[{"href":"https:\/\/pipraveski.ee\/en\/wp-json\/wp\/v2\/product"}],"about":[{"href":"https:\/\/pipraveski.ee\/en\/wp-json\/wp\/v2\/types\/product"}],"wp:featuredmedia":[{"embeddable":true,"href":"https:\/\/pipraveski.ee\/en\/wp-json\/wp\/v2\/media\/1265"}],"wp:attachment":[{"href":"https:\/\/pipraveski.ee\/en\/wp-json\/wp\/v2\/media?parent=1235"}],"wp:term":[{"taxonomy":"product_brand","embeddable":true,"href":"https:\/\/pipraveski.ee\/en\/wp-json\/wp\/v2\/product_brand?post=1235"},{"taxonomy":"product_cat","embeddable":true,"href":"https:\/\/pipraveski.ee\/en\/wp-json\/wp\/v2\/product_cat?post=1235"},{"taxonomy":"product_tag","embeddable":true,"href":"https:\/\/pipraveski.ee\/en\/wp-json\/wp\/v2\/product_tag?post=1235"}],"curies":[{"name":"wp","href":"https:\/\/api.w.org\/{rel}","templated":true}]}}