{"id":1233,"date":"2025-10-22T19:05:23","date_gmt":"2025-10-22T16:05:23","guid":{"rendered":"https:\/\/pipraveski.ee\/?post_type=product&#038;p=1233"},"modified":"2026-04-17T11:31:48","modified_gmt":"2026-04-17T08:31:48","slug":"kaste-char-siu-lkk-397g","status":"publish","type":"product","link":"https:\/\/pipraveski.ee\/en\/product\/kaste-char-siu-lkk-397g\/","title":{"rendered":"Caste, Char Siu, LKK, 397g"},"content":{"rendered":"<p>Lee Kum Kee char siu kaste on klassikaline Hiina BBQ marinaad \u2013 char siu on Hiina BBQ sealiha. Parima Hiina BBQ jaoks serveerige neljale inimesele 500 g sealiha marinaadis 2 tundi v\u00f5i kauem 5 spl Lee Kum Kee char siu kastmes. R\u00f6sti ahjus 180 C juures, kuni keskosa j\u00f5uab 75 C juurde v\u00f5i k\u00fcpseta kiiresti k\u00f5rvetavalt kuumal BBQ-l. Kleepuva kuldse glasuuri saamiseks pintselda k\u00fcpsetamise viimastel minutitel meega.<\/p>\n<p>Hongkongi lemmikkastmebr\u00e4ndi Lee Kum Kee v\u00f5i hellitavalt tuntud LKK asutas kokk Shenzhenis Guangdongi k\u00fclas k\u00fcpsetatud austripoes. 1888. aastal avastas ta p\u00e4rast t\u00fcnni austreid k\u00e4\u00e4rima j\u00e4tmist, et need tekitavad maitsva rikkaliku pruuni vedeliku \u2013 t\u00e4nap\u00e4eva austrikastme. Ettev\u00f5te on nelja p\u00f5lvkonna jooksul j\u00e4tkuvalt kasvanud ja on n\u00fc\u00fcd auhinnatud maailmakuulus tootja.<\/p>\n<p>Koostisosad: suhkur, vesi, sool, mesi, SOJAOA pasta (vesi, sool, SOJAOAD, NISUjahu), SOJAkaste (vesi, sool, SOJAOAD, NISUjahu),&nbsp;modifitseeritud maisit\u00e4rklis, kuivatatud k\u00fc\u00fcslauk, v\u00fcrtsid, hape E260.<\/p>\n<p><strong style=\"font-size: 13px\">Nutrition information per 100g:<\/strong><br style=\"font-size: 13px\" \/><br \/>\n<span style=\"font-size: 13px\">Energiasisaldus 1058kJ \/ 249kcal<\/span><br style=\"font-size: 13px\" \/><br \/>\n<span style=\"font-size: 13px\">Fats 0,6g<\/span><br style=\"font-size: 13px\" \/><br \/>\n<span style=\"font-size: 13px\">of which saturated fatty acids 0,1g<br \/>\nS\u00fcsivesikud 60g<\/span><br style=\"font-size: 13px\" \/><br \/>\n<span style=\"font-size: 13px\">millest suhkrud 54g<\/span><br style=\"font-size: 13px\" \/><br \/>\n<span style=\"font-size: 13px\">Valgud 0,9g<\/span><br style=\"font-size: 13px\" \/><br \/>\n<span style=\"font-size: 13px\">Salt 11,1g<\/span><\/p>\n<p>Country of origin: China<\/p>","protected":false},"excerpt":{"rendered":"<p>Lee Kum Kee char siu kaste on klassikaline Hiina BBQ marinaad.<\/p>","protected":false},"featured_media":1263,"template":"","meta":[],"product_brand":[],"product_cat":[317],"product_tag":[],"class_list":{"0":"post-1233","1":"product","2":"type-product","3":"status-publish","4":"has-post-thumbnail","6":"product_cat-kastmed-sinepid-tsatnid","8":"first","9":"outofstock","10":"taxable","11":"shipping-taxable","12":"purchasable","13":"product-type-simple"},"_links":{"self":[{"href":"https:\/\/pipraveski.ee\/en\/wp-json\/wp\/v2\/product\/1233","targetHints":{"allow":["GET"]}}],"collection":[{"href":"https:\/\/pipraveski.ee\/en\/wp-json\/wp\/v2\/product"}],"about":[{"href":"https:\/\/pipraveski.ee\/en\/wp-json\/wp\/v2\/types\/product"}],"wp:featuredmedia":[{"embeddable":true,"href":"https:\/\/pipraveski.ee\/en\/wp-json\/wp\/v2\/media\/1263"}],"wp:attachment":[{"href":"https:\/\/pipraveski.ee\/en\/wp-json\/wp\/v2\/media?parent=1233"}],"wp:term":[{"taxonomy":"product_brand","embeddable":true,"href":"https:\/\/pipraveski.ee\/en\/wp-json\/wp\/v2\/product_brand?post=1233"},{"taxonomy":"product_cat","embeddable":true,"href":"https:\/\/pipraveski.ee\/en\/wp-json\/wp\/v2\/product_cat?post=1233"},{"taxonomy":"product_tag","embeddable":true,"href":"https:\/\/pipraveski.ee\/en\/wp-json\/wp\/v2\/product_tag?post=1233"}],"curies":[{"name":"wp","href":"https:\/\/api.w.org\/{rel}","templated":true}]}}