{"id":123,"date":"2025-10-22T19:01:02","date_gmt":"2025-10-22T16:01:02","guid":{"rendered":"https:\/\/pipraveski.ee\/?post_type=product&#038;p=123"},"modified":"2026-04-17T11:32:15","modified_gmt":"2026-04-17T08:32:15","slug":"vurtsipasta-nasi-goreng-ahg-50g","status":"publish","type":"product","link":"https:\/\/pipraveski.ee\/en\/product\/vurtsipasta-nasi-goreng-ahg-50g\/","title":{"rendered":"V\u00fcrtsipasta, Indoneesia Nasi Goreng, AHG, 50g"},"content":{"rendered":"<p>Indoneesiap\u00e4rane v\u00fcrtsisegu Nasi Goreng, mis toob praetud riisile maitsva kombinatsiooni tamarindist, kuivatatud krevettidest ja t\u0161illist.<\/p>\n<p>No added MSG, preservatives or artificial colours.<\/p>\n<p>Preparation (4 servings):<br \/>\nVaja l\u00e4heb:<br \/>\n<em>1 pakk Indoneesia Nasi Goreng V\u00fcrtsipasta&nbsp;<\/em><em style=\"margin: 0px;padding: 0px;font-size: 16px;line-height: inherit;, Helvetica-Neue, Helvetica, Arial, sans-serif;vertical-align: baseline\">\u2013<\/em><em>&nbsp;2-3 spl&nbsp;<a href=\"http:\/\/www.pipar.ee\/tooted\/kookosoli-bigelephant-500ml\/\" target=\"_blank\" rel=\"noopener\">kookos\u00f5li<\/a>&nbsp;<\/em><em style=\"margin: 0px;padding: 0px;font-size: 16px;line-height: inherit;, Helvetica-Neue, Helvetica, Arial, sans-serif;vertical-align: baseline\">\u2013&nbsp;<\/em>250 g kooritud <span style=\"font-size:12px\">krevette<\/span>&nbsp;<em style=\"margin: 0px;padding: 0px;font-size: 16px;line-height: inherit;, Helvetica-Neue, Helvetica, Arial, sans-serif;vertical-align: baseline\">\u2013&nbsp;<\/em><em>150 g&nbsp;<a href=\"http:\/\/www.pipar.ee\/tooted\/munanuudlid-spring-happiness-500g\/\" target=\"_blank\" rel=\"noopener\">munanuudleid<\/a>&nbsp;<\/em><em style=\"margin: 0px;padding: 0px;font-size: 16px;line-height: inherit;, Helvetica-Neue, Helvetica, Arial, sans-serif;vertical-align: baseline\">\u2013&nbsp;<\/em><br \/>\n<em>2 tomatit, l\u00f5igatud sektoriteks&nbsp;<\/em><em style=\"margin: 0px;padding: 0px;font-size: 16px;line-height: inherit;, Helvetica-Neue, Helvetica, Arial, sans-serif;vertical-align: baseline\">\u2013&nbsp;<\/em><em>2 muna&nbsp;<\/em><em style=\"margin: 0px;padding: 0px;font-size: 16px;line-height: inherit;, Helvetica-Neue, Helvetica, Arial, sans-serif;vertical-align: baseline\">\u2013&nbsp;<span style=\"font-size:12px\">600g keedetud riisi<\/span> \u2013 <span style=\"font-size:12px\">G<\/span><\/em><em>arneeringuks,<\/em><em style=\"margin: 0px;padding: 0px;font-size: 16px;line-height: inherit;, Helvetica-Neue, Helvetica, Arial, sans-serif;vertical-align: baseline\">&nbsp;<span style=\"font-size:12px\">t<\/span><\/em><em>\u00fckeldatud koriander, \u00f5hukeselt viilutatud punane t\u0161illi v\u00f5i praetud muna<\/em><\/p>\n<p>Preparation:<br \/>\n1. Kuumutage \u00f5li wokkpannil v\u00f5i tavalisel pannil keskmisel-k\u00f5rgel kuumusel. Lisage krevetid ja segage 2-3 minutit.<br \/>\n2. L\u00fckake krevetid \u00fchele k\u00fcljele. Lisage muna ja k\u00fcpsetage 1 minut. Lisage riis ja v\u00fcrtsipasta. Prae segades 3 minutit.<br \/>\n3. Lisage tomatid ja segage. Garneeri<\/p>\n<p>Krevettide asemel v\u00f5ib kasutada veiseliha, lambaliha v\u00f5i kana<\/p>\n<p>Koostisosad: Tomatipasta, \u0161alottsibulad, SOJA\u00f5li, sool, SOJAkaste (vesi, suhkur, SOJAuba, sool, NISUjahu), tamarind (4%), k\u00fc\u00fcslauk, kuivatatud KREVETID (4%), suhkur, punane t\u0161illi (4%), KREVETIpasta (KREVETID, sool).<\/p>\n<p>Hoida otsese p\u00e4ikesevalguse eest ja hoida jahedas, kuivas kohas. P\u00e4rast avamist kasutage kohe.<\/p>\n<p>Nutrition information per 100g:<br \/>\nEnergiasisaldus 795KJ\/190kcal<br \/>\nRasvad 11g<br \/>\nmillest k\u00fcllastunud rasvhapped 1,8g<br \/>\nS\u00fcsivesikud 16g<br \/>\nof which sugars 8,3g<br \/>\nKiudaineid 5,3g<br \/>\nValgud 5,3g<br \/>\nSool 10,4g<\/p>\n<p>Country of origin: Thailand<\/p>","protected":false},"excerpt":{"rendered":"<p>V\u00fcrtsipasta Indoneesia praetud riisile (mahe)<\/p>","protected":false},"featured_media":153,"template":"","meta":[],"product_brand":[266],"product_cat":[308],"product_tag":[],"class_list":{"0":"post-123","1":"product","2":"type-product","3":"status-publish","4":"has-post-thumbnail","6":"product_brand-ahg","7":"product_cat-maitseaine-pastad-kastmed","9":"first","10":"instock","11":"taxable","12":"shipping-taxable","13":"purchasable","14":"product-type-simple"},"_links":{"self":[{"href":"https:\/\/pipraveski.ee\/en\/wp-json\/wp\/v2\/product\/123","targetHints":{"allow":["GET"]}}],"collection":[{"href":"https:\/\/pipraveski.ee\/en\/wp-json\/wp\/v2\/product"}],"about":[{"href":"https:\/\/pipraveski.ee\/en\/wp-json\/wp\/v2\/types\/product"}],"wp:featuredmedia":[{"embeddable":true,"href":"https:\/\/pipraveski.ee\/en\/wp-json\/wp\/v2\/media\/153"}],"wp:attachment":[{"href":"https:\/\/pipraveski.ee\/en\/wp-json\/wp\/v2\/media?parent=123"}],"wp:term":[{"taxonomy":"product_brand","embeddable":true,"href":"https:\/\/pipraveski.ee\/en\/wp-json\/wp\/v2\/product_brand?post=123"},{"taxonomy":"product_cat","embeddable":true,"href":"https:\/\/pipraveski.ee\/en\/wp-json\/wp\/v2\/product_cat?post=123"},{"taxonomy":"product_tag","embeddable":true,"href":"https:\/\/pipraveski.ee\/en\/wp-json\/wp\/v2\/product_tag?post=123"}],"curies":[{"name":"wp","href":"https:\/\/api.w.org\/{rel}","templated":true}]}}