{"id":1224,"date":"2025-10-22T19:05:23","date_gmt":"2025-10-22T16:05:23","guid":{"rendered":"https:\/\/pipraveski.ee\/?post_type=product&#038;p=1224"},"modified":"2026-04-17T11:32:26","modified_gmt":"2026-04-17T08:32:26","slug":"karripasta-panang-maepoly-400g","status":"publish","type":"product","link":"https:\/\/pipraveski.ee\/en\/product\/karripasta-panang-maepoly-400g\/","title":{"rendered":"Curry paste, Panang, MaePoly, 400g"},"content":{"rendered":"<p>Maap\u00e4hkli maitseline Panang karripasta loomaliha karrile.<\/p>\n<p>Usage:<br \/>\nKuumuta segades 50g* karripastat 400ml kookospiimaga.<br \/>\nLisa 200g liha, kaffirlaimi v\u00f5i sidruni lehti, k\u00fcpseta valmimiseni.<br \/>\nSoovi korral maitsesta t\u0161illi ja\/v\u00f5i kalakastmega. Serveeri riisiga.<br \/>\n*Mahedama maitse saamiseks, lisa poole v\u00e4hem karripastat.<\/p>\n<p>Koostisosad: kuivatatud punane t\u0161illi, sidrunhein, \u0161allot, sool, k\u00fc\u00fcslauk, kalgan, mungoad, KREVETIpasta (KREVETID, sool), kaffirlaimi koor, koriander, v\u00fcrtsk\u00f6\u00f6men, pipar.<br \/>\nMay contain fish residues.<br \/>\nToode vajab kuumutamist enne tarbimist.<\/p>\n<p>Ei ole lisatud MSG-d, s\u00e4ilitusaineid, kunstlikke v\u00e4rvaineid.<\/p>\n<p>Nutrition information per 100g:<br \/>\nEnergiasisaldus 596kJ\/141kcal<br \/>\nFats 2,1g<br \/>\nof which saturated fatty acids 0,5g<br \/>\nCarbohydrates 25g<br \/>\nmillest suhkrud 4,4g<br \/>\nValgud 5,8g<br \/>\nSool 14,4g<\/p>\n<p>Country of origin: Thailand<\/p>","protected":false},"excerpt":{"rendered":"<p>Panang karripasta loomalihale<\/p>","protected":false},"featured_media":1254,"template":"","meta":[],"product_brand":[],"product_cat":[308],"product_tag":[],"class_list":{"0":"post-1224","1":"product","2":"type-product","3":"status-publish","4":"has-post-thumbnail","6":"product_cat-maitseaine-pastad-kastmed","8":"first","9":"instock","10":"taxable","11":"shipping-taxable","12":"purchasable","13":"product-type-simple"},"_links":{"self":[{"href":"https:\/\/pipraveski.ee\/en\/wp-json\/wp\/v2\/product\/1224","targetHints":{"allow":["GET"]}}],"collection":[{"href":"https:\/\/pipraveski.ee\/en\/wp-json\/wp\/v2\/product"}],"about":[{"href":"https:\/\/pipraveski.ee\/en\/wp-json\/wp\/v2\/types\/product"}],"wp:featuredmedia":[{"embeddable":true,"href":"https:\/\/pipraveski.ee\/en\/wp-json\/wp\/v2\/media\/1254"}],"wp:attachment":[{"href":"https:\/\/pipraveski.ee\/en\/wp-json\/wp\/v2\/media?parent=1224"}],"wp:term":[{"taxonomy":"product_brand","embeddable":true,"href":"https:\/\/pipraveski.ee\/en\/wp-json\/wp\/v2\/product_brand?post=1224"},{"taxonomy":"product_cat","embeddable":true,"href":"https:\/\/pipraveski.ee\/en\/wp-json\/wp\/v2\/product_cat?post=1224"},{"taxonomy":"product_tag","embeddable":true,"href":"https:\/\/pipraveski.ee\/en\/wp-json\/wp\/v2\/product_tag?post=1224"}],"curies":[{"name":"wp","href":"https:\/\/api.w.org\/{rel}","templated":true}]}}