{"id":122,"date":"2025-10-22T19:01:02","date_gmt":"2025-10-22T16:01:02","guid":{"rendered":"https:\/\/pipraveski.ee\/?post_type=product&#038;p=122"},"modified":"2026-04-17T11:32:51","modified_gmt":"2026-04-17T08:32:51","slug":"lamb-steak-lambaliha-vurtsisegu-110g","status":"publish","type":"product","link":"https:\/\/pipraveski.ee\/en\/product\/lamb-steak-lambaliha-vurtsisegu-110g\/","title":{"rendered":"Lamb Steak, lamb spice mix, HELA, 110g"},"content":{"rendered":"<p>For lamb, steak or oil marinade.<\/p>\n<p>Recommended intake: 15g per 1kg.<br \/>\nIngredients: paprika, parsley, marjoram, salt, flavour enhancer: E621, dextrose, peppercorns, sage, sugar, oregano, garlic, pepper, nutmeg, thyme, dill, basil, herbs and spices (including SELLER), antioxidant: L-ascorbic acid.<br \/>\n<strong>Suuremat pakendit soovides ootame teie e-kirja aadressile myyk@pipraveski.ee<\/strong><\/p>","protected":false},"excerpt":{"rendered":"<p>Lambalihale, praeliha v\u00f5i \u00f5limarinaadi valmistamiseks. Soovituslik kulunorm: 15g \/ 1kg kohta. Koostisosad: paprika, petersell, majoraan, sool, maitsetugevdaja: E621, dekstroos, piparrohi, salvei, suhkur, oregano, k\u00fc\u00fcslauk, pipar, muskaatp\u00e4hkel, t\u00fc\u00fcmian, till, basiilik, \u00fcrdid ja v\u00fcrtsid (sh SELLER), antioks\u00fcdant: L-askorbiinhape. Suuremat pakendit soovides ootame teie e-kirja aadressile myyk@pipraveski.ee<\/p>","protected":false},"featured_media":152,"template":"","meta":[],"product_brand":[244],"product_cat":[307],"product_tag":[],"class_list":{"0":"post-122","1":"product","2":"type-product","3":"status-publish","4":"has-post-thumbnail","6":"product_brand-hela","7":"product_cat-maitseainesegud","9":"first","10":"outofstock","11":"sale","12":"taxable","13":"shipping-taxable","14":"purchasable","15":"product-type-simple"},"_links":{"self":[{"href":"https:\/\/pipraveski.ee\/en\/wp-json\/wp\/v2\/product\/122","targetHints":{"allow":["GET"]}}],"collection":[{"href":"https:\/\/pipraveski.ee\/en\/wp-json\/wp\/v2\/product"}],"about":[{"href":"https:\/\/pipraveski.ee\/en\/wp-json\/wp\/v2\/types\/product"}],"wp:featuredmedia":[{"embeddable":true,"href":"https:\/\/pipraveski.ee\/en\/wp-json\/wp\/v2\/media\/152"}],"wp:attachment":[{"href":"https:\/\/pipraveski.ee\/en\/wp-json\/wp\/v2\/media?parent=122"}],"wp:term":[{"taxonomy":"product_brand","embeddable":true,"href":"https:\/\/pipraveski.ee\/en\/wp-json\/wp\/v2\/product_brand?post=122"},{"taxonomy":"product_cat","embeddable":true,"href":"https:\/\/pipraveski.ee\/en\/wp-json\/wp\/v2\/product_cat?post=122"},{"taxonomy":"product_tag","embeddable":true,"href":"https:\/\/pipraveski.ee\/en\/wp-json\/wp\/v2\/product_tag?post=122"}],"curies":[{"name":"wp","href":"https:\/\/api.w.org\/{rel}","templated":true}]}}